{"id":1427,"date":"2024-11-23T20:25:50","date_gmt":"2024-11-23T20:25:50","guid":{"rendered":"https:\/\/vivalavidalongevity.com\/?page_id=1427"},"modified":"2025-03-05T15:09:34","modified_gmt":"2025-03-05T15:09:34","slug":"expo-zone","status":"publish","type":"page","link":"https:\/\/vivalavidalongevity.com\/az\/expo-zone\/","title":{"rendered":"EXPO ZONE"},"content":{"rendered":"<div data-elementor-type=\"wp-page\" data-elementor-id=\"1427\" class=\"elementor elementor-1427\" data-elementor-post-type=\"page\">\n\t\t\t\t\t\t<section class=\"elementor-section elementor-top-section elementor-element elementor-element-bca8394 elementor-section-stretched elementor-section-height-min-height elementor-section-boxed elementor-section-height-default elementor-section-items-middle\" data-id=\"bca8394\" data-element_type=\"section\" data-e-type=\"section\" data-settings=\"{&quot;stretch_section&quot;:&quot;section-stretched&quot;,&quot;background_background&quot;:&quot;slideshow&quot;,&quot;background_slideshow_gallery&quot;:[{&quot;id&quot;:3624,&quot;url&quot;:&quot;https:\\\/\\\/vivalavidalongevity.com\\\/wp-content\\\/uploads\\\/2025\\\/01\\\/3W8C2441.jpg&quot;},{&quot;id&quot;:3623,&quot;url&quot;:&quot;https:\\\/\\\/vivalavidalongevity.com\\\/wp-content\\\/uploads\\\/2025\\\/01\\\/3W8C2442.jpg&quot;},{&quot;id&quot;:3622,&quot;url&quot;:&quot;https:\\\/\\\/vivalavidalongevity.com\\\/wp-content\\\/uploads\\\/2025\\\/01\\\/3W8C2448.jpg&quot;},{&quot;id&quot;:3621,&quot;url&quot;:&quot;https:\\\/\\\/vivalavidalongevity.com\\\/wp-content\\\/uploads\\\/2025\\\/01\\\/3W8C2450.jpg&quot;},{&quot;id&quot;:3620,&quot;url&quot;:&quot;https:\\\/\\\/vivalavidalongevity.com\\\/wp-content\\\/uploads\\\/2025\\\/01\\\/3W8C2454.jpg&quot;},{&quot;id&quot;:3618,&quot;url&quot;:&quot;https:\\\/\\\/vivalavidalongevity.com\\\/wp-content\\\/uploads\\\/2025\\\/01\\\/3W8C2624.jpg&quot;}],&quot;background_slideshow_slide_duration&quot;:2000,&quot;shape_divider_bottom&quot;:&quot;mountains&quot;,&quot;background_slideshow_loop&quot;:&quot;yes&quot;,&quot;background_slideshow_slide_transition&quot;:&quot;fade&quot;,&quot;background_slideshow_transition_duration&quot;:500}\">\n\t\t\t\t\t\t\t<div class=\"elementor-background-overlay\"><\/div>\n\t\t\t\t\t\t<div class=\"elementor-shape elementor-shape-bottom\" aria-hidden=\"true\" data-negative=\"false\">\n\t\t\t<svg xmlns=\"http:\/\/www.w3.org\/2000\/svg\" viewbox=\"0 0 1000 100\" preserveaspectratio=\"none\">\n\t<path class=\"elementor-shape-fill\" opacity=\"0.33\" d=\"M473,67.3c-203.9,88.3-263.1-34-320.3,0C66,119.1,0,59.7,0,59.7V0h1000v59.7 c0,0-62.1,26.1-94.9,29.3c-32.8,3.3-62.8-12.3-75.8-22.1C806,49.6,745.3,8.7,694.9,4.7S492.4,59,473,67.3z\"\/>\n\t<path class=\"elementor-shape-fill\" opacity=\"0.66\" d=\"M734,67.3c-45.5,0-77.2-23.2-129.1-39.1c-28.6-8.7-150.3-10.1-254,39.1 s-91.7-34.4-149.2,0C115.7,118.3,0,39.8,0,39.8V0h1000v36.5c0,0-28.2-18.5-92.1-18.5C810.2,18.1,775.7,67.3,734,67.3z\"\/>\n\t<path class=\"elementor-shape-fill\" d=\"M766.1,28.9c-200-57.5-266,65.5-395.1,19.5C242,1.8,242,5.4,184.8,20.6C128,35.8,132.3,44.9,89.9,52.5C28.6,63.7,0,0,0,0 h1000c0,0-9.9,40.9-83.6,48.1S829.6,47,766.1,28.9z\"\/>\n<\/svg>\t\t<\/div>\n\t\t\t\t\t<div class=\"elementor-container elementor-column-gap-default\">\n\t\t\t\t\t<div class=\"elementor-column elementor-col-100 elementor-top-column elementor-element elementor-element-4900d72\" data-id=\"4900d72\" data-element_type=\"column\" data-e-type=\"column\">\n\t\t\t<div class=\"elementor-widget-wrap\">\n\t\t\t\t\t\t\t<\/div>\n\t\t<\/div>\n\t\t\t\t\t<\/div>\n\t\t<\/section>\n\t\t\t\t<section class=\"elementor-section elementor-top-section elementor-element elementor-element-95df2b3 elementor-section-content-middle elementor-section-boxed elementor-section-height-default elementor-section-height-default\" data-id=\"95df2b3\" data-element_type=\"section\" data-e-type=\"section\">\n\t\t\t\t\t\t<div class=\"elementor-container elementor-column-gap-default\">\n\t\t\t\t\t<div class=\"elementor-column elementor-col-50 elementor-top-column elementor-element elementor-element-26138cd9\" data-id=\"26138cd9\" data-element_type=\"column\" data-e-type=\"column\">\n\t\t\t<div class=\"elementor-widget-wrap elementor-element-populated\">\n\t\t\t\t\t\t<div class=\"elementor-element elementor-element-4cc1166c elementor-widget elementor-widget-heading\" data-id=\"4cc1166c\" data-element_type=\"widget\" data-e-type=\"widget\" data-widget_type=\"heading.default\">\n\t\t\t\t<div class=\"elementor-widget-container\">\n\t\t\t\t\t<h2 class=\"elementor-heading-title elementor-size-default\">EXPO ZONE<\/h2>\t\t\t\t<\/div>\n\t\t\t\t<\/div>\n\t\t\t\t<div class=\"elementor-element elementor-element-1571061 elementor-widget elementor-widget-cz_working_hours\" data-id=\"1571061\" data-element_type=\"widget\" data-e-type=\"widget\" data-widget_type=\"cz_working_hours.default\">\n\t\t\t\t<div class=\"elementor-widget-container\">\n\t\t\t\t\t<div class=\"cz_wh\"><div class=\"mb10 last0 clr\"><div class=\"clr\"><span class=\"cz_wh_left\"><i class=\"mr8 czi czico-111-clock\"><\/i><b>\u0130\u015f saatlar\u0131 <\/b><\/span><span class=\"cz_wh_right\">10:00 - 19:00<\/span><\/div><div class=\"cz_wh_line\"><\/div><\/div><\/div>\t\t\t\t<\/div>\n\t\t\t\t<\/div>\n\t\t\t\t<div class=\"elementor-element elementor-element-659b6cd8 elementor-widget elementor-widget-text-editor\" data-id=\"659b6cd8\" data-element_type=\"widget\" data-e-type=\"widget\" data-widget_type=\"text-editor.default\">\n\t\t\t\t<div class=\"elementor-widget-container\">\n\t\t\t\t\t\t\t\t\t<h4>Aktiv Uzun\u00f6m\u00fcrl\u00fcl\u00fck Camp D\u00fc\u015f\u0259rg\u0259sinin Expo Zonas\u0131 \u0130lham v\u0259 g\u0259l\u0259c\u0259y\u0259 qay\u011f\u0131 il\u0259 m\u00fcasir texnologiyalar\u0131n, elmin v\u0259 sa\u011flam h\u0259yat t\u0259rzinin \u0259n yax\u015f\u0131 t\u0259cr\u00fcb\u0259l\u0259rinin bir araya g\u0259ldiyi unikal m\u0259kan.<\/h4><h4>Burada h\u0259r bir ziyar\u0259t\u00e7i g\u0259ncliyin uzad\u0131lmas\u0131, enerjinin qorunmas\u0131 v\u0259 h\u0259yat keyfiyy\u0259tinin yax\u015f\u0131la\u015fd\u0131r\u0131lmas\u0131 \u00fc\u00e7\u00fcn innovativ h\u0259ll\u0259ri k\u0259\u015ff ed\u0259 bil\u0259r. Expo zonas\u0131nda t\u0259qdim olunur:<\/h4>\t\t\t\t\t\t\t\t<\/div>\n\t\t\t\t<\/div>\n\t\t\t\t<div class=\"elementor-element elementor-element-bc09e84 elementor-widget elementor-widget-cz_stylish_list\" data-id=\"bc09e84\" data-element_type=\"widget\" data-e-type=\"widget\" data-widget_type=\"cz_stylish_list.default\">\n\t\t\t\t<div class=\"elementor-widget-container\">\n\t\t\t\t\t<ul class=\"cz_stylish_list clr cz_sl_icon_hover_none\"><li class=\"elementor-repeater-item-68a643f clr\"><div class=\"cz_sl_icon\"><i class=\"mr10 fas fa-caret-right\"><\/i><\/div><div><span>Tibbi v\u0259 wellness texnologiyalar\u0131 \u2013 orqanizmin diaqnostikas\u0131, genetik testl\u0259r, m\u00fcasir uzun\u00f6m\u00fcrl\u00fcl\u00fck metodlar\u0131.<\/span><\/div><\/li><li class=\"elementor-repeater-item-d1ac4b1 clr\"><div class=\"cz_sl_icon\"><i class=\"mr10 fas fa-caret-right\"><\/i><\/div><div><span>Funksional qidalanma v\u0259 nutrisiyologiya \u2013 superfoodlar, f\u0259rdi qidalanma proqramlar\u0131, innovativ bio\u0259lav\u0259l\u0259r.<\/span><\/div><\/li><li class=\"elementor-repeater-item-25274e9 clr\"><div class=\"cz_sl_icon\"><i class=\"mr10 fas fa-caret-right\"><\/i><\/div><div><span>Fiziki aktivlik v\u0259 reabilitasiya \u2013 a\u011f\u0131ll\u0131 idman avadanl\u0131qlar\u0131, \u0259n son Anti-Age texnologiyalar\u0131.<\/span><\/div><\/li><li class=\"elementor-repeater-item-a370656 clr\"><div class=\"cz_sl_icon\"><i class=\"mr10 fas fa-caret-right\"><\/i><\/div><div><span>Psixologiya v\u0259 mental sa\u011flaml\u0131q \u2013 mindfulness t\u0259cr\u00fcb\u0259l\u0259ri, stressin idar\u0259 edilm\u0259si, kognitiv t\u0259liml\u0259r.<\/span><\/div><\/li><li class=\"elementor-repeater-item-d21b6cb clr\"><div class=\"cz_sl_icon\"><i class=\"mr10 fas fa-caret-right\"><\/i><\/div><div><span>Smart cihazlar v\u0259 r\u0259q\u0259msal h\u0259ll\u0259r \u2013 a\u011f\u0131ll\u0131 aksesuarlar, sa\u011flaml\u0131q t\u0259tbiql\u0259ri, AI k\u00f6m\u0259k\u00e7il\u0259ri.<\/span><\/div><\/li><\/ul>\t\t\t\t<\/div>\n\t\t\t\t<\/div>\n\t\t\t\t\t<\/div>\n\t\t<\/div>\n\t\t\t\t<div class=\"elementor-column elementor-col-50 elementor-top-column elementor-element elementor-element-46de189f\" data-id=\"46de189f\" data-element_type=\"column\" data-e-type=\"column\">\n\t\t\t<div class=\"elementor-widget-wrap elementor-element-populated\">\n\t\t\t\t\t\t<div class=\"elementor-element elementor-element-8726783 elementor-widget elementor-widget-image\" data-id=\"8726783\" data-element_type=\"widget\" data-e-type=\"widget\" data-widget_type=\"image.default\">\n\t\t\t\t<div class=\"elementor-widget-container\">\n\t\t\t\t\t\t\t\t\t\t\t\t\t\t\t<img fetchpriority=\"high\" decoding=\"async\" width=\"1024\" height=\"682\" src=\"https:\/\/vivalavidalongevity.com\/wp-content\/uploads\/2025\/01\/3W8C2624-1024x682.jpg\" class=\"attachment-large size-large wp-image-3618\" alt=\"\" srcset=\"https:\/\/vivalavidalongevity.com\/wp-content\/uploads\/2025\/01\/3W8C2624-1024x682.jpg 1024w, https:\/\/vivalavidalongevity.com\/wp-content\/uploads\/2025\/01\/3W8C2624-300x200.jpg 300w, https:\/\/vivalavidalongevity.com\/wp-content\/uploads\/2025\/01\/3W8C2624-768x512.jpg 768w, https:\/\/vivalavidalongevity.com\/wp-content\/uploads\/2025\/01\/3W8C2624-600x400.jpg 600w, https:\/\/vivalavidalongevity.com\/wp-content\/uploads\/2025\/01\/3W8C2624-1000x666.jpg 1000w, https:\/\/vivalavidalongevity.com\/wp-content\/uploads\/2025\/01\/3W8C2624.jpg 1424w\" sizes=\"(max-width: 1024px) 100vw, 1024px\" \/>\t\t\t\t\t\t\t\t\t\t\t\t\t\t\t<\/div>\n\t\t\t\t<\/div>\n\t\t\t\t<div class=\"elementor-element elementor-element-c2ecb65 elementor-widget elementor-widget-text-editor\" data-id=\"c2ecb65\" data-element_type=\"widget\" data-e-type=\"widget\" data-widget_type=\"text-editor.default\">\n\t\t\t\t<div class=\"elementor-widget-container\">\n\t\t\t\t\t\t\t\t\t<h4>Expo zonas\u0131 sad\u0259c\u0259 bir s\u0259rgi deyil, elm, biznes v\u0259 c\u0259miyy\u0259tin dialoqudur \u2013 burada yenilikl\u0259ri s\u0131naqdan ke\u00e7irm\u0259k, ekspertl\u0259rl\u0259 \u00fcnsiyy\u0259t qurmaq v\u0259 f\u0259rdi t\u00f6vsiy\u0259l\u0259r almaq m\u00fcmk\u00fcnd\u00fcr.<\/h4><h4>\u00a0<\/h4>\t\t\t\t\t\t\t\t<\/div>\n\t\t\t\t<\/div>\n\t\t\t\t<div class=\"elementor-element elementor-element-dfa7045 elementor-widget elementor-widget-text-editor\" data-id=\"dfa7045\" data-element_type=\"widget\" data-e-type=\"widget\" data-widget_type=\"text-editor.default\">\n\t\t\t\t<div class=\"elementor-widget-container\">\n\t\t\t\t\t\t\t\t\t<h2><span style=\"font-size: 24px;\">Aktiv uzun\u00f6m\u00fcrl\u00fcl\u00fcy\u00fcn reall\u0131\u011fa \u00e7evrildiyi m\u0259kana xo\u015f g\u0259lmisiniz!<\/span><\/h2>\t\t\t\t\t\t\t\t<\/div>\n\t\t\t\t<\/div>\n\t\t\t\t\t<\/div>\n\t\t<\/div>\n\t\t\t\t\t<\/div>\n\t\t<\/section>\n\t\t\t\t<\/div>","protected":false},"excerpt":{"rendered":"<p>Expo Zone Working Time 10:00 &#8211; 19:00 Expo Zone of the &#8230; <\/p>","protected":false},"author":1,"featured_media":0,"parent":0,"menu_order":0,"comment_status":"closed","ping_status":"closed","template":"","meta":{"footnotes":""},"class_list":["post-1427","page","type-page","status-publish","hentry"],"yoast_head":"<!-- This site is optimized with the Yoast SEO plugin v27.4 - https:\/\/yoast.com\/product\/yoast-seo-wordpress\/ -->\n<title>EXPO ZONE - Viva La Vida Longevity Camp<\/title>\n<meta name=\"robots\" content=\"index, follow, max-snippet:-1, max-image-preview:large, max-video-preview:-1\" \/>\n<link rel=\"canonical\" href=\"https:\/\/vivalavidalongevity.com\/az\/expo-zone\/\" \/>\n<meta property=\"og:locale\" content=\"az_AZ\" \/>\n<meta property=\"og:type\" content=\"article\" \/>\n<meta property=\"og:title\" content=\"EXPO ZONE - Viva La Vida Longevity Camp\" \/>\n<meta property=\"og:description\" content=\"Expo Zone Working Time 10:00 &#8211; 19:00 Expo Zone of the ...\" \/>\n<meta property=\"og:url\" content=\"https:\/\/vivalavidalongevity.com\/az\/expo-zone\/\" \/>\n<meta property=\"og:site_name\" content=\"Viva La Vida Longevity Camp\" \/>\n<meta property=\"article:publisher\" content=\"https:\/\/www.facebook.com\/share\/1Arf4mR8d7\/?mibextid=kFxxJD\" \/>\n<meta property=\"article:modified_time\" content=\"2025-03-05T15:09:34+00:00\" \/>\n<meta property=\"og:image\" content=\"https:\/\/vivalavidalongevity.com\/wp-content\/uploads\/2025\/03\/VLV-1.jpg\" \/>\n\t<meta property=\"og:image:width\" content=\"1890\" \/>\n\t<meta property=\"og:image:height\" content=\"1063\" \/>\n\t<meta property=\"og:image:type\" content=\"image\/jpeg\" \/>\n<meta name=\"twitter:card\" content=\"summary_large_image\" \/>\n<meta name=\"twitter:label1\" content=\"Est. reading time\" \/>\n\t<meta name=\"twitter:data1\" content=\"1 minute\" \/>\n<script type=\"application\/ld+json\" class=\"yoast-schema-graph\">{\"@context\":\"https:\\\/\\\/schema.org\",\"@graph\":[{\"@type\":\"WebPage\",\"@id\":\"https:\\\/\\\/vivalavidalongevity.com\\\/expo-zone\\\/\",\"url\":\"https:\\\/\\\/vivalavidalongevity.com\\\/expo-zone\\\/\",\"name\":\"EXPO ZONE - Viva La Vida Longevity Camp\",\"isPartOf\":{\"@id\":\"https:\\\/\\\/vivalavidalongevity.com\\\/#website\"},\"primaryImageOfPage\":{\"@id\":\"https:\\\/\\\/vivalavidalongevity.com\\\/expo-zone\\\/#primaryimage\"},\"image\":{\"@id\":\"https:\\\/\\\/vivalavidalongevity.com\\\/expo-zone\\\/#primaryimage\"},\"thumbnailUrl\":\"https:\\\/\\\/vivalavidalongevity.com\\\/wp-content\\\/uploads\\\/2025\\\/01\\\/3W8C2624-1024x682.jpg\",\"datePublished\":\"2024-11-23T20:25:50+00:00\",\"dateModified\":\"2025-03-05T15:09:34+00:00\",\"breadcrumb\":{\"@id\":\"https:\\\/\\\/vivalavidalongevity.com\\\/expo-zone\\\/#breadcrumb\"},\"inLanguage\":\"az\",\"potentialAction\":[{\"@type\":\"ReadAction\",\"target\":[\"https:\\\/\\\/vivalavidalongevity.com\\\/expo-zone\\\/\"]}]},{\"@type\":\"ImageObject\",\"inLanguage\":\"az\",\"@id\":\"https:\\\/\\\/vivalavidalongevity.com\\\/expo-zone\\\/#primaryimage\",\"url\":\"https:\\\/\\\/vivalavidalongevity.com\\\/wp-content\\\/uploads\\\/2025\\\/01\\\/3W8C2624-1024x682.jpg\",\"contentUrl\":\"https:\\\/\\\/vivalavidalongevity.com\\\/wp-content\\\/uploads\\\/2025\\\/01\\\/3W8C2624-1024x682.jpg\"},{\"@type\":\"BreadcrumbList\",\"@id\":\"https:\\\/\\\/vivalavidalongevity.com\\\/expo-zone\\\/#breadcrumb\",\"itemListElement\":[{\"@type\":\"ListItem\",\"position\":1,\"name\":\"Home\",\"item\":\"https:\\\/\\\/vivalavidalongevity.com\\\/\"},{\"@type\":\"ListItem\",\"position\":2,\"name\":\"EXPO ZONE\"}]},{\"@type\":\"WebSite\",\"@id\":\"https:\\\/\\\/vivalavidalongevity.com\\\/#website\",\"url\":\"https:\\\/\\\/vivalavidalongevity.com\\\/\",\"name\":\"Viva La Vida longevity\",\"description\":\"Revive your life with us!\",\"publisher\":{\"@id\":\"https:\\\/\\\/vivalavidalongevity.com\\\/#organization\"},\"potentialAction\":[{\"@type\":\"SearchAction\",\"target\":{\"@type\":\"EntryPoint\",\"urlTemplate\":\"https:\\\/\\\/vivalavidalongevity.com\\\/?s={search_term_string}\"},\"query-input\":{\"@type\":\"PropertyValueSpecification\",\"valueRequired\":true,\"valueName\":\"search_term_string\"}}],\"inLanguage\":\"az\"},{\"@type\":\"Organization\",\"@id\":\"https:\\\/\\\/vivalavidalongevity.com\\\/#organization\",\"name\":\"Viva La Vida longevity\",\"url\":\"https:\\\/\\\/vivalavidalongevity.com\\\/\",\"logo\":{\"@type\":\"ImageObject\",\"inLanguage\":\"az\",\"@id\":\"https:\\\/\\\/vivalavidalongevity.com\\\/#\\\/schema\\\/logo\\\/image\\\/\",\"url\":\"https:\\\/\\\/vivalavidalongevity.com\\\/wp-content\\\/uploads\\\/2025\\\/03\\\/VLV-1.jpg\",\"contentUrl\":\"https:\\\/\\\/vivalavidalongevity.com\\\/wp-content\\\/uploads\\\/2025\\\/03\\\/VLV-1.jpg\",\"width\":1890,\"height\":1063,\"caption\":\"Viva La Vida longevity\"},\"image\":{\"@id\":\"https:\\\/\\\/vivalavidalongevity.com\\\/#\\\/schema\\\/logo\\\/image\\\/\"},\"sameAs\":[\"https:\\\/\\\/www.facebook.com\\\/share\\\/1Arf4mR8d7\\\/?mibextid=kFxxJD\"]}]}<\/script>\n<!-- \/ Yoast SEO plugin. -->","yoast_head_json":{"title":"EXPO ZONE - Viva La Vida Longevity Camp","robots":{"index":"index","follow":"follow","max-snippet":"max-snippet:-1","max-image-preview":"max-image-preview:large","max-video-preview":"max-video-preview:-1"},"canonical":"https:\/\/vivalavidalongevity.com\/az\/expo-zone\/","og_locale":"az_AZ","og_type":"article","og_title":"EXPO ZONE - Viva La Vida Longevity Camp","og_description":"Expo Zone Working Time 10:00 &#8211; 19:00 Expo Zone of the ...","og_url":"https:\/\/vivalavidalongevity.com\/az\/expo-zone\/","og_site_name":"Viva La Vida Longevity Camp","article_publisher":"https:\/\/www.facebook.com\/share\/1Arf4mR8d7\/?mibextid=kFxxJD","article_modified_time":"2025-03-05T15:09:34+00:00","og_image":[{"width":1890,"height":1063,"url":"https:\/\/vivalavidalongevity.com\/wp-content\/uploads\/2025\/03\/VLV-1.jpg","type":"image\/jpeg"}],"twitter_card":"summary_large_image","twitter_misc":{"Est. reading time":"1 minute"},"schema":{"@context":"https:\/\/schema.org","@graph":[{"@type":"WebPage","@id":"https:\/\/vivalavidalongevity.com\/expo-zone\/","url":"https:\/\/vivalavidalongevity.com\/expo-zone\/","name":"EXPO ZONE - Viva La Vida Longevity Camp","isPartOf":{"@id":"https:\/\/vivalavidalongevity.com\/#website"},"primaryImageOfPage":{"@id":"https:\/\/vivalavidalongevity.com\/expo-zone\/#primaryimage"},"image":{"@id":"https:\/\/vivalavidalongevity.com\/expo-zone\/#primaryimage"},"thumbnailUrl":"https:\/\/vivalavidalongevity.com\/wp-content\/uploads\/2025\/01\/3W8C2624-1024x682.jpg","datePublished":"2024-11-23T20:25:50+00:00","dateModified":"2025-03-05T15:09:34+00:00","breadcrumb":{"@id":"https:\/\/vivalavidalongevity.com\/expo-zone\/#breadcrumb"},"inLanguage":"az","potentialAction":[{"@type":"ReadAction","target":["https:\/\/vivalavidalongevity.com\/expo-zone\/"]}]},{"@type":"ImageObject","inLanguage":"az","@id":"https:\/\/vivalavidalongevity.com\/expo-zone\/#primaryimage","url":"https:\/\/vivalavidalongevity.com\/wp-content\/uploads\/2025\/01\/3W8C2624-1024x682.jpg","contentUrl":"https:\/\/vivalavidalongevity.com\/wp-content\/uploads\/2025\/01\/3W8C2624-1024x682.jpg"},{"@type":"BreadcrumbList","@id":"https:\/\/vivalavidalongevity.com\/expo-zone\/#breadcrumb","itemListElement":[{"@type":"ListItem","position":1,"name":"Home","item":"https:\/\/vivalavidalongevity.com\/"},{"@type":"ListItem","position":2,"name":"EXPO ZONE"}]},{"@type":"WebSite","@id":"https:\/\/vivalavidalongevity.com\/#website","url":"https:\/\/vivalavidalongevity.com\/","name":"Viva La Vida longevity","description":"H\u0259yat\u0131n\u0131z\u0131 yenid\u0259n canland\u0131r\u0131n!","publisher":{"@id":"https:\/\/vivalavidalongevity.com\/#organization"},"potentialAction":[{"@type":"SearchAction","target":{"@type":"EntryPoint","urlTemplate":"https:\/\/vivalavidalongevity.com\/?s={search_term_string}"},"query-input":{"@type":"PropertyValueSpecification","valueRequired":true,"valueName":"search_term_string"}}],"inLanguage":"az"},{"@type":"Organization","@id":"https:\/\/vivalavidalongevity.com\/#organization","name":"Viva La Vida longevity","url":"https:\/\/vivalavidalongevity.com\/","logo":{"@type":"ImageObject","inLanguage":"az","@id":"https:\/\/vivalavidalongevity.com\/#\/schema\/logo\/image\/","url":"https:\/\/vivalavidalongevity.com\/wp-content\/uploads\/2025\/03\/VLV-1.jpg","contentUrl":"https:\/\/vivalavidalongevity.com\/wp-content\/uploads\/2025\/03\/VLV-1.jpg","width":1890,"height":1063,"caption":"Viva La Vida longevity"},"image":{"@id":"https:\/\/vivalavidalongevity.com\/#\/schema\/logo\/image\/"},"sameAs":["https:\/\/www.facebook.com\/share\/1Arf4mR8d7\/?mibextid=kFxxJD"]}]}},"_links":{"self":[{"href":"https:\/\/vivalavidalongevity.com\/az\/wp-json\/wp\/v2\/pages\/1427","targetHints":{"allow":["GET"]}}],"collection":[{"href":"https:\/\/vivalavidalongevity.com\/az\/wp-json\/wp\/v2\/pages"}],"about":[{"href":"https:\/\/vivalavidalongevity.com\/az\/wp-json\/wp\/v2\/types\/page"}],"author":[{"embeddable":true,"href":"https:\/\/vivalavidalongevity.com\/az\/wp-json\/wp\/v2\/users\/1"}],"replies":[{"embeddable":true,"href":"https:\/\/vivalavidalongevity.com\/az\/wp-json\/wp\/v2\/comments?post=1427"}],"version-history":[{"count":0,"href":"https:\/\/vivalavidalongevity.com\/az\/wp-json\/wp\/v2\/pages\/1427\/revisions"}],"wp:attachment":[{"href":"https:\/\/vivalavidalongevity.com\/az\/wp-json\/wp\/v2\/media?parent=1427"}],"curies":[{"name":"wp","href":"https:\/\/api.w.org\/{rel}","templated":true}]}}