{"id":1489,"date":"2024-11-24T12:14:18","date_gmt":"2024-11-24T12:14:18","guid":{"rendered":"https:\/\/vivalavidalongevity.com\/?page_id=1489"},"modified":"2025-03-05T15:10:06","modified_gmt":"2025-03-05T15:10:06","slug":"opening","status":"publish","type":"page","link":"https:\/\/vivalavidalongevity.com\/az\/opening\/","title":{"rendered":"A\u00e7\u0131l\u0131\u015f"},"content":{"rendered":"<div data-elementor-type=\"wp-page\" data-elementor-id=\"1489\" class=\"elementor elementor-1489\" data-elementor-post-type=\"page\">\n\t\t\t\t\t\t<section class=\"elementor-section elementor-top-section elementor-element elementor-element-52f9de4c elementor-section-stretched elementor-section-height-min-height elementor-section-boxed elementor-section-height-default elementor-section-items-middle\" data-id=\"52f9de4c\" data-element_type=\"section\" data-e-type=\"section\" data-settings=\"{&quot;stretch_section&quot;:&quot;section-stretched&quot;,&quot;background_background&quot;:&quot;slideshow&quot;,&quot;background_slideshow_gallery&quot;:[{&quot;id&quot;:4769,&quot;url&quot;:&quot;https:\\\/\\\/vivalavidalongevity.com\\\/wp-content\\\/uploads\\\/2025\\\/02\\\/4.webp&quot;},{&quot;id&quot;:4770,&quot;url&quot;:&quot;https:\\\/\\\/vivalavidalongevity.com\\\/wp-content\\\/uploads\\\/2025\\\/02\\\/3.webp&quot;}],&quot;background_slideshow_slide_duration&quot;:2000,&quot;shape_divider_bottom&quot;:&quot;mountains&quot;,&quot;background_slideshow_loop&quot;:&quot;yes&quot;,&quot;background_slideshow_slide_transition&quot;:&quot;fade&quot;,&quot;background_slideshow_transition_duration&quot;:500}\">\n\t\t\t\t\t\t\t<div class=\"elementor-background-overlay\"><\/div>\n\t\t\t\t\t\t<div class=\"elementor-shape elementor-shape-bottom\" aria-hidden=\"true\" data-negative=\"false\">\n\t\t\t<svg xmlns=\"http:\/\/www.w3.org\/2000\/svg\" viewbox=\"0 0 1000 100\" preserveaspectratio=\"none\">\n\t<path class=\"elementor-shape-fill\" opacity=\"0.33\" d=\"M473,67.3c-203.9,88.3-263.1-34-320.3,0C66,119.1,0,59.7,0,59.7V0h1000v59.7 c0,0-62.1,26.1-94.9,29.3c-32.8,3.3-62.8-12.3-75.8-22.1C806,49.6,745.3,8.7,694.9,4.7S492.4,59,473,67.3z\"\/>\n\t<path class=\"elementor-shape-fill\" opacity=\"0.66\" d=\"M734,67.3c-45.5,0-77.2-23.2-129.1-39.1c-28.6-8.7-150.3-10.1-254,39.1 s-91.7-34.4-149.2,0C115.7,118.3,0,39.8,0,39.8V0h1000v36.5c0,0-28.2-18.5-92.1-18.5C810.2,18.1,775.7,67.3,734,67.3z\"\/>\n\t<path class=\"elementor-shape-fill\" d=\"M766.1,28.9c-200-57.5-266,65.5-395.1,19.5C242,1.8,242,5.4,184.8,20.6C128,35.8,132.3,44.9,89.9,52.5C28.6,63.7,0,0,0,0 h1000c0,0-9.9,40.9-83.6,48.1S829.6,47,766.1,28.9z\"\/>\n<\/svg>\t\t<\/div>\n\t\t\t\t\t<div class=\"elementor-container elementor-column-gap-default\">\n\t\t\t\t\t<div class=\"elementor-column elementor-col-100 elementor-top-column elementor-element elementor-element-6eaf80a\" data-id=\"6eaf80a\" data-element_type=\"column\" data-e-type=\"column\">\n\t\t\t<div class=\"elementor-widget-wrap\">\n\t\t\t\t\t\t\t<\/div>\n\t\t<\/div>\n\t\t\t\t\t<\/div>\n\t\t<\/section>\n\t\t<div class=\"elementor-element elementor-element-ecbaa6f e-flex e-con-boxed e-con e-parent\" data-id=\"ecbaa6f\" data-element_type=\"container\" data-e-type=\"container\">\n\t\t\t\t\t<div class=\"e-con-inner\">\n\t\t\t\t<div class=\"elementor-element elementor-element-a2670df elementor-widget elementor-widget-heading\" data-id=\"a2670df\" data-element_type=\"widget\" data-e-type=\"widget\" data-widget_type=\"heading.default\">\n\t\t\t\t<div class=\"elementor-widget-container\">\n\t\t\t\t\t<h2 class=\"elementor-heading-title elementor-size-default\">EMIN AGALAROV V\u018f RIGAN HILLER \u0130L\u018f M\u00d6HT\u018f\u015e\u018fM A\u00c7ILI\u015e T\u018fDB\u0130R\u0130 \n<\/h2>\t\t\t\t<\/div>\n\t\t\t\t<\/div>\n\t\t\t\t\t<\/div>\n\t\t\t\t<\/div>\n\t\t<div class=\"elementor-element elementor-element-413130f e-flex e-con-boxed e-con e-parent\" data-id=\"413130f\" data-element_type=\"container\" data-e-type=\"container\">\n\t\t\t\t\t<div class=\"e-con-inner\">\n\t\t\t\t<div class=\"elementor-element elementor-element-e9bbd55 elementor-widget elementor-widget-heading\" data-id=\"e9bbd55\" data-element_type=\"widget\" data-e-type=\"widget\" data-widget_type=\"heading.default\">\n\t\t\t\t<div class=\"elementor-widget-container\">\n\t\t\t\t\t<h2 class=\"elementor-heading-title elementor-size-default\">Rigan Hiller <\/h2>\t\t\t\t<\/div>\n\t\t\t\t<\/div>\n\t\t<div class=\"elementor-element elementor-element-ea77454 e-grid e-con-full e-con e-child\" data-id=\"ea77454\" data-element_type=\"container\" data-e-type=\"container\">\n\t\t\t\t<div class=\"elementor-element elementor-element-897b290 elementor-widget elementor-widget-video\" data-id=\"897b290\" data-element_type=\"widget\" data-e-type=\"widget\" data-settings=\"{&quot;youtube_url&quot;:&quot;https:\\\/\\\/youtu.be\\\/szGOoavw8N4?si=hwx5K5X-7q34H9Zq&quot;,&quot;video_type&quot;:&quot;youtube&quot;,&quot;controls&quot;:&quot;yes&quot;}\" data-widget_type=\"video.default\">\n\t\t\t\t<div class=\"elementor-widget-container\">\n\t\t\t\t\t\t\t<div class=\"elementor-wrapper elementor-open-inline\">\n\t\t\t<div class=\"elementor-video\"><\/div>\t\t<\/div>\n\t\t\t\t\t\t<\/div>\n\t\t\t\t<\/div>\n\t\t\t\t<div class=\"elementor-element elementor-element-b6a902f elementor-widget elementor-widget-video\" data-id=\"b6a902f\" data-element_type=\"widget\" data-e-type=\"widget\" data-settings=\"{&quot;youtube_url&quot;:&quot;https:\\\/\\\/youtube.com\\\/shorts\\\/tZv9aQkqy44?si=RFuTHlyIrjkUTJLQ&quot;,&quot;video_type&quot;:&quot;youtube&quot;,&quot;controls&quot;:&quot;yes&quot;}\" data-widget_type=\"video.default\">\n\t\t\t\t<div class=\"elementor-widget-container\">\n\t\t\t\t\t\t\t<div class=\"elementor-wrapper elementor-open-inline\">\n\t\t\t<div class=\"elementor-video\"><\/div>\t\t<\/div>\n\t\t\t\t\t\t<\/div>\n\t\t\t\t<\/div>\n\t\t\t\t<div class=\"elementor-element elementor-element-dbdd911 elementor-widget elementor-widget-video\" data-id=\"dbdd911\" data-element_type=\"widget\" data-e-type=\"widget\" data-settings=\"{&quot;youtube_url&quot;:&quot;https:\\\/\\\/youtube.com\\\/shorts\\\/J7SLm6PG1xA?si=AcLcc8Lzs6j-RGe1&quot;,&quot;video_type&quot;:&quot;youtube&quot;,&quot;controls&quot;:&quot;yes&quot;}\" data-widget_type=\"video.default\">\n\t\t\t\t<div class=\"elementor-widget-container\">\n\t\t\t\t\t\t\t<div class=\"elementor-wrapper elementor-open-inline\">\n\t\t\t<div class=\"elementor-video\"><\/div>\t\t<\/div>\n\t\t\t\t\t\t<\/div>\n\t\t\t\t<\/div>\n\t\t\t\t<div class=\"elementor-element elementor-element-3c0c305 elementor-widget elementor-widget-video\" data-id=\"3c0c305\" data-element_type=\"widget\" data-e-type=\"widget\" data-settings=\"{&quot;youtube_url&quot;:&quot;https:\\\/\\\/youtu.be\\\/smqHjxdxWCc?si=wfjLOAQ-qwr4dok7&quot;,&quot;video_type&quot;:&quot;youtube&quot;,&quot;controls&quot;:&quot;yes&quot;}\" data-widget_type=\"video.default\">\n\t\t\t\t<div class=\"elementor-widget-container\">\n\t\t\t\t\t\t\t<div class=\"elementor-wrapper elementor-open-inline\">\n\t\t\t<div class=\"elementor-video\"><\/div>\t\t<\/div>\n\t\t\t\t\t\t<\/div>\n\t\t\t\t<\/div>\n\t\t\t\t<\/div>\n\t\t\t\t<div class=\"elementor-element elementor-element-42da442 elementor-widget elementor-widget-text-editor\" data-id=\"42da442\" data-element_type=\"widget\" data-e-type=\"widget\" data-widget_type=\"text-editor.default\">\n\t\t\t\t<div class=\"elementor-widget-container\">\n\t\t\t\t\t\t\t\t\t<h4>Regan Anne Hillyer \u2013 Multi-biznes sahibkar\u0131 , xeyriyy\u0259\u00e7i, enerjetik m\u0259\u015fq\u00e7i, beyn\u0259lxalq spiker v\u0259 d\u00fc\u015f\u00fcnc\u0259 t\u0259rzi \u00fczr\u0259 m\u0259\u015fq\u00e7idir. O, eyni zamanda qlobal 8 r\u0259q\u0259mli biznesin sahibkar\u0131.<\/h4><h4>Regan Hillyer International (RHI) \u015firk\u0259tinin qurucusu v\u0259 ba\u015f icra\u00e7\u0131 direktorudur. \u018fslind\u0259, o, memarl\u0131q \u00fczr\u0259 t\u0259hsil al\u0131b (BArch), lakin daha sonra \u015f\u0259xsi inki\u015faf v\u0259 biznes u\u011furu sah\u0259sin\u0259 y\u00f6n\u0259lmi\u015f v\u0259 Sertifikatl\u0131 NLP Ustas\u0131, Hipnoz Ustas\u0131, Zaman Dinamikas\u0131 M\u00fct\u0259x\u0259ssisi v\u0259 U\u011fur Strategiyas\u0131 \u00fczr\u0259 Ekspert kimi bir \u00e7ox sertifikat v\u0259 t\u0259liml\u0259r \u0259ld\u0259 etmi\u015fdir.<\/h4><h4>Regan Hillyer International (RHI) insanlar\u0131 \u00f6z \u015f\u0259rtl\u0259ri il\u0259 tam h\u0259yat s\u00fcrm\u0259y\u0259 ruhland\u0131ran v\u0259 motivasiya ed\u0259n bir \u015firk\u0259tdir.<\/h4><h4>Bundan \u0259lav\u0259, Regan d\u00fcnyan\u0131n bir n\u00f6mr\u0259li manifestasiya metodu olan \"Energetic Architecture Method\u2122\"-un yarad\u0131c\u0131s\u0131d\u0131r. Bu unikal manifestasiya metodu kvant sah\u0259sini istifad\u0259 ed\u0259r\u0259k insanlara ist\u0259dikl\u0259ri h\u0259yat\u0131 yaratma\u011fa imkan verir. Onun metodu say\u0259sind\u0259 bir \u00e7ox insan alt\u0131 v\u0259 yeddi r\u0259q\u0259mli g\u0259lir g\u0259tir\u0259n biznesl\u0259r quraraq lokasiyadan as\u0131l\u0131 olmayaraq i\u015fl\u0259m\u0259k imkan\u0131 \u0259ld\u0259 edib. O, h\u0259m\u00e7inin g\u00fccl\u00fc d\u00fc\u015f\u00fcnc\u0259 transformasiya al\u0259tl\u0259ri v\u0259 qabaqc\u0131l biznes inki\u015faf strategiyalar\u0131ndan istifad\u0259 ed\u0259r\u0259k insanlara k\u00f6m\u0259k edir.<\/h4><h4>Regan \u00f6z sah\u0259sind\u0259 \u0259sl fikir lideridir v\u0259 bir ne\u00e7\u0259 bestseller kitab\u0131n m\u00fc\u0259llifidir. O, h\u0259m\u00e7inin Forbes Magazine, Huffington Post v\u0259 Cosmopolitan kimi n\u00fcfuzlu media platformalar\u0131nda yer al\u0131b v\u0259 ABC, NBC v\u0259 CBS telekanallar\u0131nda \u00e7\u0131x\u0131\u015f edib.<\/h4><h4>Bundan \u0259lav\u0259, Regan Forbes, Glamour Magazine, L\u2019Officiel, Marie Claire, Harper\u2019s Bazaar, LA Weekly, GOSS v\u0259 In Touch jurnallar\u0131n\u0131n \u00fcz qab\u0131\u011f\u0131nda v\u0259 geni\u015f fotosessiyalar\u0131nda i\u015ftirak edib.<\/h4><h4>Yeni Zelandiyada do\u011fulub v\u0259 t\u0259hsil alsa da, haz\u0131rda \u0259sas\u0259n Kosta Rikada ya\u015fay\u0131r, lakin onun beyn\u0259lxalq n\u00fcfuzu v\u0259 t\u0259siri geni\u015fdir. Online platformalar\u0131 vasit\u0259sil\u0259 milyonlarla insana t\u0259sir g\u00f6st\u0259r\u0259n Regan, eyni zamanda canl\u0131 \u00e7\u0131x\u0131\u015flar v\u0259 retritl\u0259r vasit\u0259sil\u0259 insanlar\u0131 g\u00fccl\u0259ndirm\u0259y\u0259 v\u0259 transformasiya etm\u0259y\u0259 davam edir.<\/h4><h4>\u2013 RHI Vebsayt\u0131: https:\/\/www.reganhillyer.com\/<br \/>&#8211; Regan IG: https:\/\/www.instagram.com\/reganhillyer\/<br \/>&#8211; Regan FB: https:\/\/www.facebook.com\/ReganHillyer<br \/>&#8211; Regan Youtube: https:\/\/www.youtube.com\/c\/ReganHillyerCoach<\/h4>\t\t\t\t\t\t\t\t<\/div>\n\t\t\t\t<\/div>\n\t\t\t\t\t<\/div>\n\t\t\t\t<\/div>\n\t\t<div class=\"elementor-element elementor-element-7414b0c e-flex e-con-boxed e-con e-parent\" data-id=\"7414b0c\" data-element_type=\"container\" data-e-type=\"container\">\n\t\t\t\t\t<div class=\"e-con-inner\">\n\t\t\t\t<div class=\"elementor-element elementor-element-931121a elementor-widget elementor-widget-heading\" data-id=\"931121a\" data-element_type=\"widget\" data-e-type=\"widget\" data-widget_type=\"heading.default\">\n\t\t\t\t<div class=\"elementor-widget-container\">\n\t\t\t\t\t<h2 class=\"elementor-heading-title elementor-size-default\">EMIN AGALAROV<\/h2>\t\t\t\t<\/div>\n\t\t\t\t<\/div>\n\t\t<div class=\"elementor-element elementor-element-6e1b199 e-grid e-con-full e-con e-child\" data-id=\"6e1b199\" data-element_type=\"container\" data-e-type=\"container\">\n\t\t\t\t<div class=\"elementor-element elementor-element-fbf6b88 elementor-widget elementor-widget-video\" data-id=\"fbf6b88\" data-element_type=\"widget\" data-e-type=\"widget\" data-settings=\"{&quot;youtube_url&quot;:&quot;https:\\\/\\\/youtube.com\\\/shorts\\\/ZyBt8V01Mus?si=oANYyS6SxDWXMhat&quot;,&quot;video_type&quot;:&quot;youtube&quot;,&quot;controls&quot;:&quot;yes&quot;}\" data-widget_type=\"video.default\">\n\t\t\t\t<div class=\"elementor-widget-container\">\n\t\t\t\t\t\t\t<div class=\"elementor-wrapper elementor-open-inline\">\n\t\t\t<div class=\"elementor-video\"><\/div>\t\t<\/div>\n\t\t\t\t\t\t<\/div>\n\t\t\t\t<\/div>\n\t\t\t\t<div class=\"elementor-element elementor-element-ba640c5 elementor-widget elementor-widget-video\" data-id=\"ba640c5\" data-element_type=\"widget\" data-e-type=\"widget\" data-settings=\"{&quot;youtube_url&quot;:&quot;https:\\\/\\\/youtube.com\\\/shorts\\\/ocP0lgbT5kk?si=i3IFR5uiLcSjVoIo&quot;,&quot;video_type&quot;:&quot;youtube&quot;,&quot;controls&quot;:&quot;yes&quot;}\" data-widget_type=\"video.default\">\n\t\t\t\t<div class=\"elementor-widget-container\">\n\t\t\t\t\t\t\t<div class=\"elementor-wrapper elementor-open-inline\">\n\t\t\t<div class=\"elementor-video\"><\/div>\t\t<\/div>\n\t\t\t\t\t\t<\/div>\n\t\t\t\t<\/div>\n\t\t\t\t<div class=\"elementor-element elementor-element-10ce9c3 elementor-widget elementor-widget-video\" data-id=\"10ce9c3\" data-element_type=\"widget\" data-e-type=\"widget\" data-settings=\"{&quot;youtube_url&quot;:&quot;https:\\\/\\\/youtube.com\\\/shorts\\\/ZyBt8V01Mus?si=oANYyS6SxDWXMhat&quot;,&quot;video_type&quot;:&quot;youtube&quot;,&quot;controls&quot;:&quot;yes&quot;}\" data-widget_type=\"video.default\">\n\t\t\t\t<div class=\"elementor-widget-container\">\n\t\t\t\t\t\t\t<div class=\"elementor-wrapper elementor-open-inline\">\n\t\t\t<div class=\"elementor-video\"><\/div>\t\t<\/div>\n\t\t\t\t\t\t<\/div>\n\t\t\t\t<\/div>\n\t\t\t\t<\/div>\n\t\t\t\t<div class=\"elementor-element elementor-element-aee5ea1 elementor-widget elementor-widget-text-editor\" data-id=\"aee5ea1\" data-element_type=\"widget\" data-e-type=\"widget\" data-widget_type=\"text-editor.default\">\n\t\t\t\t<div class=\"elementor-widget-container\">\n\t\t\t\t\t\t\t\t\t<h4>Emin A\u011falarov \u2013 Developer, Agalarov Development \u015firk\u0259tinin prezidenti v\u0259 Bak\u0131n\u0131n yax\u0131nl\u0131\u011f\u0131nda yerl\u0259\u015f\u0259n Sea Breeze kurort \u015f\u0259h\u0259rinin sahibi v\u0259 t\u0259sis\u00e7isi.<\/h4><h4>Emin, MDB v\u0259 Rusiyada bir s\u0131ra biznes layih\u0259l\u0259rin\u0259 r\u0259hb\u0259rlik edir, o c\u00fcml\u0259d\u0259n:<\/h4><h4>&#8211; Sea Breeze Resort in Baku, Azerbaijan<br \/>&#8211; Premium fitness club network &#8220;Fitness by Emin Agalarov,&#8221; with over 20 projects in Russia, Azerbaijan, Tajikistan, and Kyrgyzstan<br \/>&#8211; Restaurant holding &#8220;Restaurants by Emin Agalarov,&#8221; managing 70 projects in Baku, Moscow, and other cities<br \/>&#8211; In addition to his business ventures, Emin is an accomplished musician, performing worldwide. He is also the founder of the international music festivals DREAM Fest and &#8220;\u0416\u0410\u0420\u0410&#8221;, held in Moscow, Baku, Dubai, Monaco, and other locations.<\/h4><h4>Bundan \u0259lav\u0259, Emin A\u011falarov xeyriyy\u0259\u00e7ilik f\u0259aliyy\u0259ti il\u0259 d\u0259 m\u0259\u015f\u011fuldur v\u0259 m\u00fcxt\u0259lif sosial layih\u0259l\u0259r\u0259 d\u0259st\u0259k verir.<\/h4><h4>Evli v\u0259 d\u00f6rd \u00f6vlad atas\u0131d\u0131r.<\/h4>\t\t\t\t\t\t\t\t<\/div>\n\t\t\t\t<\/div>\n\t\t\t\t\t<\/div>\n\t\t\t\t<\/div>\n\t\t<div class=\"elementor-element elementor-element-b1a20d9 e-flex e-con-boxed e-con e-parent\" data-id=\"b1a20d9\" data-element_type=\"container\" data-e-type=\"container\">\n\t\t\t\t\t<div class=\"e-con-inner\">\n\t\t\t\t<div class=\"elementor-element elementor-element-0351737 elementor-widget elementor-widget-spacer\" data-id=\"0351737\" data-element_type=\"widget\" data-e-type=\"widget\" data-widget_type=\"spacer.default\">\n\t\t\t\t<div class=\"elementor-widget-container\">\n\t\t\t\t\t\t\t<div class=\"elementor-spacer\">\n\t\t\t<div class=\"elementor-spacer-inner\"><\/div>\n\t\t<\/div>\n\t\t\t\t\t\t<\/div>\n\t\t\t\t<\/div>\n\t\t\t\t\t<\/div>\n\t\t\t\t<\/div>\n\t\t\t\t<\/div>","protected":false},"excerpt":{"rendered":"<p>GRAND OPENING EVENT WITH EMIN AGALAROV AND REGAN HILLYER REGAN HILLYER &#8230; <\/p>","protected":false},"author":1,"featured_media":0,"parent":0,"menu_order":0,"comment_status":"closed","ping_status":"closed","template":"","meta":{"footnotes":""},"class_list":["post-1489","page","type-page","status-publish","hentry"],"yoast_head":"<!-- This site is optimized with the Yoast SEO plugin v27.4 - https:\/\/yoast.com\/product\/yoast-seo-wordpress\/ -->\n<title>Opening - Viva La Vida Longevity Camp<\/title>\n<meta name=\"robots\" content=\"index, follow, max-snippet:-1, max-image-preview:large, max-video-preview:-1\" \/>\n<link rel=\"canonical\" href=\"https:\/\/vivalavidalongevity.com\/az\/opening\/\" \/>\n<meta property=\"og:locale\" content=\"az_AZ\" \/>\n<meta property=\"og:type\" content=\"article\" \/>\n<meta property=\"og:title\" content=\"Opening - Viva La Vida Longevity Camp\" \/>\n<meta property=\"og:description\" content=\"GRAND OPENING EVENT WITH EMIN AGALAROV AND REGAN HILLYER REGAN HILLYER ...\" \/>\n<meta property=\"og:url\" content=\"https:\/\/vivalavidalongevity.com\/az\/opening\/\" \/>\n<meta property=\"og:site_name\" content=\"Viva La Vida Longevity Camp\" \/>\n<meta property=\"article:publisher\" content=\"https:\/\/www.facebook.com\/share\/1Arf4mR8d7\/?mibextid=kFxxJD\" \/>\n<meta property=\"article:modified_time\" content=\"2025-03-05T15:10:06+00:00\" \/>\n<meta property=\"og:image\" content=\"https:\/\/vivalavidalongevity.com\/wp-content\/uploads\/2025\/03\/VLV-1.jpg\" \/>\n\t<meta property=\"og:image:width\" content=\"1890\" \/>\n\t<meta property=\"og:image:height\" content=\"1063\" \/>\n\t<meta property=\"og:image:type\" content=\"image\/jpeg\" \/>\n<meta name=\"twitter:card\" content=\"summary_large_image\" \/>\n<meta name=\"twitter:label1\" content=\"Est. reading time\" \/>\n\t<meta name=\"twitter:data1\" content=\"2 minutes\" \/>\n<script type=\"application\/ld+json\" class=\"yoast-schema-graph\">{\"@context\":\"https:\\\/\\\/schema.org\",\"@graph\":[{\"@type\":\"WebPage\",\"@id\":\"https:\\\/\\\/vivalavidalongevity.com\\\/opening\\\/\",\"url\":\"https:\\\/\\\/vivalavidalongevity.com\\\/opening\\\/\",\"name\":\"Opening - Viva La Vida Longevity Camp\",\"isPartOf\":{\"@id\":\"https:\\\/\\\/vivalavidalongevity.com\\\/#website\"},\"datePublished\":\"2024-11-24T12:14:18+00:00\",\"dateModified\":\"2025-03-05T15:10:06+00:00\",\"breadcrumb\":{\"@id\":\"https:\\\/\\\/vivalavidalongevity.com\\\/opening\\\/#breadcrumb\"},\"inLanguage\":\"az\",\"potentialAction\":[{\"@type\":\"ReadAction\",\"target\":[\"https:\\\/\\\/vivalavidalongevity.com\\\/opening\\\/\"]}]},{\"@type\":\"BreadcrumbList\",\"@id\":\"https:\\\/\\\/vivalavidalongevity.com\\\/opening\\\/#breadcrumb\",\"itemListElement\":[{\"@type\":\"ListItem\",\"position\":1,\"name\":\"Home\",\"item\":\"https:\\\/\\\/vivalavidalongevity.com\\\/\"},{\"@type\":\"ListItem\",\"position\":2,\"name\":\"Opening\"}]},{\"@type\":\"WebSite\",\"@id\":\"https:\\\/\\\/vivalavidalongevity.com\\\/#website\",\"url\":\"https:\\\/\\\/vivalavidalongevity.com\\\/\",\"name\":\"Viva La Vida longevity\",\"description\":\"Revive your life with us!\",\"publisher\":{\"@id\":\"https:\\\/\\\/vivalavidalongevity.com\\\/#organization\"},\"potentialAction\":[{\"@type\":\"SearchAction\",\"target\":{\"@type\":\"EntryPoint\",\"urlTemplate\":\"https:\\\/\\\/vivalavidalongevity.com\\\/?s={search_term_string}\"},\"query-input\":{\"@type\":\"PropertyValueSpecification\",\"valueRequired\":true,\"valueName\":\"search_term_string\"}}],\"inLanguage\":\"az\"},{\"@type\":\"Organization\",\"@id\":\"https:\\\/\\\/vivalavidalongevity.com\\\/#organization\",\"name\":\"Viva La Vida longevity\",\"url\":\"https:\\\/\\\/vivalavidalongevity.com\\\/\",\"logo\":{\"@type\":\"ImageObject\",\"inLanguage\":\"az\",\"@id\":\"https:\\\/\\\/vivalavidalongevity.com\\\/#\\\/schema\\\/logo\\\/image\\\/\",\"url\":\"https:\\\/\\\/vivalavidalongevity.com\\\/wp-content\\\/uploads\\\/2025\\\/03\\\/VLV-1.jpg\",\"contentUrl\":\"https:\\\/\\\/vivalavidalongevity.com\\\/wp-content\\\/uploads\\\/2025\\\/03\\\/VLV-1.jpg\",\"width\":1890,\"height\":1063,\"caption\":\"Viva La Vida longevity\"},\"image\":{\"@id\":\"https:\\\/\\\/vivalavidalongevity.com\\\/#\\\/schema\\\/logo\\\/image\\\/\"},\"sameAs\":[\"https:\\\/\\\/www.facebook.com\\\/share\\\/1Arf4mR8d7\\\/?mibextid=kFxxJD\"]}]}<\/script>\n<!-- \/ Yoast SEO plugin. -->","yoast_head_json":{"title":"Opening - Viva La Vida Longevity Camp","robots":{"index":"index","follow":"follow","max-snippet":"max-snippet:-1","max-image-preview":"max-image-preview:large","max-video-preview":"max-video-preview:-1"},"canonical":"https:\/\/vivalavidalongevity.com\/az\/opening\/","og_locale":"az_AZ","og_type":"article","og_title":"Opening - Viva La Vida Longevity Camp","og_description":"GRAND OPENING EVENT WITH EMIN AGALAROV AND REGAN HILLYER REGAN HILLYER ...","og_url":"https:\/\/vivalavidalongevity.com\/az\/opening\/","og_site_name":"Viva La Vida Longevity Camp","article_publisher":"https:\/\/www.facebook.com\/share\/1Arf4mR8d7\/?mibextid=kFxxJD","article_modified_time":"2025-03-05T15:10:06+00:00","og_image":[{"width":1890,"height":1063,"url":"https:\/\/vivalavidalongevity.com\/wp-content\/uploads\/2025\/03\/VLV-1.jpg","type":"image\/jpeg"}],"twitter_card":"summary_large_image","twitter_misc":{"Est. reading time":"2 minutes"},"schema":{"@context":"https:\/\/schema.org","@graph":[{"@type":"WebPage","@id":"https:\/\/vivalavidalongevity.com\/opening\/","url":"https:\/\/vivalavidalongevity.com\/opening\/","name":"Opening - Viva La Vida Longevity Camp","isPartOf":{"@id":"https:\/\/vivalavidalongevity.com\/#website"},"datePublished":"2024-11-24T12:14:18+00:00","dateModified":"2025-03-05T15:10:06+00:00","breadcrumb":{"@id":"https:\/\/vivalavidalongevity.com\/opening\/#breadcrumb"},"inLanguage":"az","potentialAction":[{"@type":"ReadAction","target":["https:\/\/vivalavidalongevity.com\/opening\/"]}]},{"@type":"BreadcrumbList","@id":"https:\/\/vivalavidalongevity.com\/opening\/#breadcrumb","itemListElement":[{"@type":"ListItem","position":1,"name":"Home","item":"https:\/\/vivalavidalongevity.com\/"},{"@type":"ListItem","position":2,"name":"Opening"}]},{"@type":"WebSite","@id":"https:\/\/vivalavidalongevity.com\/#website","url":"https:\/\/vivalavidalongevity.com\/","name":"Viva La Vida longevity","description":"H\u0259yat\u0131n\u0131z\u0131 yenid\u0259n canland\u0131r\u0131n!","publisher":{"@id":"https:\/\/vivalavidalongevity.com\/#organization"},"potentialAction":[{"@type":"SearchAction","target":{"@type":"EntryPoint","urlTemplate":"https:\/\/vivalavidalongevity.com\/?s={search_term_string}"},"query-input":{"@type":"PropertyValueSpecification","valueRequired":true,"valueName":"search_term_string"}}],"inLanguage":"az"},{"@type":"Organization","@id":"https:\/\/vivalavidalongevity.com\/#organization","name":"Viva La Vida longevity","url":"https:\/\/vivalavidalongevity.com\/","logo":{"@type":"ImageObject","inLanguage":"az","@id":"https:\/\/vivalavidalongevity.com\/#\/schema\/logo\/image\/","url":"https:\/\/vivalavidalongevity.com\/wp-content\/uploads\/2025\/03\/VLV-1.jpg","contentUrl":"https:\/\/vivalavidalongevity.com\/wp-content\/uploads\/2025\/03\/VLV-1.jpg","width":1890,"height":1063,"caption":"Viva La Vida longevity"},"image":{"@id":"https:\/\/vivalavidalongevity.com\/#\/schema\/logo\/image\/"},"sameAs":["https:\/\/www.facebook.com\/share\/1Arf4mR8d7\/?mibextid=kFxxJD"]}]}},"_links":{"self":[{"href":"https:\/\/vivalavidalongevity.com\/az\/wp-json\/wp\/v2\/pages\/1489","targetHints":{"allow":["GET"]}}],"collection":[{"href":"https:\/\/vivalavidalongevity.com\/az\/wp-json\/wp\/v2\/pages"}],"about":[{"href":"https:\/\/vivalavidalongevity.com\/az\/wp-json\/wp\/v2\/types\/page"}],"author":[{"embeddable":true,"href":"https:\/\/vivalavidalongevity.com\/az\/wp-json\/wp\/v2\/users\/1"}],"replies":[{"embeddable":true,"href":"https:\/\/vivalavidalongevity.com\/az\/wp-json\/wp\/v2\/comments?post=1489"}],"version-history":[{"count":0,"href":"https:\/\/vivalavidalongevity.com\/az\/wp-json\/wp\/v2\/pages\/1489\/revisions"}],"wp:attachment":[{"href":"https:\/\/vivalavidalongevity.com\/az\/wp-json\/wp\/v2\/media?parent=1489"}],"curies":[{"name":"wp","href":"https:\/\/api.w.org\/{rel}","templated":true}]}}