{"id":18,"date":"2024-06-10T08:25:52","date_gmt":"2024-06-10T08:25:52","guid":{"rendered":"http:\/\/xtratheme.comconstruction\/?page_id=10"},"modified":"2025-02-26T13:45:13","modified_gmt":"2025-02-26T13:45:13","slug":"contact","status":"publish","type":"page","link":"https:\/\/vivalavidalongevity.com\/az\/contact\/","title":{"rendered":"\u018flaq\u0259"},"content":{"rendered":"<div data-elementor-type=\"wp-page\" data-elementor-id=\"18\" class=\"elementor elementor-18\" data-elementor-post-type=\"page\">\n\t\t\t\t\t\t<section class=\"elementor-section elementor-top-section elementor-element elementor-element-7e3b95a5 elementor-section-stretched elementor-section-height-min-height elementor-section-boxed elementor-section-height-default elementor-section-items-middle\" data-id=\"7e3b95a5\" data-element_type=\"section\" data-e-type=\"section\" data-settings=\"{&quot;stretch_section&quot;:&quot;section-stretched&quot;,&quot;background_background&quot;:&quot;slideshow&quot;,&quot;background_slideshow_gallery&quot;:[{&quot;id&quot;:2508,&quot;url&quot;:&quot;https:\\\/\\\/vivalavidalongevity.com\\\/wp-content\\\/uploads\\\/2024\\\/12\\\/59-min.png&quot;},{&quot;id&quot;:2513,&quot;url&quot;:&quot;https:\\\/\\\/vivalavidalongevity.com\\\/wp-content\\\/uploads\\\/2024\\\/12\\\/65-min.png&quot;},{&quot;id&quot;:2512,&quot;url&quot;:&quot;https:\\\/\\\/vivalavidalongevity.com\\\/wp-content\\\/uploads\\\/2024\\\/12\\\/64-min.png&quot;},{&quot;id&quot;:1875,&quot;url&quot;:&quot;https:\\\/\\\/vivalavidalongevity.com\\\/wp-content\\\/uploads\\\/2024\\\/11\\\/af314796-7d7d-4b14-8ae5-7e7d989ea7dd.jpeg&quot;},{&quot;id&quot;:1873,&quot;url&quot;:&quot;https:\\\/\\\/vivalavidalongevity.com\\\/wp-content\\\/uploads\\\/2024\\\/11\\\/e1af63ce-bf8a-44b5-b01a-b2d9a13df5c2.jpeg&quot;},{&quot;id&quot;:1872,&quot;url&quot;:&quot;https:\\\/\\\/vivalavidalongevity.com\\\/wp-content\\\/uploads\\\/2024\\\/11\\\/ffedafb0-0bb0-4958-8a01-bb7846e15e55.jpeg&quot;}],&quot;background_slideshow_slide_duration&quot;:2000,&quot;shape_divider_bottom&quot;:&quot;mountains&quot;,&quot;background_slideshow_loop&quot;:&quot;yes&quot;,&quot;background_slideshow_slide_transition&quot;:&quot;fade&quot;,&quot;background_slideshow_transition_duration&quot;:500}\">\n\t\t\t\t\t\t\t<div class=\"elementor-background-overlay\"><\/div>\n\t\t\t\t\t\t<div class=\"elementor-shape elementor-shape-bottom\" aria-hidden=\"true\" data-negative=\"false\">\n\t\t\t<svg xmlns=\"http:\/\/www.w3.org\/2000\/svg\" viewbox=\"0 0 1000 100\" preserveaspectratio=\"none\">\n\t<path class=\"elementor-shape-fill\" opacity=\"0.33\" d=\"M473,67.3c-203.9,88.3-263.1-34-320.3,0C66,119.1,0,59.7,0,59.7V0h1000v59.7 c0,0-62.1,26.1-94.9,29.3c-32.8,3.3-62.8-12.3-75.8-22.1C806,49.6,745.3,8.7,694.9,4.7S492.4,59,473,67.3z\"\/>\n\t<path class=\"elementor-shape-fill\" opacity=\"0.66\" d=\"M734,67.3c-45.5,0-77.2-23.2-129.1-39.1c-28.6-8.7-150.3-10.1-254,39.1 s-91.7-34.4-149.2,0C115.7,118.3,0,39.8,0,39.8V0h1000v36.5c0,0-28.2-18.5-92.1-18.5C810.2,18.1,775.7,67.3,734,67.3z\"\/>\n\t<path class=\"elementor-shape-fill\" d=\"M766.1,28.9c-200-57.5-266,65.5-395.1,19.5C242,1.8,242,5.4,184.8,20.6C128,35.8,132.3,44.9,89.9,52.5C28.6,63.7,0,0,0,0 h1000c0,0-9.9,40.9-83.6,48.1S829.6,47,766.1,28.9z\"\/>\n<\/svg>\t\t<\/div>\n\t\t\t\t\t<div class=\"elementor-container elementor-column-gap-default\">\n\t\t\t\t\t<div class=\"elementor-column elementor-col-100 elementor-top-column elementor-element elementor-element-2e569c5\" data-id=\"2e569c5\" data-element_type=\"column\" data-e-type=\"column\">\n\t\t\t<div class=\"elementor-widget-wrap\">\n\t\t\t\t\t\t\t<\/div>\n\t\t<\/div>\n\t\t\t\t\t<\/div>\n\t\t<\/section>\n\t\t<div class=\"elementor-element elementor-element-b3a61c7 e-flex e-con-boxed e-con e-parent\" data-id=\"b3a61c7\" data-element_type=\"container\" data-e-type=\"container\">\n\t\t\t\t\t<div class=\"e-con-inner\">\n\t\t\t\t<div class=\"elementor-element elementor-element-0e0fee8 elementor-widget elementor-widget-heading\" data-id=\"0e0fee8\" data-element_type=\"widget\" data-e-type=\"widget\" data-widget_type=\"heading.default\">\n\t\t\t\t<div class=\"elementor-widget-container\">\n\t\t\t\t\t<h2 class=\"elementor-heading-title elementor-size-default\">\u018fLAQ\u018f<\/h2>\t\t\t\t<\/div>\n\t\t\t\t<\/div>\n\t\t\t\t\t<\/div>\n\t\t\t\t<\/div>\n\t\t\t\t<section class=\"elementor-section elementor-top-section elementor-element elementor-element-46deeaa elementor-section-boxed elementor-section-height-default elementor-section-height-default\" data-id=\"46deeaa\" data-element_type=\"section\" data-e-type=\"section\">\n\t\t\t\t\t\t<div class=\"elementor-container elementor-column-gap-default\">\n\t\t\t\t\t<div class=\"elementor-column elementor-col-33 elementor-top-column elementor-element elementor-element-3edede8\" data-id=\"3edede8\" data-element_type=\"column\" data-e-type=\"column\">\n\t\t\t<div class=\"elementor-widget-wrap elementor-element-populated\">\n\t\t\t\t\t\t<div class=\"elementor-element elementor-element-1c8cf7b elementor-widget elementor-widget-cz_title\" data-id=\"1c8cf7b\" data-element_type=\"widget\" data-e-type=\"widget\" data-widget_type=\"cz_title.default\">\n\t\t\t\t<div class=\"elementor-widget-container\">\n\t\t\t\t\t\t\r\n\t\t<div>\r\n\t\t\t<div class=\"cz_title clr cz_title_has_icon cz_title_pos_inline\"><a href=\"mailto:vivalavidacongress@gmail.com\"><div class=\"cz_title_content\"><i class=\"cz_title_icon_before fas fa-envelope\"><\/i><div class=\"cz_wpe_content\"><h3>E-po\u00e7t:<\/h3><p><span style=\"font-size: 14px;\">info@vivalavidalongevity.com<\/span><\/p><\/div><\/div><\/a><\/div>\r\n\t\t<\/div>\r\n\t\t\r\n\t\t\t\t\t\t<\/div>\n\t\t\t\t<\/div>\n\t\t\t\t\t<\/div>\n\t\t<\/div>\n\t\t\t\t<div class=\"elementor-column elementor-col-33 elementor-top-column elementor-element elementor-element-22b9a33\" data-id=\"22b9a33\" data-element_type=\"column\" data-e-type=\"column\">\n\t\t\t<div class=\"elementor-widget-wrap elementor-element-populated\">\n\t\t\t\t\t\t<div class=\"elementor-element elementor-element-5275597 elementor-widget elementor-widget-cz_title\" data-id=\"5275597\" data-element_type=\"widget\" data-e-type=\"widget\" data-widget_type=\"cz_title.default\">\n\t\t\t\t<div class=\"elementor-widget-container\">\n\t\t\t\t\t\t\r\n\t\t<div>\r\n\t\t\t<div class=\"cz_title clr cz_title_has_icon cz_title_pos_inline\"><a href=\"tel:+994504447806\"><div class=\"cz_title_content\"><i class=\"cz_title_icon_before fa fa-volume-control-phone\"><\/i><div class=\"cz_wpe_content\"><h3>Telefon<\/h3><p><span style=\"font-size: 14px;\">+994 50 444 78 06<\/span><\/p><\/div><\/div><\/a><\/div>\r\n\t\t<\/div>\r\n\t\t\r\n\t\t\t\t\t\t<\/div>\n\t\t\t\t<\/div>\n\t\t\t\t\t<\/div>\n\t\t<\/div>\n\t\t\t\t<div class=\"elementor-column elementor-col-33 elementor-top-column elementor-element elementor-element-979aacd\" data-id=\"979aacd\" data-element_type=\"column\" data-e-type=\"column\">\n\t\t\t<div class=\"elementor-widget-wrap elementor-element-populated\">\n\t\t\t\t\t\t<div class=\"elementor-element elementor-element-f9dbb51 elementor-widget elementor-widget-cz_title\" data-id=\"f9dbb51\" data-element_type=\"widget\" data-e-type=\"widget\" data-widget_type=\"cz_title.default\">\n\t\t\t\t<div class=\"elementor-widget-container\">\n\t\t\t\t\t\t\r\n\t\t<div>\r\n\t\t\t<div class=\"cz_title clr cz_title_has_icon cz_title_pos_inline\"><a href=\"https:\/\/google.com\/maps\/\"><div class=\"cz_title_content\"><i class=\"cz_title_icon_before fa fa-map-marker\"><\/i><div class=\"cz_wpe_content\"><h3>\u00dcnvan<\/h3><p><span style=\"font-size: 14px;\">Retreat Beach Resort by CaspiMayr<\/span><\/p><\/div><\/div><\/a><\/div>\r\n\t\t<\/div>\r\n\t\t\r\n\t\t\t\t\t\t<\/div>\n\t\t\t\t<\/div>\n\t\t\t\t\t<\/div>\n\t\t<\/div>\n\t\t\t\t\t<\/div>\n\t\t<\/section>\n\t\t<div class=\"elementor-element elementor-element-d3acdb4 e-flex e-con-boxed e-con e-parent\" data-id=\"d3acdb4\" data-element_type=\"container\" data-e-type=\"container\">\n\t\t\t\t\t<div class=\"e-con-inner\">\n\t\t<div class=\"elementor-element elementor-element-65fdf7b e-con-full e-flex e-con e-child\" data-id=\"65fdf7b\" data-element_type=\"container\" data-e-type=\"container\">\n\t\t<div class=\"elementor-element elementor-element-9961b4d e-con-full e-flex e-con e-child\" data-id=\"9961b4d\" data-element_type=\"container\" data-e-type=\"container\">\n\t\t\t\t<div class=\"elementor-element elementor-element-3435d39 elementor--h-position-center elementor--v-position-middle elementor-arrows-position-inside elementor-widget elementor-widget-slides\" data-id=\"3435d39\" data-element_type=\"widget\" data-e-type=\"widget\" data-settings=\"{&quot;navigation&quot;:&quot;arrows&quot;,&quot;autoplay&quot;:&quot;yes&quot;,&quot;pause_on_hover&quot;:&quot;yes&quot;,&quot;pause_on_interaction&quot;:&quot;yes&quot;,&quot;autoplay_speed&quot;:5000,&quot;infinite&quot;:&quot;yes&quot;,&quot;transition&quot;:&quot;slide&quot;,&quot;transition_speed&quot;:500}\" data-widget_type=\"slides.default\">\n\t\t\t\t<div class=\"elementor-widget-container\">\n\t\t\t\t\t\t\t\t\t<div class=\"elementor-swiper\">\n\t\t\t\t\t<div class=\"elementor-slides-wrapper elementor-main-swiper swiper\" role=\"region\" aria-roledescription=\"carousel\" aria-label=\"Slides\" dir=\"ltr\" data-animation=\"fadeInUp\">\n\t\t\t\t<div class=\"swiper-wrapper elementor-slides\">\n\t\t\t\t\t\t\t\t\t\t<div class=\"elementor-repeater-item-f8279e2 swiper-slide\" role=\"group\" aria-roledescription=\"slide\"><div class=\"swiper-slide-bg\" role=\"img\" aria-label=\"\"><\/div><div class=\"swiper-slide-inner\" ><div class=\"swiper-slide-contents\"><\/div><\/div><\/div><div class=\"elementor-repeater-item-275bf27 swiper-slide\" role=\"group\" aria-roledescription=\"slide\"><div class=\"swiper-slide-bg\" role=\"img\" aria-label=\"\"><\/div><div class=\"swiper-slide-inner\" ><div class=\"swiper-slide-contents\"><\/div><\/div><\/div>\t\t\t\t<\/div>\n\t\t\t\t\t\t\t\t\t\t\t\t\t\t\t<div class=\"elementor-swiper-button elementor-swiper-button-prev\" role=\"button\" tabindex=\"0\" aria-label=\"Previous slide\" data-no-translation-aria-label=\"\">\n\t\t\t\t\t\t\t<i aria-hidden=\"true\" class=\"eicon-chevron-left\"><\/i>\t\t\t\t\t\t<\/div>\n\t\t\t\t\t\t<div class=\"elementor-swiper-button elementor-swiper-button-next\" role=\"button\" tabindex=\"0\" aria-label=\"Next slide\" data-no-translation-aria-label=\"\">\n\t\t\t\t\t\t\t<i aria-hidden=\"true\" class=\"eicon-chevron-right\"><\/i>\t\t\t\t\t\t<\/div>\n\t\t\t\t\t\t\t\t\t\t\t\t\t\t\t\t\t<\/div>\n\t\t\t\t<\/div>\n\t\t\t\t\t\t\t\t<\/div>\n\t\t\t\t<\/div>\n\t\t\t\t<\/div>\n\t\t<div class=\"elementor-element elementor-element-0147135 e-con-full e-flex e-con e-child\" data-id=\"0147135\" data-element_type=\"container\" data-e-type=\"container\">\n\t\t\t\t<div class=\"elementor-element elementor-element-222aa82 elementor-widget elementor-widget-google_maps\" data-id=\"222aa82\" data-element_type=\"widget\" data-e-type=\"widget\" data-widget_type=\"google_maps.default\">\n\t\t\t\t<div class=\"elementor-widget-container\">\n\t\t\t\t\t\t\t<div class=\"elementor-custom-embed\">\n\t\t\t<iframe loading=\"lazy\"\n\t\t\t\t\tsrc=\"https:\/\/maps.google.com\/maps?q=Nardaran%2C%20Sea%20Breeze%20Resort%2C%20CaspiMayr%2C%20Baku%2C%20Azerbaijan&#038;t=m&#038;z=10&#038;output=embed&#038;iwloc=near\"\n\t\t\t\t\ttitle=\"Nardaran, Sea Breeze Resort, CaspiMayr, Baku, Azerbaijan\"\n\t\t\t\t\taria-label=\"Nardaran, Sea Breeze Resort, CaspiMayr, Baku, Azerbaijan\"\n\t\t\t><\/iframe>\n\t\t<\/div>\n\t\t\t\t\t\t<\/div>\n\t\t\t\t<\/div>\n\t\t\t\t<div class=\"elementor-element elementor-element-ae719d1 elementor-invisible elementor-widget elementor-widget-text-editor\" data-id=\"ae719d1\" data-element_type=\"widget\" data-e-type=\"widget\" data-settings=\"{&quot;_animation&quot;:&quot;fadeIn&quot;}\" data-widget_type=\"text-editor.default\">\n\t\t\t\t<div class=\"elementor-widget-container\">\n\t\t\t\t\t\t\t\t\t<p><a href=\"https:\/\/www.instagram.com\/caspimayr_retreat?igsh=MW54d2Z1c3hyZ2hlZA%3D%3D\"><strong>CASPIMAYR RETREAT BEACH RESORT, SEA BREEZE<\/strong><\/a><\/p>\t\t\t\t\t\t\t\t<\/div>\n\t\t\t\t<\/div>\n\t\t\t\t<\/div>\n\t\t\t\t<\/div>\n\t\t\t\t\t<\/div>\n\t\t\t\t<\/div>\n\t\t\t\t<\/div>","protected":false},"excerpt":{"rendered":"<p>CONTACT US Email info@vivalavidalongevity.com Phone +994 50 444 78 06 Address &#8230; <\/p>","protected":false},"author":1,"featured_media":0,"parent":0,"menu_order":0,"comment_status":"closed","ping_status":"closed","template":"","meta":{"footnotes":""},"class_list":["post-18","page","type-page","status-publish","hentry"],"yoast_head":"<!-- This site is optimized with the Yoast SEO plugin v27.4 - https:\/\/yoast.com\/product\/yoast-seo-wordpress\/ -->\n<title>Contact - Viva La Vida Longevity Camp<\/title>\n<meta name=\"robots\" content=\"index, follow, max-snippet:-1, max-image-preview:large, max-video-preview:-1\" \/>\n<link rel=\"canonical\" href=\"https:\/\/vivalavidalongevity.com\/az\/contact\/\" \/>\n<meta property=\"og:locale\" content=\"az_AZ\" \/>\n<meta property=\"og:type\" content=\"article\" \/>\n<meta property=\"og:title\" content=\"Contact - Viva La Vida Longevity Camp\" \/>\n<meta property=\"og:description\" content=\"CONTACT US Email info@vivalavidalongevity.com Phone +994 50 444 78 06 Address ...\" \/>\n<meta property=\"og:url\" content=\"https:\/\/vivalavidalongevity.com\/az\/contact\/\" \/>\n<meta property=\"og:site_name\" content=\"Viva La Vida Longevity Camp\" \/>\n<meta property=\"article:publisher\" content=\"https:\/\/www.facebook.com\/share\/1Arf4mR8d7\/?mibextid=kFxxJD\" \/>\n<meta property=\"article:modified_time\" content=\"2025-02-26T13:45:13+00:00\" \/>\n<meta name=\"twitter:card\" content=\"summary_large_image\" \/>\n<script type=\"application\/ld+json\" class=\"yoast-schema-graph\">{\"@context\":\"https:\\\/\\\/schema.org\",\"@graph\":[{\"@type\":\"WebPage\",\"@id\":\"https:\\\/\\\/vivalavidalongevity.com\\\/contact\\\/\",\"url\":\"https:\\\/\\\/vivalavidalongevity.com\\\/contact\\\/\",\"name\":\"Contact - Viva La Vida Longevity Camp\",\"isPartOf\":{\"@id\":\"https:\\\/\\\/vivalavidalongevity.com\\\/#website\"},\"datePublished\":\"2024-06-10T08:25:52+00:00\",\"dateModified\":\"2025-02-26T13:45:13+00:00\",\"breadcrumb\":{\"@id\":\"https:\\\/\\\/vivalavidalongevity.com\\\/contact\\\/#breadcrumb\"},\"inLanguage\":\"az\",\"potentialAction\":[{\"@type\":\"ReadAction\",\"target\":[\"https:\\\/\\\/vivalavidalongevity.com\\\/contact\\\/\"]}]},{\"@type\":\"BreadcrumbList\",\"@id\":\"https:\\\/\\\/vivalavidalongevity.com\\\/contact\\\/#breadcrumb\",\"itemListElement\":[{\"@type\":\"ListItem\",\"position\":1,\"name\":\"Home\",\"item\":\"https:\\\/\\\/vivalavidalongevity.com\\\/\"},{\"@type\":\"ListItem\",\"position\":2,\"name\":\"Contact\"}]},{\"@type\":\"WebSite\",\"@id\":\"https:\\\/\\\/vivalavidalongevity.com\\\/#website\",\"url\":\"https:\\\/\\\/vivalavidalongevity.com\\\/\",\"name\":\"Viva La Vida longevity\",\"description\":\"Revive your life with us!\",\"publisher\":{\"@id\":\"https:\\\/\\\/vivalavidalongevity.com\\\/#organization\"},\"potentialAction\":[{\"@type\":\"SearchAction\",\"target\":{\"@type\":\"EntryPoint\",\"urlTemplate\":\"https:\\\/\\\/vivalavidalongevity.com\\\/?s={search_term_string}\"},\"query-input\":{\"@type\":\"PropertyValueSpecification\",\"valueRequired\":true,\"valueName\":\"search_term_string\"}}],\"inLanguage\":\"az\"},{\"@type\":\"Organization\",\"@id\":\"https:\\\/\\\/vivalavidalongevity.com\\\/#organization\",\"name\":\"Viva La Vida longevity\",\"url\":\"https:\\\/\\\/vivalavidalongevity.com\\\/\",\"logo\":{\"@type\":\"ImageObject\",\"inLanguage\":\"az\",\"@id\":\"https:\\\/\\\/vivalavidalongevity.com\\\/#\\\/schema\\\/logo\\\/image\\\/\",\"url\":\"https:\\\/\\\/vivalavidalongevity.com\\\/wp-content\\\/uploads\\\/2025\\\/03\\\/VLV-1.jpg\",\"contentUrl\":\"https:\\\/\\\/vivalavidalongevity.com\\\/wp-content\\\/uploads\\\/2025\\\/03\\\/VLV-1.jpg\",\"width\":1890,\"height\":1063,\"caption\":\"Viva La Vida longevity\"},\"image\":{\"@id\":\"https:\\\/\\\/vivalavidalongevity.com\\\/#\\\/schema\\\/logo\\\/image\\\/\"},\"sameAs\":[\"https:\\\/\\\/www.facebook.com\\\/share\\\/1Arf4mR8d7\\\/?mibextid=kFxxJD\"]}]}<\/script>\n<!-- \/ Yoast SEO plugin. -->","yoast_head_json":{"title":"Contact - Viva La Vida Longevity Camp","robots":{"index":"index","follow":"follow","max-snippet":"max-snippet:-1","max-image-preview":"max-image-preview:large","max-video-preview":"max-video-preview:-1"},"canonical":"https:\/\/vivalavidalongevity.com\/az\/contact\/","og_locale":"az_AZ","og_type":"article","og_title":"Contact - Viva La Vida Longevity Camp","og_description":"CONTACT US Email info@vivalavidalongevity.com Phone +994 50 444 78 06 Address ...","og_url":"https:\/\/vivalavidalongevity.com\/az\/contact\/","og_site_name":"Viva La Vida Longevity Camp","article_publisher":"https:\/\/www.facebook.com\/share\/1Arf4mR8d7\/?mibextid=kFxxJD","article_modified_time":"2025-02-26T13:45:13+00:00","twitter_card":"summary_large_image","schema":{"@context":"https:\/\/schema.org","@graph":[{"@type":"WebPage","@id":"https:\/\/vivalavidalongevity.com\/contact\/","url":"https:\/\/vivalavidalongevity.com\/contact\/","name":"Contact - Viva La Vida Longevity Camp","isPartOf":{"@id":"https:\/\/vivalavidalongevity.com\/#website"},"datePublished":"2024-06-10T08:25:52+00:00","dateModified":"2025-02-26T13:45:13+00:00","breadcrumb":{"@id":"https:\/\/vivalavidalongevity.com\/contact\/#breadcrumb"},"inLanguage":"az","potentialAction":[{"@type":"ReadAction","target":["https:\/\/vivalavidalongevity.com\/contact\/"]}]},{"@type":"BreadcrumbList","@id":"https:\/\/vivalavidalongevity.com\/contact\/#breadcrumb","itemListElement":[{"@type":"ListItem","position":1,"name":"Home","item":"https:\/\/vivalavidalongevity.com\/"},{"@type":"ListItem","position":2,"name":"Contact"}]},{"@type":"WebSite","@id":"https:\/\/vivalavidalongevity.com\/#website","url":"https:\/\/vivalavidalongevity.com\/","name":"Viva La Vida longevity","description":"H\u0259yat\u0131n\u0131z\u0131 yenid\u0259n canland\u0131r\u0131n!","publisher":{"@id":"https:\/\/vivalavidalongevity.com\/#organization"},"potentialAction":[{"@type":"SearchAction","target":{"@type":"EntryPoint","urlTemplate":"https:\/\/vivalavidalongevity.com\/?s={search_term_string}"},"query-input":{"@type":"PropertyValueSpecification","valueRequired":true,"valueName":"search_term_string"}}],"inLanguage":"az"},{"@type":"Organization","@id":"https:\/\/vivalavidalongevity.com\/#organization","name":"Viva La Vida longevity","url":"https:\/\/vivalavidalongevity.com\/","logo":{"@type":"ImageObject","inLanguage":"az","@id":"https:\/\/vivalavidalongevity.com\/#\/schema\/logo\/image\/","url":"https:\/\/vivalavidalongevity.com\/wp-content\/uploads\/2025\/03\/VLV-1.jpg","contentUrl":"https:\/\/vivalavidalongevity.com\/wp-content\/uploads\/2025\/03\/VLV-1.jpg","width":1890,"height":1063,"caption":"Viva La Vida longevity"},"image":{"@id":"https:\/\/vivalavidalongevity.com\/#\/schema\/logo\/image\/"},"sameAs":["https:\/\/www.facebook.com\/share\/1Arf4mR8d7\/?mibextid=kFxxJD"]}]}},"_links":{"self":[{"href":"https:\/\/vivalavidalongevity.com\/az\/wp-json\/wp\/v2\/pages\/18","targetHints":{"allow":["GET"]}}],"collection":[{"href":"https:\/\/vivalavidalongevity.com\/az\/wp-json\/wp\/v2\/pages"}],"about":[{"href":"https:\/\/vivalavidalongevity.com\/az\/wp-json\/wp\/v2\/types\/page"}],"author":[{"embeddable":true,"href":"https:\/\/vivalavidalongevity.com\/az\/wp-json\/wp\/v2\/users\/1"}],"replies":[{"embeddable":true,"href":"https:\/\/vivalavidalongevity.com\/az\/wp-json\/wp\/v2\/comments?post=18"}],"version-history":[{"count":0,"href":"https:\/\/vivalavidalongevity.com\/az\/wp-json\/wp\/v2\/pages\/18\/revisions"}],"wp:attachment":[{"href":"https:\/\/vivalavidalongevity.com\/az\/wp-json\/wp\/v2\/media?parent=18"}],"curies":[{"name":"wp","href":"https:\/\/api.w.org\/{rel}","templated":true}]}}