{"id":4962,"date":"2025-02-18T07:22:44","date_gmt":"2025-02-18T07:22:44","guid":{"rendered":"https:\/\/vivalavidalongevity.com\/?page_id=4962"},"modified":"2025-02-19T10:30:36","modified_gmt":"2025-02-19T10:30:36","slug":"privacy-policy","status":"publish","type":"page","link":"https:\/\/vivalavidalongevity.com\/az\/privacy-policy\/","title":{"rendered":"Privacy policy"},"content":{"rendered":"<div data-elementor-type=\"wp-page\" data-elementor-id=\"4962\" class=\"elementor elementor-4962\" data-elementor-post-type=\"page\">\n\t\t\t\t<div class=\"elementor-element elementor-element-51422c8 e-flex e-con-boxed e-con e-parent\" data-id=\"51422c8\" data-element_type=\"container\" data-e-type=\"container\">\n\t\t\t\t\t<div class=\"e-con-inner\">\n\t\t\t\t<div class=\"elementor-element elementor-element-88c1c9c elementor-widget elementor-widget-heading\" data-id=\"88c1c9c\" data-element_type=\"widget\" data-e-type=\"widget\" data-widget_type=\"heading.default\">\n\t\t\t\t<div class=\"elementor-widget-container\">\n\t\t\t\t\t<h2 class=\"elementor-heading-title elementor-size-default\">Gizlilik Siyas\u0259ti<\/h2>\t\t\t\t<\/div>\n\t\t\t\t<\/div>\n\t\t\t\t\t<\/div>\n\t\t\t\t<\/div>\n\t\t<div class=\"elementor-element elementor-element-411c899 e-flex e-con-boxed e-con e-parent\" data-id=\"411c899\" data-element_type=\"container\" data-e-type=\"container\">\n\t\t\t\t\t<div class=\"e-con-inner\">\n\t\t<div class=\"elementor-element elementor-element-cad5404 e-con-full e-flex e-con e-child\" data-id=\"cad5404\" data-element_type=\"container\" data-e-type=\"container\">\n\t\t\t\t<\/div>\n\t\t<div class=\"elementor-element elementor-element-fd6c2ae e-con-full e-flex e-con e-child\" data-id=\"fd6c2ae\" data-element_type=\"container\" data-e-type=\"container\">\n\t\t\t\t<div class=\"elementor-element elementor-element-05d2035 elementor-widget elementor-widget-text-editor\" data-id=\"05d2035\" data-element_type=\"widget\" data-e-type=\"widget\" data-widget_type=\"text-editor.default\">\n\t\t\t\t<div class=\"elementor-widget-container\">\n\t\t\t\t\t\t\t\t\t<h4>\u00dcMUMI M\u00dcDD\u018fALAR<\/h4><h4>Bu Gizlilik Siyas\u0259ti (bundan sonra \"Siyas\u0259t\") vivalavidalongevity.com veb sayt\u0131n\u0131 ziyar\u0259t ed\u0259n v\u0259 bizim t\u0259\u015fkil etdiyimiz konfranslar, seminarlar v\u0259 dig\u0259r t\u0259dbirl\u0259rd\u0259 i\u015ftirak ed\u0259n istifad\u0259\u00e7il\u0259rin \u015f\u0259xsi m\u0259lumatlar\u0131n\u0131n i\u015fl\u0259nm\u0259sini v\u0259 qorunmas\u0131n\u0131 t\u0259nziml\u0259yir.<\/h4><h4>\u015e\u018fXSI M\u018fLUMATLARIN TOPLANMASI V\u018f \u0130\u015eL\u018fNM\u018fSI<\/h4><h4>Biz a\u015fa\u011f\u0131dak\u0131 kateqoriyalara aid \u015f\u0259xsi m\u0259lumatlar\u0131 toplay\u0131r v\u0259 i\u015fl\u0259yirik:<\/h4><ul><li><h4>\u018flaq\u0259 m\u0259lumatlar\u0131 (ad, telefon, e-po\u00e7t);<\/h4><\/li><li><h4>\u00d6d\u0259ni\u015f m\u0259lumatlar\u0131 (t\u0259dbird\u0259 i\u015ftirak \u00fc\u00e7\u00fcn \u00f6d\u0259ni\u015f edildikd\u0259);<\/h4><\/li><li><h4>IP \u00fcnvan\u0131, veb sayta bax\u0131\u015f m\u0259lumatlar\u0131.<\/h4><\/li><\/ul><h4>\u015e\u0259xsi m\u0259lumatlar i\u015ftirak\u00e7\u0131lar\u0131n qeydiyyat\u0131, t\u0259dbirl\u0259rin t\u0259\u015fkili, informasiya b\u00fclleteni g\u00f6nd\u0259rilm\u0259si v\u0259 qanunvericilik t\u0259l\u0259bl\u0259rinin yerin\u0259 yetirilm\u0259si m\u0259qs\u0259dil\u0259 toplan\u0131r.<\/h4><h4>M\u018fLUMATLARIN SAXLANMASI V\u018f QORUNMASI<\/h4><h4>Biz \u015f\u0259xsi m\u0259lumatlar\u0131n qorunmas\u0131 \u00fc\u00e7\u00fcn b\u00fct\u00fcn z\u0259ruri t\u0259dbirl\u0259ri g\u00f6r\u00fcr\u00fck, o c\u00fcml\u0259d\u0259n:<\/h4><ul><li><h4>M\u00fcasir \u015fifr\u0259l\u0259m\u0259 texnologiyalar\u0131ndan istifad\u0259 edirik;<\/h4><\/li><li><h4>M\u0259lumatlara giri\u015fin idar\u0259 olunmas\u0131n\u0131 t\u0259min edirik;<\/h4><\/li><li><h4>\u0130stifad\u0259\u00e7inin raz\u0131l\u0131\u011f\u0131 olmadan m\u0259lumatlar\u0131 \u00fc\u00e7\u00fcnc\u00fc \u015f\u0259xsl\u0259r\u0259 \u00f6t\u00fcrm\u00fcr\u00fck, qanunla t\u0259l\u0259b olunan hallar istisna olmaqla.<\/h4><\/li><\/ul><h4>\u015e\u018fXSI M\u018fLUMATLARIN \u00dc\u00c7\u00dcNC\u00dc \u015e\u018fXSL\u018fR\u018f \u00d6T\u00dcR\u00dcLM\u018fSI<\/h4><h4>Biz \u015f\u0259xsi m\u0259lumatlar\u0131 yaln\u0131z a\u015fa\u011f\u0131dak\u0131 hallarda \u00fc\u00e7\u00fcnc\u00fc \u015f\u0259xsl\u0259r\u0259 \u00f6t\u00fcr\u0259 bil\u0259rik:<\/h4><ul><li><h4>\u00d6d\u0259ni\u015f sisteml\u0259ri vasit\u0259sil\u0259 \u00f6d\u0259ni\u015fl\u0259rin i\u015fl\u0259nm\u0259si \u00fc\u00e7\u00fcn;<\/h4><\/li><li><h4>E-po\u00e7t xidm\u0259tl\u0259ri vasit\u0259sil\u0259 m\u0259lumat g\u00f6nd\u0259rilm\u0259si \u00fc\u00e7\u00fcn;<\/h4><\/li><li><h4>Qanunvericilik t\u0259l\u0259bl\u0259ri \u00e7\u0259r\u00e7iv\u0259sind\u0259.<\/h4><\/li><\/ul><h4>\u0130STIFAD\u018f\u00c7I H\u00dcQUQLARI<\/h4><h4>Siz a\u015fa\u011f\u0131dak\u0131 h\u00fcquqlara maliksiniz:<\/h4><ul><li><h4>M\u0259lumatlar\u0131n d\u00fcz\u0259ldilm\u0259sini v\u0259 ya silinm\u0259sini t\u0259l\u0259b etm\u0259k;<\/h4><\/li><li><h4>M\u0259lumatlar\u0131n i\u015fl\u0259nm\u0259sin\u0259 verdiyiniz raz\u0131l\u0131\u011f\u0131 geri g\u00f6t\u00fcrm\u0259k;<\/h4><\/li><li><h4>H\u00fcquqlar\u0131n\u0131z\u0131n pozuldu\u011funu d\u00fc\u015f\u00fcn\u00fcrs\u00fcn\u00fczs\u0259, m\u00fcvafiq orqanlara \u015fikay\u0259t verm\u0259k.<\/h4><\/li><\/ul><h4>COOKIE-L\u018fRIN \u0130STIFAD\u018fSI<\/h4><h4>Biz veb sayt\u0131n i\u015fl\u0259m\u0259sini yax\u015f\u0131la\u015fd\u0131rmaq \u00fc\u00e7\u00fcn cookie-l\u0259rd\u0259n istifad\u0259 edirik. Brauzerinizd\u0259 cookie parametrl\u0259rini d\u0259yi\u015f\u0259 bil\u0259rsiniz.<\/h4><h4>SIYAS\u018fTD\u018f D\u018fYI\u015eIKLIKL\u018fR<\/h4><h4>Biz bu Siyas\u0259ti d\u0259yi\u015fdirm\u0259k h\u00fcququnu \u00f6z\u00fcm\u00fczd\u0259 saxlay\u0131r\u0131q. Yenil\u0259nmi\u015f versiya veb saytda \u0259l\u00e7atan olacaq.<\/h4><h4>\u018fLAQ\u018f M\u018fLUMATLARI<\/h4><h4>\u015e\u0259xsi m\u0259lumatlar\u0131n i\u015fl\u0259nm\u0259si il\u0259 ba\u011fl\u0131 suallar\u0131n\u0131z varsa, biziml\u0259 \u0259laq\u0259 saxlay\u0131n:<\/h4><h4>E-po\u00e7t: info@vivalavidalongevity.com<br \/>Telefon: +994 50 444 78 06<\/h4>\t\t\t\t\t\t\t\t<\/div>\n\t\t\t\t<\/div>\n\t\t\t\t<div class=\"elementor-element elementor-element-e84b897 elementor-widget elementor-widget-spacer\" data-id=\"e84b897\" data-element_type=\"widget\" data-e-type=\"widget\" data-widget_type=\"spacer.default\">\n\t\t\t\t<div class=\"elementor-widget-container\">\n\t\t\t\t\t\t\t<div class=\"elementor-spacer\">\n\t\t\t<div class=\"elementor-spacer-inner\"><\/div>\n\t\t<\/div>\n\t\t\t\t\t\t<\/div>\n\t\t\t\t<\/div>\n\t\t\t\t<\/div>\n\t\t<div class=\"elementor-element elementor-element-fea15d9 e-con-full e-flex e-con e-child\" data-id=\"fea15d9\" data-element_type=\"container\" data-e-type=\"container\">\n\t\t\t\t<\/div>\n\t\t\t\t\t<\/div>\n\t\t\t\t<\/div>\n\t\t\t\t<\/div>","protected":false},"excerpt":{"rendered":"<p>privacy policy GENERAL PROVISIONS This Privacy Policy (hereinafter referred to as &#8230; <\/p>","protected":false},"author":1,"featured_media":0,"parent":0,"menu_order":0,"comment_status":"closed","ping_status":"closed","template":"","meta":{"footnotes":""},"class_list":["post-4962","page","type-page","status-publish","hentry"],"yoast_head":"<!-- This site is optimized with the Yoast SEO plugin v27.4 - https:\/\/yoast.com\/product\/yoast-seo-wordpress\/ -->\n<title>Privacy policy - Viva La Vida Longevity Camp<\/title>\n<meta name=\"robots\" content=\"index, follow, max-snippet:-1, max-image-preview:large, max-video-preview:-1\" \/>\n<link rel=\"canonical\" href=\"https:\/\/vivalavidalongevity.com\/az\/privacy-policy\/\" \/>\n<meta property=\"og:locale\" content=\"az_AZ\" \/>\n<meta property=\"og:type\" content=\"article\" \/>\n<meta property=\"og:title\" content=\"Privacy policy - Viva La Vida Longevity Camp\" \/>\n<meta property=\"og:description\" content=\"privacy policy GENERAL PROVISIONS This Privacy Policy (hereinafter referred to as ...\" \/>\n<meta property=\"og:url\" content=\"https:\/\/vivalavidalongevity.com\/az\/privacy-policy\/\" \/>\n<meta property=\"og:site_name\" content=\"Viva La Vida Longevity Camp\" \/>\n<meta property=\"article:publisher\" content=\"https:\/\/www.facebook.com\/share\/1Arf4mR8d7\/?mibextid=kFxxJD\" \/>\n<meta property=\"article:modified_time\" content=\"2025-02-19T10:30:36+00:00\" \/>\n<meta name=\"twitter:card\" content=\"summary_large_image\" \/>\n<meta name=\"twitter:label1\" content=\"Est. reading time\" \/>\n\t<meta name=\"twitter:data1\" content=\"1 minute\" \/>\n<script type=\"application\/ld+json\" class=\"yoast-schema-graph\">{\"@context\":\"https:\\\/\\\/schema.org\",\"@graph\":[{\"@type\":\"WebPage\",\"@id\":\"https:\\\/\\\/vivalavidalongevity.com\\\/privacy-policy\\\/\",\"url\":\"https:\\\/\\\/vivalavidalongevity.com\\\/privacy-policy\\\/\",\"name\":\"Privacy policy - Viva La Vida Longevity Camp\",\"isPartOf\":{\"@id\":\"https:\\\/\\\/vivalavidalongevity.com\\\/#website\"},\"datePublished\":\"2025-02-18T07:22:44+00:00\",\"dateModified\":\"2025-02-19T10:30:36+00:00\",\"breadcrumb\":{\"@id\":\"https:\\\/\\\/vivalavidalongevity.com\\\/privacy-policy\\\/#breadcrumb\"},\"inLanguage\":\"az\",\"potentialAction\":[{\"@type\":\"ReadAction\",\"target\":[\"https:\\\/\\\/vivalavidalongevity.com\\\/privacy-policy\\\/\"]}]},{\"@type\":\"BreadcrumbList\",\"@id\":\"https:\\\/\\\/vivalavidalongevity.com\\\/privacy-policy\\\/#breadcrumb\",\"itemListElement\":[{\"@type\":\"ListItem\",\"position\":1,\"name\":\"Home\",\"item\":\"https:\\\/\\\/vivalavidalongevity.com\\\/\"},{\"@type\":\"ListItem\",\"position\":2,\"name\":\"Privacy policy\"}]},{\"@type\":\"WebSite\",\"@id\":\"https:\\\/\\\/vivalavidalongevity.com\\\/#website\",\"url\":\"https:\\\/\\\/vivalavidalongevity.com\\\/\",\"name\":\"Viva La Vida longevity\",\"description\":\"Revive your life with us!\",\"publisher\":{\"@id\":\"https:\\\/\\\/vivalavidalongevity.com\\\/#organization\"},\"potentialAction\":[{\"@type\":\"SearchAction\",\"target\":{\"@type\":\"EntryPoint\",\"urlTemplate\":\"https:\\\/\\\/vivalavidalongevity.com\\\/?s={search_term_string}\"},\"query-input\":{\"@type\":\"PropertyValueSpecification\",\"valueRequired\":true,\"valueName\":\"search_term_string\"}}],\"inLanguage\":\"az\"},{\"@type\":\"Organization\",\"@id\":\"https:\\\/\\\/vivalavidalongevity.com\\\/#organization\",\"name\":\"Viva La Vida longevity\",\"url\":\"https:\\\/\\\/vivalavidalongevity.com\\\/\",\"logo\":{\"@type\":\"ImageObject\",\"inLanguage\":\"az\",\"@id\":\"https:\\\/\\\/vivalavidalongevity.com\\\/#\\\/schema\\\/logo\\\/image\\\/\",\"url\":\"https:\\\/\\\/vivalavidalongevity.com\\\/wp-content\\\/uploads\\\/2025\\\/03\\\/VLV-1.jpg\",\"contentUrl\":\"https:\\\/\\\/vivalavidalongevity.com\\\/wp-content\\\/uploads\\\/2025\\\/03\\\/VLV-1.jpg\",\"width\":1890,\"height\":1063,\"caption\":\"Viva La Vida longevity\"},\"image\":{\"@id\":\"https:\\\/\\\/vivalavidalongevity.com\\\/#\\\/schema\\\/logo\\\/image\\\/\"},\"sameAs\":[\"https:\\\/\\\/www.facebook.com\\\/share\\\/1Arf4mR8d7\\\/?mibextid=kFxxJD\"]}]}<\/script>\n<!-- \/ Yoast SEO plugin. -->","yoast_head_json":{"title":"Privacy policy - Viva La Vida Longevity Camp","robots":{"index":"index","follow":"follow","max-snippet":"max-snippet:-1","max-image-preview":"max-image-preview:large","max-video-preview":"max-video-preview:-1"},"canonical":"https:\/\/vivalavidalongevity.com\/az\/privacy-policy\/","og_locale":"az_AZ","og_type":"article","og_title":"Privacy policy - Viva La Vida Longevity Camp","og_description":"privacy policy GENERAL PROVISIONS This Privacy Policy (hereinafter referred to as ...","og_url":"https:\/\/vivalavidalongevity.com\/az\/privacy-policy\/","og_site_name":"Viva La Vida Longevity Camp","article_publisher":"https:\/\/www.facebook.com\/share\/1Arf4mR8d7\/?mibextid=kFxxJD","article_modified_time":"2025-02-19T10:30:36+00:00","twitter_card":"summary_large_image","twitter_misc":{"Est. reading time":"1 minute"},"schema":{"@context":"https:\/\/schema.org","@graph":[{"@type":"WebPage","@id":"https:\/\/vivalavidalongevity.com\/privacy-policy\/","url":"https:\/\/vivalavidalongevity.com\/privacy-policy\/","name":"Privacy policy - Viva La Vida Longevity Camp","isPartOf":{"@id":"https:\/\/vivalavidalongevity.com\/#website"},"datePublished":"2025-02-18T07:22:44+00:00","dateModified":"2025-02-19T10:30:36+00:00","breadcrumb":{"@id":"https:\/\/vivalavidalongevity.com\/privacy-policy\/#breadcrumb"},"inLanguage":"az","potentialAction":[{"@type":"ReadAction","target":["https:\/\/vivalavidalongevity.com\/privacy-policy\/"]}]},{"@type":"BreadcrumbList","@id":"https:\/\/vivalavidalongevity.com\/privacy-policy\/#breadcrumb","itemListElement":[{"@type":"ListItem","position":1,"name":"Home","item":"https:\/\/vivalavidalongevity.com\/"},{"@type":"ListItem","position":2,"name":"Privacy policy"}]},{"@type":"WebSite","@id":"https:\/\/vivalavidalongevity.com\/#website","url":"https:\/\/vivalavidalongevity.com\/","name":"Viva La Vida longevity","description":"H\u0259yat\u0131n\u0131z\u0131 yenid\u0259n canland\u0131r\u0131n!","publisher":{"@id":"https:\/\/vivalavidalongevity.com\/#organization"},"potentialAction":[{"@type":"SearchAction","target":{"@type":"EntryPoint","urlTemplate":"https:\/\/vivalavidalongevity.com\/?s={search_term_string}"},"query-input":{"@type":"PropertyValueSpecification","valueRequired":true,"valueName":"search_term_string"}}],"inLanguage":"az"},{"@type":"Organization","@id":"https:\/\/vivalavidalongevity.com\/#organization","name":"Viva La Vida longevity","url":"https:\/\/vivalavidalongevity.com\/","logo":{"@type":"ImageObject","inLanguage":"az","@id":"https:\/\/vivalavidalongevity.com\/#\/schema\/logo\/image\/","url":"https:\/\/vivalavidalongevity.com\/wp-content\/uploads\/2025\/03\/VLV-1.jpg","contentUrl":"https:\/\/vivalavidalongevity.com\/wp-content\/uploads\/2025\/03\/VLV-1.jpg","width":1890,"height":1063,"caption":"Viva La Vida longevity"},"image":{"@id":"https:\/\/vivalavidalongevity.com\/#\/schema\/logo\/image\/"},"sameAs":["https:\/\/www.facebook.com\/share\/1Arf4mR8d7\/?mibextid=kFxxJD"]}]}},"_links":{"self":[{"href":"https:\/\/vivalavidalongevity.com\/az\/wp-json\/wp\/v2\/pages\/4962","targetHints":{"allow":["GET"]}}],"collection":[{"href":"https:\/\/vivalavidalongevity.com\/az\/wp-json\/wp\/v2\/pages"}],"about":[{"href":"https:\/\/vivalavidalongevity.com\/az\/wp-json\/wp\/v2\/types\/page"}],"author":[{"embeddable":true,"href":"https:\/\/vivalavidalongevity.com\/az\/wp-json\/wp\/v2\/users\/1"}],"replies":[{"embeddable":true,"href":"https:\/\/vivalavidalongevity.com\/az\/wp-json\/wp\/v2\/comments?post=4962"}],"version-history":[{"count":0,"href":"https:\/\/vivalavidalongevity.com\/az\/wp-json\/wp\/v2\/pages\/4962\/revisions"}],"wp:attachment":[{"href":"https:\/\/vivalavidalongevity.com\/az\/wp-json\/wp\/v2\/media?parent=4962"}],"curies":[{"name":"wp","href":"https:\/\/api.w.org\/{rel}","templated":true}]}}