{"id":5945,"date":"2025-04-17T14:03:53","date_gmt":"2025-04-17T14:03:53","guid":{"rendered":"https:\/\/vivalavidalongevity.com\/?page_id=5945"},"modified":"2025-04-22T09:30:47","modified_gmt":"2025-04-22T09:30:47","slug":"legal-and-bank-details","status":"publish","type":"page","link":"https:\/\/vivalavidalongevity.com\/az\/legal-and-bank-details\/","title":{"rendered":"Bank v\u0259 h\u00fcquqi m\u0259lumatlar"},"content":{"rendered":"<div data-elementor-type=\"wp-page\" data-elementor-id=\"5945\" class=\"elementor elementor-5945\" data-elementor-post-type=\"page\">\n\t\t\t\t<div class=\"elementor-element elementor-element-51422c8 e-flex e-con-boxed e-con e-parent\" data-id=\"51422c8\" data-element_type=\"container\" data-e-type=\"container\">\n\t\t\t\t\t<div class=\"e-con-inner\">\n\t\t\t\t<div class=\"elementor-element elementor-element-88c1c9c elementor-widget elementor-widget-heading\" data-id=\"88c1c9c\" data-element_type=\"widget\" data-e-type=\"widget\" data-widget_type=\"heading.default\">\n\t\t\t\t<div class=\"elementor-widget-container\">\n\t\t\t\t\t<h2 class=\"elementor-heading-title elementor-size-default\">Bank v\u0259 h\u00fcquqi m\u0259lumatlar<\/h2>\t\t\t\t<\/div>\n\t\t\t\t<\/div>\n\t\t\t\t\t<\/div>\n\t\t\t\t<\/div>\n\t\t<div class=\"elementor-element elementor-element-b0bde48 e-flex e-con-boxed e-con e-parent\" data-id=\"b0bde48\" data-element_type=\"container\" data-e-type=\"container\">\n\t\t\t\t\t<div class=\"e-con-inner\">\n\t\t<div class=\"elementor-element elementor-element-d85ae8b e-con-full e-flex e-con e-child\" data-id=\"d85ae8b\" data-element_type=\"container\" data-e-type=\"container\">\n\t\t<div class=\"elementor-element elementor-element-9e0c4f5 e-con-full e-flex e-con e-child\" data-id=\"9e0c4f5\" data-element_type=\"container\" data-e-type=\"container\">\n\t\t\t\t<\/div>\n\t\t<div class=\"elementor-element elementor-element-9cf308b e-con-full e-flex e-con e-child\" data-id=\"9cf308b\" data-element_type=\"container\" data-e-type=\"container\">\n\t\t\t\t<div class=\"elementor-element elementor-element-8f826be elementor-widget elementor-widget-image\" data-id=\"8f826be\" data-element_type=\"widget\" data-e-type=\"widget\" data-widget_type=\"image.default\">\n\t\t\t\t<div class=\"elementor-widget-container\">\n\t\t\t\t\t\t\t\t\t\t\t\t\t\t\t\t<a href=\"https:\/\/vivalavidalongevity.com\/wp-content\/uploads\/2025\/04\/v.webp\" data-elementor-open-lightbox=\"yes\" data-elementor-lightbox-title=\"v\" data-e-action-hash=\"#elementor-action%3Aaction%3Dlightbox%26settings%3DeyJpZCI6NTk5MiwidXJsIjoiaHR0cHM6XC9cL3ZpdmFsYXZpZGFsb25nZXZpdHkuY29tXC93cC1jb250ZW50XC91cGxvYWRzXC8yMDI1XC8wNFwvdi53ZWJwIn0%3D\">\n\t\t\t\t\t\t\t<img fetchpriority=\"high\" decoding=\"async\" width=\"1024\" height=\"370\" src=\"https:\/\/vivalavidalongevity.com\/wp-content\/uploads\/2025\/04\/v-1024x370.webp\" class=\"attachment-large size-large wp-image-5992\" alt=\"\" srcset=\"https:\/\/vivalavidalongevity.com\/wp-content\/uploads\/2025\/04\/v-1024x370.webp 1024w, https:\/\/vivalavidalongevity.com\/wp-content\/uploads\/2025\/04\/v-300x108.webp 300w, https:\/\/vivalavidalongevity.com\/wp-content\/uploads\/2025\/04\/v-768x277.webp 768w, https:\/\/vivalavidalongevity.com\/wp-content\/uploads\/2025\/04\/v-1536x555.webp 1536w, https:\/\/vivalavidalongevity.com\/wp-content\/uploads\/2025\/04\/v-18x7.webp 18w, https:\/\/vivalavidalongevity.com\/wp-content\/uploads\/2025\/04\/v-600x217.webp 600w, https:\/\/vivalavidalongevity.com\/wp-content\/uploads\/2025\/04\/v-1000x361.webp 1000w, https:\/\/vivalavidalongevity.com\/wp-content\/uploads\/2025\/04\/v.webp 1802w\" sizes=\"(max-width: 1024px) 100vw, 1024px\" \/>\t\t\t\t\t\t\t\t<\/a>\n\t\t\t\t\t\t\t\t\t\t\t\t\t\t\t<\/div>\n\t\t\t\t<\/div>\n\t\t\t\t<\/div>\n\t\t<div class=\"elementor-element elementor-element-0d8ea12 e-con-full e-flex e-con e-child\" data-id=\"0d8ea12\" data-element_type=\"container\" data-e-type=\"container\">\n\t\t\t\t<\/div>\n\t\t\t\t<\/div>\n\t\t\t\t\t<\/div>\n\t\t\t\t<\/div>\n\t\t<div class=\"elementor-element elementor-element-f1d2d19 e-flex e-con-boxed e-con e-parent\" data-id=\"f1d2d19\" data-element_type=\"container\" data-e-type=\"container\">\n\t\t\t\t\t<div class=\"e-con-inner\">\n\t\t<div class=\"elementor-element elementor-element-29be47a e-grid e-con-full e-con e-child\" data-id=\"29be47a\" data-element_type=\"container\" data-e-type=\"container\">\n\t\t\t\t<div class=\"elementor-element elementor-element-d8634bd elementor-widget elementor-widget-image\" data-id=\"d8634bd\" data-element_type=\"widget\" data-e-type=\"widget\" data-widget_type=\"image.default\">\n\t\t\t\t<div class=\"elementor-widget-container\">\n\t\t\t\t\t\t\t\t\t\t\t\t\t\t\t\t<a href=\"https:\/\/vivalavidalongevity.com\/wp-content\/uploads\/2025\/04\/1.webp\" data-elementor-open-lightbox=\"yes\" data-elementor-lightbox-title=\"1\" data-e-action-hash=\"#elementor-action%3Aaction%3Dlightbox%26settings%3DeyJpZCI6NjAxNCwidXJsIjoiaHR0cHM6XC9cL3ZpdmFsYXZpZGFsb25nZXZpdHkuY29tXC93cC1jb250ZW50XC91cGxvYWRzXC8yMDI1XC8wNFwvMS53ZWJwIn0%3D\">\n\t\t\t\t\t\t\t<img decoding=\"async\" width=\"902\" height=\"813\" src=\"https:\/\/vivalavidalongevity.com\/wp-content\/uploads\/2025\/04\/1.webp\" class=\"attachment-large size-large wp-image-6014\" alt=\"\" srcset=\"https:\/\/vivalavidalongevity.com\/wp-content\/uploads\/2025\/04\/1.webp 902w, https:\/\/vivalavidalongevity.com\/wp-content\/uploads\/2025\/04\/1-300x270.webp 300w, https:\/\/vivalavidalongevity.com\/wp-content\/uploads\/2025\/04\/1-768x692.webp 768w, https:\/\/vivalavidalongevity.com\/wp-content\/uploads\/2025\/04\/1-13x12.webp 13w, https:\/\/vivalavidalongevity.com\/wp-content\/uploads\/2025\/04\/1-600x541.webp 600w\" sizes=\"(max-width: 902px) 100vw, 902px\" \/>\t\t\t\t\t\t\t\t<\/a>\n\t\t\t\t\t\t\t\t\t\t\t\t\t\t\t<\/div>\n\t\t\t\t<\/div>\n\t\t\t\t<div class=\"elementor-element elementor-element-5b562d8 elementor-widget elementor-widget-image\" data-id=\"5b562d8\" data-element_type=\"widget\" data-e-type=\"widget\" data-widget_type=\"image.default\">\n\t\t\t\t<div class=\"elementor-widget-container\">\n\t\t\t\t\t\t\t\t\t\t\t\t\t\t\t\t<a href=\"https:\/\/vivalavidalongevity.com\/wp-content\/uploads\/2025\/04\/2.webp\" data-elementor-open-lightbox=\"yes\" data-elementor-lightbox-title=\"2\" data-e-action-hash=\"#elementor-action%3Aaction%3Dlightbox%26settings%3DeyJpZCI6NjAxMywidXJsIjoiaHR0cHM6XC9cL3ZpdmFsYXZpZGFsb25nZXZpdHkuY29tXC93cC1jb250ZW50XC91cGxvYWRzXC8yMDI1XC8wNFwvMi53ZWJwIn0%3D\">\n\t\t\t\t\t\t\t<img decoding=\"async\" width=\"898\" height=\"890\" src=\"https:\/\/vivalavidalongevity.com\/wp-content\/uploads\/2025\/04\/2.webp\" class=\"attachment-large size-large wp-image-6013\" alt=\"\" srcset=\"https:\/\/vivalavidalongevity.com\/wp-content\/uploads\/2025\/04\/2.webp 898w, https:\/\/vivalavidalongevity.com\/wp-content\/uploads\/2025\/04\/2-300x297.webp 300w, https:\/\/vivalavidalongevity.com\/wp-content\/uploads\/2025\/04\/2-150x150.webp 150w, https:\/\/vivalavidalongevity.com\/wp-content\/uploads\/2025\/04\/2-768x761.webp 768w, https:\/\/vivalavidalongevity.com\/wp-content\/uploads\/2025\/04\/2-12x12.webp 12w, https:\/\/vivalavidalongevity.com\/wp-content\/uploads\/2025\/04\/2-600x595.webp 600w, https:\/\/vivalavidalongevity.com\/wp-content\/uploads\/2025\/04\/2-100x100.webp 100w\" sizes=\"(max-width: 898px) 100vw, 898px\" \/>\t\t\t\t\t\t\t\t<\/a>\n\t\t\t\t\t\t\t\t\t\t\t\t\t\t\t<\/div>\n\t\t\t\t<\/div>\n\t\t\t\t<\/div>\n\t\t\t\t\t<\/div>\n\t\t\t\t<\/div>\n\t\t\t\t<\/div>","protected":false},"excerpt":{"rendered":"<p>Legal and bank details &#8230; <\/p>","protected":false},"author":1,"featured_media":0,"parent":0,"menu_order":0,"comment_status":"closed","ping_status":"closed","template":"","meta":{"footnotes":""},"class_list":["post-5945","page","type-page","status-publish","hentry"],"yoast_head":"<!-- This site is optimized with the Yoast SEO plugin v27.4 - https:\/\/yoast.com\/product\/yoast-seo-wordpress\/ -->\n<title>Legal and bank details - Viva La Vida Longevity Camp<\/title>\n<meta name=\"robots\" content=\"index, follow, max-snippet:-1, max-image-preview:large, max-video-preview:-1\" \/>\n<link rel=\"canonical\" href=\"https:\/\/vivalavidalongevity.com\/az\/legal-and-bank-details\/\" \/>\n<meta property=\"og:locale\" content=\"az_AZ\" \/>\n<meta property=\"og:type\" content=\"article\" \/>\n<meta property=\"og:title\" content=\"Legal and bank details - Viva La Vida Longevity Camp\" \/>\n<meta property=\"og:description\" content=\"Legal and bank details ...\" \/>\n<meta property=\"og:url\" content=\"https:\/\/vivalavidalongevity.com\/az\/legal-and-bank-details\/\" \/>\n<meta property=\"og:site_name\" content=\"Viva La Vida Longevity Camp\" \/>\n<meta property=\"article:publisher\" content=\"https:\/\/www.facebook.com\/share\/1Arf4mR8d7\/?mibextid=kFxxJD\" \/>\n<meta property=\"article:modified_time\" content=\"2025-04-22T09:30:47+00:00\" \/>\n<meta property=\"og:image\" content=\"https:\/\/vivalavidalongevity.com\/wp-content\/uploads\/2025\/04\/v.webp\" \/>\n\t<meta property=\"og:image:width\" content=\"1802\" \/>\n\t<meta property=\"og:image:height\" content=\"651\" \/>\n\t<meta property=\"og:image:type\" content=\"image\/webp\" \/>\n<meta name=\"twitter:card\" content=\"summary_large_image\" \/>\n<script type=\"application\/ld+json\" class=\"yoast-schema-graph\">{\"@context\":\"https:\\\/\\\/schema.org\",\"@graph\":[{\"@type\":\"WebPage\",\"@id\":\"https:\\\/\\\/vivalavidalongevity.com\\\/legal-and-bank-details\\\/\",\"url\":\"https:\\\/\\\/vivalavidalongevity.com\\\/legal-and-bank-details\\\/\",\"name\":\"Legal and bank details - Viva La Vida Longevity Camp\",\"isPartOf\":{\"@id\":\"https:\\\/\\\/vivalavidalongevity.com\\\/#website\"},\"primaryImageOfPage\":{\"@id\":\"https:\\\/\\\/vivalavidalongevity.com\\\/legal-and-bank-details\\\/#primaryimage\"},\"image\":{\"@id\":\"https:\\\/\\\/vivalavidalongevity.com\\\/legal-and-bank-details\\\/#primaryimage\"},\"thumbnailUrl\":\"https:\\\/\\\/vivalavidalongevity.com\\\/wp-content\\\/uploads\\\/2025\\\/04\\\/v-1024x370.webp\",\"datePublished\":\"2025-04-17T14:03:53+00:00\",\"dateModified\":\"2025-04-22T09:30:47+00:00\",\"breadcrumb\":{\"@id\":\"https:\\\/\\\/vivalavidalongevity.com\\\/legal-and-bank-details\\\/#breadcrumb\"},\"inLanguage\":\"az\",\"potentialAction\":[{\"@type\":\"ReadAction\",\"target\":[\"https:\\\/\\\/vivalavidalongevity.com\\\/legal-and-bank-details\\\/\"]}]},{\"@type\":\"ImageObject\",\"inLanguage\":\"az\",\"@id\":\"https:\\\/\\\/vivalavidalongevity.com\\\/legal-and-bank-details\\\/#primaryimage\",\"url\":\"https:\\\/\\\/vivalavidalongevity.com\\\/wp-content\\\/uploads\\\/2025\\\/04\\\/v-1024x370.webp\",\"contentUrl\":\"https:\\\/\\\/vivalavidalongevity.com\\\/wp-content\\\/uploads\\\/2025\\\/04\\\/v-1024x370.webp\"},{\"@type\":\"BreadcrumbList\",\"@id\":\"https:\\\/\\\/vivalavidalongevity.com\\\/legal-and-bank-details\\\/#breadcrumb\",\"itemListElement\":[{\"@type\":\"ListItem\",\"position\":1,\"name\":\"Home\",\"item\":\"https:\\\/\\\/vivalavidalongevity.com\\\/\"},{\"@type\":\"ListItem\",\"position\":2,\"name\":\"Legal and bank details\"}]},{\"@type\":\"WebSite\",\"@id\":\"https:\\\/\\\/vivalavidalongevity.com\\\/#website\",\"url\":\"https:\\\/\\\/vivalavidalongevity.com\\\/\",\"name\":\"Viva La Vida longevity\",\"description\":\"Revive your life with us!\",\"publisher\":{\"@id\":\"https:\\\/\\\/vivalavidalongevity.com\\\/#organization\"},\"potentialAction\":[{\"@type\":\"SearchAction\",\"target\":{\"@type\":\"EntryPoint\",\"urlTemplate\":\"https:\\\/\\\/vivalavidalongevity.com\\\/?s={search_term_string}\"},\"query-input\":{\"@type\":\"PropertyValueSpecification\",\"valueRequired\":true,\"valueName\":\"search_term_string\"}}],\"inLanguage\":\"az\"},{\"@type\":\"Organization\",\"@id\":\"https:\\\/\\\/vivalavidalongevity.com\\\/#organization\",\"name\":\"Viva La Vida longevity\",\"url\":\"https:\\\/\\\/vivalavidalongevity.com\\\/\",\"logo\":{\"@type\":\"ImageObject\",\"inLanguage\":\"az\",\"@id\":\"https:\\\/\\\/vivalavidalongevity.com\\\/#\\\/schema\\\/logo\\\/image\\\/\",\"url\":\"https:\\\/\\\/vivalavidalongevity.com\\\/wp-content\\\/uploads\\\/2025\\\/03\\\/VLV-1.jpg\",\"contentUrl\":\"https:\\\/\\\/vivalavidalongevity.com\\\/wp-content\\\/uploads\\\/2025\\\/03\\\/VLV-1.jpg\",\"width\":1890,\"height\":1063,\"caption\":\"Viva La Vida longevity\"},\"image\":{\"@id\":\"https:\\\/\\\/vivalavidalongevity.com\\\/#\\\/schema\\\/logo\\\/image\\\/\"},\"sameAs\":[\"https:\\\/\\\/www.facebook.com\\\/share\\\/1Arf4mR8d7\\\/?mibextid=kFxxJD\"]}]}<\/script>\n<!-- \/ Yoast SEO plugin. -->","yoast_head_json":{"title":"Legal and bank details - Viva La Vida Longevity Camp","robots":{"index":"index","follow":"follow","max-snippet":"max-snippet:-1","max-image-preview":"max-image-preview:large","max-video-preview":"max-video-preview:-1"},"canonical":"https:\/\/vivalavidalongevity.com\/az\/legal-and-bank-details\/","og_locale":"az_AZ","og_type":"article","og_title":"Legal and bank details - Viva La Vida Longevity Camp","og_description":"Legal and bank details ...","og_url":"https:\/\/vivalavidalongevity.com\/az\/legal-and-bank-details\/","og_site_name":"Viva La Vida Longevity Camp","article_publisher":"https:\/\/www.facebook.com\/share\/1Arf4mR8d7\/?mibextid=kFxxJD","article_modified_time":"2025-04-22T09:30:47+00:00","og_image":[{"width":1802,"height":651,"url":"https:\/\/vivalavidalongevity.com\/wp-content\/uploads\/2025\/04\/v.webp","type":"image\/webp"}],"twitter_card":"summary_large_image","schema":{"@context":"https:\/\/schema.org","@graph":[{"@type":"WebPage","@id":"https:\/\/vivalavidalongevity.com\/legal-and-bank-details\/","url":"https:\/\/vivalavidalongevity.com\/legal-and-bank-details\/","name":"Legal and bank details - Viva La Vida Longevity Camp","isPartOf":{"@id":"https:\/\/vivalavidalongevity.com\/#website"},"primaryImageOfPage":{"@id":"https:\/\/vivalavidalongevity.com\/legal-and-bank-details\/#primaryimage"},"image":{"@id":"https:\/\/vivalavidalongevity.com\/legal-and-bank-details\/#primaryimage"},"thumbnailUrl":"https:\/\/vivalavidalongevity.com\/wp-content\/uploads\/2025\/04\/v-1024x370.webp","datePublished":"2025-04-17T14:03:53+00:00","dateModified":"2025-04-22T09:30:47+00:00","breadcrumb":{"@id":"https:\/\/vivalavidalongevity.com\/legal-and-bank-details\/#breadcrumb"},"inLanguage":"az","potentialAction":[{"@type":"ReadAction","target":["https:\/\/vivalavidalongevity.com\/legal-and-bank-details\/"]}]},{"@type":"ImageObject","inLanguage":"az","@id":"https:\/\/vivalavidalongevity.com\/legal-and-bank-details\/#primaryimage","url":"https:\/\/vivalavidalongevity.com\/wp-content\/uploads\/2025\/04\/v-1024x370.webp","contentUrl":"https:\/\/vivalavidalongevity.com\/wp-content\/uploads\/2025\/04\/v-1024x370.webp"},{"@type":"BreadcrumbList","@id":"https:\/\/vivalavidalongevity.com\/legal-and-bank-details\/#breadcrumb","itemListElement":[{"@type":"ListItem","position":1,"name":"Home","item":"https:\/\/vivalavidalongevity.com\/"},{"@type":"ListItem","position":2,"name":"Legal and bank details"}]},{"@type":"WebSite","@id":"https:\/\/vivalavidalongevity.com\/#website","url":"https:\/\/vivalavidalongevity.com\/","name":"Viva La Vida longevity","description":"H\u0259yat\u0131n\u0131z\u0131 yenid\u0259n canland\u0131r\u0131n!","publisher":{"@id":"https:\/\/vivalavidalongevity.com\/#organization"},"potentialAction":[{"@type":"SearchAction","target":{"@type":"EntryPoint","urlTemplate":"https:\/\/vivalavidalongevity.com\/?s={search_term_string}"},"query-input":{"@type":"PropertyValueSpecification","valueRequired":true,"valueName":"search_term_string"}}],"inLanguage":"az"},{"@type":"Organization","@id":"https:\/\/vivalavidalongevity.com\/#organization","name":"Viva La Vida longevity","url":"https:\/\/vivalavidalongevity.com\/","logo":{"@type":"ImageObject","inLanguage":"az","@id":"https:\/\/vivalavidalongevity.com\/#\/schema\/logo\/image\/","url":"https:\/\/vivalavidalongevity.com\/wp-content\/uploads\/2025\/03\/VLV-1.jpg","contentUrl":"https:\/\/vivalavidalongevity.com\/wp-content\/uploads\/2025\/03\/VLV-1.jpg","width":1890,"height":1063,"caption":"Viva La Vida longevity"},"image":{"@id":"https:\/\/vivalavidalongevity.com\/#\/schema\/logo\/image\/"},"sameAs":["https:\/\/www.facebook.com\/share\/1Arf4mR8d7\/?mibextid=kFxxJD"]}]}},"_links":{"self":[{"href":"https:\/\/vivalavidalongevity.com\/az\/wp-json\/wp\/v2\/pages\/5945","targetHints":{"allow":["GET"]}}],"collection":[{"href":"https:\/\/vivalavidalongevity.com\/az\/wp-json\/wp\/v2\/pages"}],"about":[{"href":"https:\/\/vivalavidalongevity.com\/az\/wp-json\/wp\/v2\/types\/page"}],"author":[{"embeddable":true,"href":"https:\/\/vivalavidalongevity.com\/az\/wp-json\/wp\/v2\/users\/1"}],"replies":[{"embeddable":true,"href":"https:\/\/vivalavidalongevity.com\/az\/wp-json\/wp\/v2\/comments?post=5945"}],"version-history":[{"count":0,"href":"https:\/\/vivalavidalongevity.com\/az\/wp-json\/wp\/v2\/pages\/5945\/revisions"}],"wp:attachment":[{"href":"https:\/\/vivalavidalongevity.com\/az\/wp-json\/wp\/v2\/media?parent=5945"}],"curies":[{"name":"wp","href":"https:\/\/api.w.org\/{rel}","templated":true}]}}