{"id":3040,"date":"2024-12-10T17:23:27","date_gmt":"2024-12-10T17:23:27","guid":{"rendered":"https:\/\/vivalavidalongevity.com\/?post_type=product&#038;p=3040"},"modified":"2025-04-18T18:00:38","modified_gmt":"2025-04-18T18:00:38","slug":"vip-7-day","status":"publish","type":"product","link":"https:\/\/vivalavidalongevity.com\/az\/product\/vip-7-day\/","title":{"rendered":"VIP \u2013 7 g\u00fcn"},"content":{"rendered":"","protected":false},"excerpt":{"rendered":"<ul>\n<li>Spiker sessiyalar\u0131na giri\u015f<\/li>\n<li>All meals included: Breakfast, coffee breaks, lunch, &#8230;<br \/>","protected":false},"featured_media":1837,"template":"","meta":[],"product_brand":[],"product_cat":[91],"product_tag":[],"class_list":{"0":"post-3040","1":"product","2":"type-product","3":"status-publish","4":"has-post-thumbnail","6":"product_cat-tickets","8":"first","9":"instock","10":"virtual","11":"purchasable","12":"product-type-simple"},"exclude_global_add_ons":false,"addons":[{"name":"\u018flav\u0259 xidm\u0259tl\u0259r","type":"checkbox","position":0,"required":false,"title_format":"label","default":"","description_enable":false,"description":"","placeholder_enable":false,"placeholder":"","display":"select","restrictions_type":"any_text","adjust_price":false,"price":"","price_type":"flat_fee","restrictions":false,"min":"0","max":"0","options":[{"label":"Workshop by Dr. Gleb Kuzminov","price":"500","price_type":"flat_fee","image":0,"visibility":true},{"label":"Workshop by Dr. Thierry Hertoghe","price":"500","price_type":"flat_fee","image":0,"visibility":true}],"id":1733176690},{"name":"YERL\u018f\u015eM\u018f","type":"multiple_choice","position":1,"required":false,"title_format":"label","default":"","description_enable":true,"description":"Haqq\u0131nda <a href=\"https:\/\/vivalavidalongevity.com\/az\/accommodation\/\" target=\"_blank\"><b>ya\u015fay\u0131\u015f<\/b><\/a>","placeholder_enable":false,"placeholder":"","display":"select","restrictions_type":"any_text","adjust_price":false,"price":"","price_type":"flat_fee","restrictions":false,"min":"0","max":"0","options":[{"label":"White Residence - 7 day (Price per person, based on double occupancy.)","price":"1582","price_type":"flat_fee","image":0,"visibility":true},{"label":"White Residence - 7 day (Price for two people, based on double occupancy.)","price":"1974","price_type":"flat_fee","image":0,"visibility":true},{"label":"White Villas 2 - 7 day ( Price per person, based on double occupancy.)","price":"1771","price_type":"flat_fee","image":0,"visibility":true},{"label":"White Villas 2 - 7 day ( Price for two people, based on double occupancy.)","price":"2268","price_type":"flat_fee","image":0,"visibility":true}],"id":1733177403},{"name":"!","type":"heading","position":2,"required":false,"title_format":"label","default":"","description_enable":true,"description":"<p style=\"font-size: 16px;display: flex;align-items: center;gap: 8px\">\r\n  Qala Gec\u0259si \u00fc\u00e7\u00fcn biletl\u0259ri iTicket-d\u0259n \u0259ld\u0259 ed\u0259 bil\u0259rsiniz\r\n  <a href=\"https:\/\/iticket.az\/events\/concerts\/ethno-show-with-world-famous-celebrities\/151059\" target=\"_blank\" style=\"display: inline-block\">\r\n    <img src=\"https:\/\/vivalavidalongevity.com\/wp-content\/uploads\/2025\/04\/i.png\" alt=\"iTicket\" style=\"height: 60px;border-radius: 8px\">\r\n  <\/a>\r\n<\/p>","placeholder_enable":false,"placeholder":"","display":"select","restrictions_type":"any_text","adjust_price":false,"price":"","price_type":"flat_fee","restrictions":false,"min":"0","max":"0","options":[],"id":1744994237}],"yoast_head":"<!-- This site is optimized with the Yoast SEO plugin v27.4 - https:\/\/yoast.com\/product\/yoast-seo-wordpress\/ -->\n<title>VIP \u2013 7 day - Viva La Vida Longevity Camp<\/title>\n<meta name=\"robots\" content=\"index, follow, max-snippet:-1, max-image-preview:large, max-video-preview:-1\" \/>\n<link rel=\"canonical\" href=\"https:\/\/vivalavidalongevity.com\/az\/product\/vip-7-day\/\" \/>\n<meta property=\"og:locale\" content=\"az_AZ\" \/>\n<meta property=\"og:type\" content=\"article\" \/>\n<meta property=\"og:title\" content=\"VIP \u2013 7 day - Viva La Vida Longevity Camp\" \/>\n<meta property=\"og:description\" content=\"Speaker sessions access All meals included: Breakfast, coffee breaks, lunch, ...\" \/>\n<meta property=\"og:url\" content=\"https:\/\/vivalavidalongevity.com\/az\/product\/vip-7-day\/\" \/>\n<meta property=\"og:site_name\" content=\"Viva La Vida Longevity Camp\" \/>\n<meta property=\"article:publisher\" content=\"https:\/\/www.facebook.com\/share\/1Arf4mR8d7\/?mibextid=kFxxJD\" \/>\n<meta property=\"article:modified_time\" content=\"2025-04-18T18:00:38+00:00\" \/>\n<meta property=\"og:image\" content=\"https:\/\/vivalavidalongevity.com\/wp-content\/uploads\/2024\/11\/RUS-Viva-La-Vida-Camp-2025-with-music.jpg\" \/>\n\t<meta property=\"og:image:width\" content=\"1890\" \/>\n\t<meta property=\"og:image:height\" content=\"1063\" \/>\n\t<meta property=\"og:image:type\" content=\"image\/jpeg\" \/>\n<meta name=\"twitter:card\" content=\"summary_large_image\" \/>\n<script type=\"application\/ld+json\" class=\"yoast-schema-graph\">{\"@context\":\"https:\\\/\\\/schema.org\",\"@graph\":[{\"@type\":\"WebPage\",\"@id\":\"https:\\\/\\\/vivalavidalongevity.com\\\/product\\\/vip-7-day\\\/\",\"url\":\"https:\\\/\\\/vivalavidalongevity.com\\\/product\\\/vip-7-day\\\/\",\"name\":\"VIP \u2013 7 day - Viva La Vida Longevity Camp\",\"isPartOf\":{\"@id\":\"https:\\\/\\\/vivalavidalongevity.com\\\/#website\"},\"primaryImageOfPage\":{\"@id\":\"https:\\\/\\\/vivalavidalongevity.com\\\/product\\\/vip-7-day\\\/#primaryimage\"},\"image\":{\"@id\":\"https:\\\/\\\/vivalavidalongevity.com\\\/product\\\/vip-7-day\\\/#primaryimage\"},\"thumbnailUrl\":\"https:\\\/\\\/vivalavidalongevity.com\\\/wp-content\\\/uploads\\\/2024\\\/11\\\/RUS-Viva-La-Vida-Camp-2025-with-music.jpg\",\"datePublished\":\"2024-12-10T17:23:27+00:00\",\"dateModified\":\"2025-04-18T18:00:38+00:00\",\"breadcrumb\":{\"@id\":\"https:\\\/\\\/vivalavidalongevity.com\\\/product\\\/vip-7-day\\\/#breadcrumb\"},\"inLanguage\":\"az\",\"potentialAction\":[{\"@type\":\"ReadAction\",\"target\":[\"https:\\\/\\\/vivalavidalongevity.com\\\/product\\\/vip-7-day\\\/\"]}]},{\"@type\":\"ImageObject\",\"inLanguage\":\"az\",\"@id\":\"https:\\\/\\\/vivalavidalongevity.com\\\/product\\\/vip-7-day\\\/#primaryimage\",\"url\":\"https:\\\/\\\/vivalavidalongevity.com\\\/wp-content\\\/uploads\\\/2024\\\/11\\\/RUS-Viva-La-Vida-Camp-2025-with-music.jpg\",\"contentUrl\":\"https:\\\/\\\/vivalavidalongevity.com\\\/wp-content\\\/uploads\\\/2024\\\/11\\\/RUS-Viva-La-Vida-Camp-2025-with-music.jpg\",\"width\":1890,\"height\":1063},{\"@type\":\"BreadcrumbList\",\"@id\":\"https:\\\/\\\/vivalavidalongevity.com\\\/product\\\/vip-7-day\\\/#breadcrumb\",\"itemListElement\":[{\"@type\":\"ListItem\",\"position\":1,\"name\":\"Home\",\"item\":\"https:\\\/\\\/vivalavidalongevity.com\\\/\"},{\"@type\":\"ListItem\",\"position\":2,\"name\":\"Shop\",\"item\":\"https:\\\/\\\/vivalavidalongevity.com\\\/shop\\\/\"},{\"@type\":\"ListItem\",\"position\":3,\"name\":\"VIP \u2013 7 day\"}]},{\"@type\":\"WebSite\",\"@id\":\"https:\\\/\\\/vivalavidalongevity.com\\\/#website\",\"url\":\"https:\\\/\\\/vivalavidalongevity.com\\\/\",\"name\":\"Viva La Vida longevity\",\"description\":\"Revive your life with us!\",\"publisher\":{\"@id\":\"https:\\\/\\\/vivalavidalongevity.com\\\/#organization\"},\"potentialAction\":[{\"@type\":\"SearchAction\",\"target\":{\"@type\":\"EntryPoint\",\"urlTemplate\":\"https:\\\/\\\/vivalavidalongevity.com\\\/?s={search_term_string}\"},\"query-input\":{\"@type\":\"PropertyValueSpecification\",\"valueRequired\":true,\"valueName\":\"search_term_string\"}}],\"inLanguage\":\"az\"},{\"@type\":\"Organization\",\"@id\":\"https:\\\/\\\/vivalavidalongevity.com\\\/#organization\",\"name\":\"Viva La Vida longevity\",\"url\":\"https:\\\/\\\/vivalavidalongevity.com\\\/\",\"logo\":{\"@type\":\"ImageObject\",\"inLanguage\":\"az\",\"@id\":\"https:\\\/\\\/vivalavidalongevity.com\\\/#\\\/schema\\\/logo\\\/image\\\/\",\"url\":\"https:\\\/\\\/vivalavidalongevity.com\\\/wp-content\\\/uploads\\\/2025\\\/03\\\/VLV-1.jpg\",\"contentUrl\":\"https:\\\/\\\/vivalavidalongevity.com\\\/wp-content\\\/uploads\\\/2025\\\/03\\\/VLV-1.jpg\",\"width\":1890,\"height\":1063,\"caption\":\"Viva La Vida longevity\"},\"image\":{\"@id\":\"https:\\\/\\\/vivalavidalongevity.com\\\/#\\\/schema\\\/logo\\\/image\\\/\"},\"sameAs\":[\"https:\\\/\\\/www.facebook.com\\\/share\\\/1Arf4mR8d7\\\/?mibextid=kFxxJD\"]}]}<\/script>\n<!-- \/ Yoast SEO plugin. -->","yoast_head_json":{"title":"VIP \u2013 7 day - Viva La Vida Longevity Camp","robots":{"index":"index","follow":"follow","max-snippet":"max-snippet:-1","max-image-preview":"max-image-preview:large","max-video-preview":"max-video-preview:-1"},"canonical":"https:\/\/vivalavidalongevity.com\/az\/product\/vip-7-day\/","og_locale":"az_AZ","og_type":"article","og_title":"VIP \u2013 7 day - Viva La Vida Longevity Camp","og_description":"Speaker sessions access All meals included: Breakfast, coffee breaks, lunch, ...","og_url":"https:\/\/vivalavidalongevity.com\/az\/product\/vip-7-day\/","og_site_name":"Viva La Vida Longevity Camp","article_publisher":"https:\/\/www.facebook.com\/share\/1Arf4mR8d7\/?mibextid=kFxxJD","article_modified_time":"2025-04-18T18:00:38+00:00","og_image":[{"width":1890,"height":1063,"url":"https:\/\/vivalavidalongevity.com\/wp-content\/uploads\/2024\/11\/RUS-Viva-La-Vida-Camp-2025-with-music.jpg","type":"image\/jpeg"}],"twitter_card":"summary_large_image","schema":{"@context":"https:\/\/schema.org","@graph":[{"@type":"WebPage","@id":"https:\/\/vivalavidalongevity.com\/product\/vip-7-day\/","url":"https:\/\/vivalavidalongevity.com\/product\/vip-7-day\/","name":"VIP \u2013 7 day - Viva La Vida Longevity Camp","isPartOf":{"@id":"https:\/\/vivalavidalongevity.com\/#website"},"primaryImageOfPage":{"@id":"https:\/\/vivalavidalongevity.com\/product\/vip-7-day\/#primaryimage"},"image":{"@id":"https:\/\/vivalavidalongevity.com\/product\/vip-7-day\/#primaryimage"},"thumbnailUrl":"https:\/\/vivalavidalongevity.com\/wp-content\/uploads\/2024\/11\/RUS-Viva-La-Vida-Camp-2025-with-music.jpg","datePublished":"2024-12-10T17:23:27+00:00","dateModified":"2025-04-18T18:00:38+00:00","breadcrumb":{"@id":"https:\/\/vivalavidalongevity.com\/product\/vip-7-day\/#breadcrumb"},"inLanguage":"az","potentialAction":[{"@type":"ReadAction","target":["https:\/\/vivalavidalongevity.com\/product\/vip-7-day\/"]}]},{"@type":"ImageObject","inLanguage":"az","@id":"https:\/\/vivalavidalongevity.com\/product\/vip-7-day\/#primaryimage","url":"https:\/\/vivalavidalongevity.com\/wp-content\/uploads\/2024\/11\/RUS-Viva-La-Vida-Camp-2025-with-music.jpg","contentUrl":"https:\/\/vivalavidalongevity.com\/wp-content\/uploads\/2024\/11\/RUS-Viva-La-Vida-Camp-2025-with-music.jpg","width":1890,"height":1063},{"@type":"BreadcrumbList","@id":"https:\/\/vivalavidalongevity.com\/product\/vip-7-day\/#breadcrumb","itemListElement":[{"@type":"ListItem","position":1,"name":"Home","item":"https:\/\/vivalavidalongevity.com\/"},{"@type":"ListItem","position":2,"name":"Shop","item":"https:\/\/vivalavidalongevity.com\/shop\/"},{"@type":"ListItem","position":3,"name":"VIP \u2013 7 day"}]},{"@type":"WebSite","@id":"https:\/\/vivalavidalongevity.com\/#website","url":"https:\/\/vivalavidalongevity.com\/","name":"Viva La Vida longevity","description":"H\u0259yat\u0131n\u0131z\u0131 yenid\u0259n canland\u0131r\u0131n!","publisher":{"@id":"https:\/\/vivalavidalongevity.com\/#organization"},"potentialAction":[{"@type":"SearchAction","target":{"@type":"EntryPoint","urlTemplate":"https:\/\/vivalavidalongevity.com\/?s={search_term_string}"},"query-input":{"@type":"PropertyValueSpecification","valueRequired":true,"valueName":"search_term_string"}}],"inLanguage":"az"},{"@type":"Organization","@id":"https:\/\/vivalavidalongevity.com\/#organization","name":"Viva La Vida longevity","url":"https:\/\/vivalavidalongevity.com\/","logo":{"@type":"ImageObject","inLanguage":"az","@id":"https:\/\/vivalavidalongevity.com\/#\/schema\/logo\/image\/","url":"https:\/\/vivalavidalongevity.com\/wp-content\/uploads\/2025\/03\/VLV-1.jpg","contentUrl":"https:\/\/vivalavidalongevity.com\/wp-content\/uploads\/2025\/03\/VLV-1.jpg","width":1890,"height":1063,"caption":"Viva La Vida longevity"},"image":{"@id":"https:\/\/vivalavidalongevity.com\/#\/schema\/logo\/image\/"},"sameAs":["https:\/\/www.facebook.com\/share\/1Arf4mR8d7\/?mibextid=kFxxJD"]}]}},"_links":{"self":[{"href":"https:\/\/vivalavidalongevity.com\/az\/wp-json\/wp\/v2\/product\/3040","targetHints":{"allow":["GET"]}}],"collection":[{"href":"https:\/\/vivalavidalongevity.com\/az\/wp-json\/wp\/v2\/product"}],"about":[{"href":"https:\/\/vivalavidalongevity.com\/az\/wp-json\/wp\/v2\/types\/product"}],"version-history":[{"count":0,"href":"https:\/\/vivalavidalongevity.com\/az\/wp-json\/wp\/v2\/product\/3040\/revisions"}],"wp:featuredmedia":[{"embeddable":true,"href":"https:\/\/vivalavidalongevity.com\/az\/wp-json\/wp\/v2\/media\/1837"}],"wp:attachment":[{"href":"https:\/\/vivalavidalongevity.com\/az\/wp-json\/wp\/v2\/media?parent=3040"}],"wp:term":[{"taxonomy":"product_brand","embeddable":true,"href":"https:\/\/vivalavidalongevity.com\/az\/wp-json\/wp\/v2\/product_brand?post=3040"},{"taxonomy":"product_cat","embeddable":true,"href":"https:\/\/vivalavidalongevity.com\/az\/wp-json\/wp\/v2\/product_cat?post=3040"},{"taxonomy":"product_tag","embeddable":true,"href":"https:\/\/vivalavidalongevity.com\/az\/wp-json\/wp\/v2\/product_tag?post=3040"}],"curies":[{"name":"wp","href":"https:\/\/api.w.org\/{rel}","templated":true}]}}