{"id":3136,"date":"2024-12-25T15:33:03","date_gmt":"2024-12-25T15:33:03","guid":{"rendered":"https:\/\/vivalavidalongevity.com\/?post_type=product&#038;p=3136"},"modified":"2025-03-01T07:16:34","modified_gmt":"2025-03-01T07:16:34","slug":"workshop-by-dr-thierry-hertoghe","status":"publish","type":"product","link":"https:\/\/vivalavidalongevity.com\/az\/product\/workshop-by-dr-thierry-hertoghe\/","title":{"rendered":"Dr. Tyerri Ertoq il\u0259 seminar: Uzun\u00f6m\u00fcrl\u00fcl\u00fcy\u00fcn a\u00e7arlar\u0131"},"content":{"rendered":"<p style=\"text-align: center;\">VIVA LA VIDA LONGEVITY CAMP<\/p>\n<p style=\"text-align: center;\">20 June, 2025<\/p>\n<p style=\"text-align: center;\">CaspiMayr Retreat Beach Resort, Sea Breeze, Bak\u0131, Az\u0259rbaycan<\/p>\n<p>WORKSHOP: KEYS TO LONGEVITY<\/p>\n<p>Ba\u015flan\u011f\u0131c saat 9:00 (\u0130\u015ftirak\u00e7\u0131lar \u0259n geci 8:50-d\u0259 g\u0259lm\u0259lidir)<\/p>\n<p class=\"translation-block\">S\u0259h\u0259r sessiyas\u0131 (1 saat 40 d\u0259q) \u2013 9:00 \u2013 10:40<\/p>\n<p class=\"translation-block\">M\u00f6vzu: \u00abHormon \u0259lav\u0259l\u0259ri il\u0259 uzun\u00f6m\u00fcrl\u00fcl\u00fck\u00bb<\/p>\n<p class=\"translation-block\">T\u0259svir: Daha g\u0259nc g\u00f6r\u00fcnm\u0259k v\u0259 daha uzun ya\u015famaq \u00fc\u00e7\u00fcn hans\u0131 hormon \u0259lav\u0259l\u0259ri v\u0259 hans\u0131 dozada q\u0259bul edilm\u0259lidir? Bu sessiyada \u0259vv\u0259ll\u0259r m\u00fczakir\u0259 olunan hormonlara (b\u00f6y\u00fcm\u0259 hormonu IGF, testosteron, qad\u0131n hormonlar\u0131) q\u0131sa n\u0259z\u0259r sal\u0131n\u0131r v\u0259 daha geni\u015f \u015f\u0259kild\u0259 dig\u0259r hormonlar: qalxanab\u0259nz\u0259r v\u0259z hormonlar\u0131, kortizol, DHEA, melatonin, oksitosin v\u0259 s. \u00f6yr\u0259nilir. Bu hormonlar\u0131n \u00e7at\u0131\u015fmazl\u0131\u011f\u0131n\u0131 nec\u0259 m\u00fc\u0259yy\u0259n etm\u0259k (\u015fikay\u0259tl\u0259r, fiziki \u0259lam\u0259tl\u0259r, laborator analizl\u0259r) v\u0259 onlar\u0131n t\u0259tbiq qaydalar\u0131 (m\u00fcalic\u0259 \u00fcsullar\u0131, dozalar, q\u0259bul yollar\u0131, vaxt\u0131) izah edil\u0259c\u0259k. Bu bilikl\u0259r tibb m\u00fct\u0259x\u0259ssisl\u0259rin\u0259 v\u0259 dietoloqlara hormon s\u0259viyy\u0259sini s\u0259m\u0259r\u0259li \u015f\u0259kild\u0259 art\u0131rma\u011fa k\u00f6m\u0259k ed\u0259c\u0259k.<\/p>\n<p>(30 d\u0259q fasil\u0259)<\/p>\n<p>Gec s\u0259h\u0259r sessiyas\u0131 (1 saat 40 d\u0259q) \u2013 11:10 \u2013 12:50<\/p>\n<p>M\u00f6vzu: \u00abQidalanma \u0259lav\u0259l\u0259ri il\u0259 uzun\u00f6m\u00fcrl\u00fcl\u00fck: hans\u0131 \u0259lav\u0259l\u0259r, hans\u0131 dozada v\u0259 nec\u0259 uzun \u00f6m\u00fcr ya\u015famaq olar\u00bb<\/p>\n<p>T\u0259svir: Uzun\u00f6m\u00fcrl\u00fcl\u00fcy\u00fc d\u0259st\u0259kl\u0259y\u0259n \u0259n t\u0259sirli qidalanma \u0259lav\u0259l\u0259ri: maqnezium, kalsium, kalium, Koenzim Q10, piknojenol, A, B3, B9, C, D, E vitaminl\u0259ri, selen, sink, alfa-lipoik tur\u015fu, telomeraza aktivatorlar\u0131, rapamisin, senolitikl\u0259r v\u0259 daha bir \u00e7ox komponentl\u0259r. Bu sessiya \u00e7oxsayl\u0131 elmi t\u0259dqiqatlara \u0259saslanan praktik m\u0259sl\u0259h\u0259tl\u0259r t\u0259qdim edir.<\/p>\n<p>(Nahar fasil\u0259si \u2013 1 saat 40 d\u0259q)<\/p>\n<p>G\u00fcnorta sessiyas\u0131 (1 saat 40 d\u0259q) \u2013 14:30 \u2013 16:10<\/p>\n<p>M\u00f6vzu: \u00abM\u0259n\u0259vi uzun\u00f6m\u00fcrl\u00fcl\u00fck: daha xo\u015fb\u0259xt v\u0259 uzun ya\u015famaq \u00fc\u00e7\u00fcn m\u0259n\u0259vi \u015f\u00fcurun art\u0131r\u0131lmas\u0131\u00bb<\/p>\n<p>T\u0259svir: Xo\u015fb\u0259xt olmaq \u00fc\u00e7\u00fcn a\u00e7arlar\u0131 nec\u0259 \u0259ld\u0259 etm\u0259k olar: rahatlamaq v\u0259 b\u0259d\u0259ni q\u0259bul etm\u0259k, indiki an\u0131 ya\u015famaq, \u00f6z\u00fcn\u00fc d\u0259rk etm\u0259k; \u00d6z\u00fcn\u0259 d\u0259y\u0259r verm\u0259k, \u00f6z\u00fcn\u00fc sevm\u0259k, h\u0259yat\u0131, insanlar\u0131 v\u0259 d\u00fcnyan\u0131 q\u0259bul etm\u0259k; Azadl\u0131q, sevinc, minn\u0259tdarl\u0131q, sonsuzluq v\u0259 d\u00fcnyadak\u0131 h\u0259r \u015feyl\u0259 ba\u011fl\u0131l\u0131\u011f\u0131 hiss etm\u0259k. Sessiya \u00e7\u0259r\u00e7iv\u0259sind\u0259 q\u0131sa praktiki m\u0259\u015fql\u0259r i\u015ftirak\u00e7\u0131lara bu t\u0259cr\u00fcb\u0259ni daha canl\u0131 hiss etm\u0259y\u0259 imkan ver\u0259c\u0259k.<\/p>\n<p>M\u00f6vzu: \u00abM\u00fcsb\u0259t d\u00fc\u015f\u00fcnc\u0259 v\u0259 uzun\u00f6m\u00fcrl\u00fcl\u00fck: daha yax\u015f\u0131 v\u0259 uzun ya\u015famaq \u00fc\u00e7\u00fcn h\u0259yat bax\u0131\u015f\u0131n\u0131 nec\u0259 d\u0259yi\u015fm\u0259k olar\u00bb<\/p>\n<p>T\u0259svir: Bu sessiya uzun\u00f6m\u00fcrl\u00fc insanlar\u0131n pozitiv yana\u015fmalar\u0131 \u0259sas\u0131nda qurulub. Uzun\u00f6m\u00fcrl\u00fcl\u00fcy\u00fc t\u0259min ed\u0259n \u0259sas amill\u0259r: ya\u015flanman\u0131 q\u0259bul etm\u0259k, daxili g\u0259nclik hissi, ba\u015f ver\u0259n hadis\u0259l\u0259ri asanl\u0131qla q\u0259bul etm\u0259k, pozitiv emosiyalar, sosial m\u00fcnasib\u0259tl\u0259r, ail\u0259 v\u0259 icma il\u0259 s\u0131x \u0259laq\u0259, m\u0259n\u0259vi inam v\u0259 s. (50 d\u0259q praktiki t\u00f6vsiy\u0259l\u0259r v\u0259 elmi t\u0259dqiqatlara \u0259saslanan maraql\u0131 m\u0259lumatlar.)<\/p>\n<p>(30 d\u0259q fasil\u0259)<\/p>\n<p>Ax\u015fam sessiyas\u0131 (1 saat 40 d\u0259q + sual-cavab) \u2013 16:40 \u2013 18:30<\/p>\n<p>M\u00f6vzu: \u00abH\u0259yat t\u0259rzi v\u0259 uzun\u00f6m\u00fcrl\u00fcl\u00fck: sa\u011flam v\u0259 uzun ya\u015famaq \u00fc\u00e7\u00fcn v\u0259rdi\u015fl\u0259ri v\u0259 f\u0259aliyy\u0259tl\u0259ri nec\u0259 yax\u015f\u0131la\u015fd\u0131rmaq olar\u00bb<\/p>\n<p>T\u0259svir: Uzun\u00f6m\u00fcrl\u00fcl\u00fck \u00fc\u00e7\u00fcn optimal qidalanma prinsipl\u0259ri: iltihab\u0131n azald\u0131lmas\u0131, fasil\u0259li oruc, \u00f6mr\u00fc uzadan v\u0259 q\u0131saldan i\u00e7kil\u0259r v\u0259 qidalar, yem\u0259kl\u0259rin d\u00fczg\u00fcn vaxt\u0131, yax\u015f\u0131 \u00e7eyn\u0259m\u0259yin vacibliyi v\u0259 s. (1 saat elmi t\u0259dqiqatlara \u0259saslanan maraql\u0131 m\u0259lumat v\u0259 praktik t\u00f6vsiy\u0259l\u0259r.)<\/p>\n<p>M\u00f6vzu: \u00abQidalanma v\u0259 uzun\u00f6m\u00fcrl\u00fcl\u00fck: aktiv v\u0259 uzun ya\u015famaq \u00fc\u00e7\u00fcn n\u0259 i\u00e7m\u0259k v\u0259 yem\u0259k laz\u0131md\u0131r\u00bb<\/p>\n<p>T\u0259svir: Uzun\u00f6m\u00fcrl\u00fcl\u00fck \u00fc\u00e7\u00fcn optimal qidalanma prinsipl\u0259ri: iltihab\u0131n azald\u0131lmas\u0131, fasil\u0259li oruc, \u00f6mr\u00fc uzadan v\u0259 q\u0131saldan i\u00e7kil\u0259r v\u0259 qidalar, yem\u0259kl\u0259rin d\u00fczg\u00fcn vaxt\u0131, yax\u015f\u0131 \u00e7eyn\u0259m\u0259yin vacibliyi v\u0259 s. (1 saat elmi t\u0259dqiqatlara \u0259saslanan maraql\u0131 m\u0259lumat v\u0259 praktik t\u00f6vsiy\u0259l\u0259r.)<\/p>\n<p>Sual-Cavab Sessiyas\u0131 (Q&amp;A)<\/p>\n<p>&nbsp;<\/p>","protected":false},"excerpt":{"rendered":"<p>Join world-renowned hormone therapy expert Dr. Thierry Hertoghe for a comprehensive &#8230; <\/p>","protected":false},"featured_media":1837,"template":"","meta":[],"product_brand":[],"product_cat":[91],"product_tag":[],"class_list":{"0":"post-3136","1":"product","2":"type-product","3":"status-publish","4":"has-post-thumbnail","6":"product_cat-tickets","8":"first","9":"instock","10":"virtual","11":"purchasable","12":"product-type-simple"},"exclude_global_add_ons":[],"addons":[],"yoast_head":"<!-- This site is optimized with the Yoast SEO plugin v27.4 - https:\/\/yoast.com\/product\/yoast-seo-wordpress\/ -->\n<title>Workshop with Dr. Thierry Hertoghe: Keys to Longevity - Viva La Vida Longevity Camp<\/title>\n<meta name=\"robots\" content=\"index, follow, max-snippet:-1, max-image-preview:large, max-video-preview:-1\" \/>\n<link rel=\"canonical\" href=\"https:\/\/vivalavidalongevity.com\/az\/product\/workshop-by-dr-thierry-hertoghe\/\" \/>\n<meta property=\"og:locale\" content=\"az_AZ\" \/>\n<meta property=\"og:type\" content=\"article\" \/>\n<meta property=\"og:title\" content=\"Workshop with Dr. Thierry Hertoghe: Keys to Longevity - Viva La Vida Longevity Camp\" \/>\n<meta property=\"og:description\" content=\"Join world-renowned hormone therapy expert Dr. Thierry Hertoghe for a comprehensive ...\" \/>\n<meta property=\"og:url\" content=\"https:\/\/vivalavidalongevity.com\/az\/product\/workshop-by-dr-thierry-hertoghe\/\" \/>\n<meta property=\"og:site_name\" content=\"Viva La Vida Longevity Camp\" \/>\n<meta property=\"article:publisher\" content=\"https:\/\/www.facebook.com\/share\/1Arf4mR8d7\/?mibextid=kFxxJD\" \/>\n<meta property=\"article:modified_time\" content=\"2025-03-01T07:16:34+00:00\" \/>\n<meta property=\"og:image\" content=\"https:\/\/vivalavidalongevity.com\/wp-content\/uploads\/2024\/11\/RUS-Viva-La-Vida-Camp-2025-with-music.jpg\" \/>\n\t<meta property=\"og:image:width\" content=\"1890\" \/>\n\t<meta property=\"og:image:height\" content=\"1063\" \/>\n\t<meta property=\"og:image:type\" content=\"image\/jpeg\" \/>\n<meta name=\"twitter:card\" content=\"summary_large_image\" \/>\n<meta name=\"twitter:label1\" content=\"Est. reading time\" \/>\n\t<meta name=\"twitter:data1\" content=\"3 minutes\" \/>\n<script type=\"application\/ld+json\" class=\"yoast-schema-graph\">{\"@context\":\"https:\\\/\\\/schema.org\",\"@graph\":[{\"@type\":\"WebPage\",\"@id\":\"https:\\\/\\\/vivalavidalongevity.com\\\/product\\\/workshop-by-dr-thierry-hertoghe\\\/\",\"url\":\"https:\\\/\\\/vivalavidalongevity.com\\\/product\\\/workshop-by-dr-thierry-hertoghe\\\/\",\"name\":\"Workshop with Dr. Thierry Hertoghe: Keys to Longevity - Viva La Vida Longevity Camp\",\"isPartOf\":{\"@id\":\"https:\\\/\\\/vivalavidalongevity.com\\\/#website\"},\"primaryImageOfPage\":{\"@id\":\"https:\\\/\\\/vivalavidalongevity.com\\\/product\\\/workshop-by-dr-thierry-hertoghe\\\/#primaryimage\"},\"image\":{\"@id\":\"https:\\\/\\\/vivalavidalongevity.com\\\/product\\\/workshop-by-dr-thierry-hertoghe\\\/#primaryimage\"},\"thumbnailUrl\":\"https:\\\/\\\/vivalavidalongevity.com\\\/wp-content\\\/uploads\\\/2024\\\/11\\\/RUS-Viva-La-Vida-Camp-2025-with-music.jpg\",\"datePublished\":\"2024-12-25T15:33:03+00:00\",\"dateModified\":\"2025-03-01T07:16:34+00:00\",\"breadcrumb\":{\"@id\":\"https:\\\/\\\/vivalavidalongevity.com\\\/product\\\/workshop-by-dr-thierry-hertoghe\\\/#breadcrumb\"},\"inLanguage\":\"az\",\"potentialAction\":[{\"@type\":\"ReadAction\",\"target\":[\"https:\\\/\\\/vivalavidalongevity.com\\\/product\\\/workshop-by-dr-thierry-hertoghe\\\/\"]}]},{\"@type\":\"ImageObject\",\"inLanguage\":\"az\",\"@id\":\"https:\\\/\\\/vivalavidalongevity.com\\\/product\\\/workshop-by-dr-thierry-hertoghe\\\/#primaryimage\",\"url\":\"https:\\\/\\\/vivalavidalongevity.com\\\/wp-content\\\/uploads\\\/2024\\\/11\\\/RUS-Viva-La-Vida-Camp-2025-with-music.jpg\",\"contentUrl\":\"https:\\\/\\\/vivalavidalongevity.com\\\/wp-content\\\/uploads\\\/2024\\\/11\\\/RUS-Viva-La-Vida-Camp-2025-with-music.jpg\",\"width\":1890,\"height\":1063},{\"@type\":\"BreadcrumbList\",\"@id\":\"https:\\\/\\\/vivalavidalongevity.com\\\/product\\\/workshop-by-dr-thierry-hertoghe\\\/#breadcrumb\",\"itemListElement\":[{\"@type\":\"ListItem\",\"position\":1,\"name\":\"Home\",\"item\":\"https:\\\/\\\/vivalavidalongevity.com\\\/\"},{\"@type\":\"ListItem\",\"position\":2,\"name\":\"Shop\",\"item\":\"https:\\\/\\\/vivalavidalongevity.com\\\/shop\\\/\"},{\"@type\":\"ListItem\",\"position\":3,\"name\":\"Workshop with Dr. Thierry Hertoghe: Keys to Longevity\"}]},{\"@type\":\"WebSite\",\"@id\":\"https:\\\/\\\/vivalavidalongevity.com\\\/#website\",\"url\":\"https:\\\/\\\/vivalavidalongevity.com\\\/\",\"name\":\"Viva La Vida longevity\",\"description\":\"Revive your life with us!\",\"publisher\":{\"@id\":\"https:\\\/\\\/vivalavidalongevity.com\\\/#organization\"},\"potentialAction\":[{\"@type\":\"SearchAction\",\"target\":{\"@type\":\"EntryPoint\",\"urlTemplate\":\"https:\\\/\\\/vivalavidalongevity.com\\\/?s={search_term_string}\"},\"query-input\":{\"@type\":\"PropertyValueSpecification\",\"valueRequired\":true,\"valueName\":\"search_term_string\"}}],\"inLanguage\":\"az\"},{\"@type\":\"Organization\",\"@id\":\"https:\\\/\\\/vivalavidalongevity.com\\\/#organization\",\"name\":\"Viva La Vida longevity\",\"url\":\"https:\\\/\\\/vivalavidalongevity.com\\\/\",\"logo\":{\"@type\":\"ImageObject\",\"inLanguage\":\"az\",\"@id\":\"https:\\\/\\\/vivalavidalongevity.com\\\/#\\\/schema\\\/logo\\\/image\\\/\",\"url\":\"https:\\\/\\\/vivalavidalongevity.com\\\/wp-content\\\/uploads\\\/2025\\\/03\\\/VLV-1.jpg\",\"contentUrl\":\"https:\\\/\\\/vivalavidalongevity.com\\\/wp-content\\\/uploads\\\/2025\\\/03\\\/VLV-1.jpg\",\"width\":1890,\"height\":1063,\"caption\":\"Viva La Vida longevity\"},\"image\":{\"@id\":\"https:\\\/\\\/vivalavidalongevity.com\\\/#\\\/schema\\\/logo\\\/image\\\/\"},\"sameAs\":[\"https:\\\/\\\/www.facebook.com\\\/share\\\/1Arf4mR8d7\\\/?mibextid=kFxxJD\"]}]}<\/script>\n<!-- \/ Yoast SEO plugin. -->","yoast_head_json":{"title":"Workshop with Dr. Thierry Hertoghe: Keys to Longevity - Viva La Vida Longevity Camp","robots":{"index":"index","follow":"follow","max-snippet":"max-snippet:-1","max-image-preview":"max-image-preview:large","max-video-preview":"max-video-preview:-1"},"canonical":"https:\/\/vivalavidalongevity.com\/az\/product\/workshop-by-dr-thierry-hertoghe\/","og_locale":"az_AZ","og_type":"article","og_title":"Workshop with Dr. Thierry Hertoghe: Keys to Longevity - Viva La Vida Longevity Camp","og_description":"Join world-renowned hormone therapy expert Dr. Thierry Hertoghe for a comprehensive ...","og_url":"https:\/\/vivalavidalongevity.com\/az\/product\/workshop-by-dr-thierry-hertoghe\/","og_site_name":"Viva La Vida Longevity Camp","article_publisher":"https:\/\/www.facebook.com\/share\/1Arf4mR8d7\/?mibextid=kFxxJD","article_modified_time":"2025-03-01T07:16:34+00:00","og_image":[{"width":1890,"height":1063,"url":"https:\/\/vivalavidalongevity.com\/wp-content\/uploads\/2024\/11\/RUS-Viva-La-Vida-Camp-2025-with-music.jpg","type":"image\/jpeg"}],"twitter_card":"summary_large_image","twitter_misc":{"Est. reading time":"3 minutes"},"schema":{"@context":"https:\/\/schema.org","@graph":[{"@type":"WebPage","@id":"https:\/\/vivalavidalongevity.com\/product\/workshop-by-dr-thierry-hertoghe\/","url":"https:\/\/vivalavidalongevity.com\/product\/workshop-by-dr-thierry-hertoghe\/","name":"Workshop with Dr. Thierry Hertoghe: Keys to Longevity - Viva La Vida Longevity Camp","isPartOf":{"@id":"https:\/\/vivalavidalongevity.com\/#website"},"primaryImageOfPage":{"@id":"https:\/\/vivalavidalongevity.com\/product\/workshop-by-dr-thierry-hertoghe\/#primaryimage"},"image":{"@id":"https:\/\/vivalavidalongevity.com\/product\/workshop-by-dr-thierry-hertoghe\/#primaryimage"},"thumbnailUrl":"https:\/\/vivalavidalongevity.com\/wp-content\/uploads\/2024\/11\/RUS-Viva-La-Vida-Camp-2025-with-music.jpg","datePublished":"2024-12-25T15:33:03+00:00","dateModified":"2025-03-01T07:16:34+00:00","breadcrumb":{"@id":"https:\/\/vivalavidalongevity.com\/product\/workshop-by-dr-thierry-hertoghe\/#breadcrumb"},"inLanguage":"az","potentialAction":[{"@type":"ReadAction","target":["https:\/\/vivalavidalongevity.com\/product\/workshop-by-dr-thierry-hertoghe\/"]}]},{"@type":"ImageObject","inLanguage":"az","@id":"https:\/\/vivalavidalongevity.com\/product\/workshop-by-dr-thierry-hertoghe\/#primaryimage","url":"https:\/\/vivalavidalongevity.com\/wp-content\/uploads\/2024\/11\/RUS-Viva-La-Vida-Camp-2025-with-music.jpg","contentUrl":"https:\/\/vivalavidalongevity.com\/wp-content\/uploads\/2024\/11\/RUS-Viva-La-Vida-Camp-2025-with-music.jpg","width":1890,"height":1063},{"@type":"BreadcrumbList","@id":"https:\/\/vivalavidalongevity.com\/product\/workshop-by-dr-thierry-hertoghe\/#breadcrumb","itemListElement":[{"@type":"ListItem","position":1,"name":"Home","item":"https:\/\/vivalavidalongevity.com\/"},{"@type":"ListItem","position":2,"name":"Shop","item":"https:\/\/vivalavidalongevity.com\/shop\/"},{"@type":"ListItem","position":3,"name":"Workshop with Dr. Thierry Hertoghe: Keys to Longevity"}]},{"@type":"WebSite","@id":"https:\/\/vivalavidalongevity.com\/#website","url":"https:\/\/vivalavidalongevity.com\/","name":"Viva La Vida longevity","description":"H\u0259yat\u0131n\u0131z\u0131 yenid\u0259n canland\u0131r\u0131n!","publisher":{"@id":"https:\/\/vivalavidalongevity.com\/#organization"},"potentialAction":[{"@type":"SearchAction","target":{"@type":"EntryPoint","urlTemplate":"https:\/\/vivalavidalongevity.com\/?s={search_term_string}"},"query-input":{"@type":"PropertyValueSpecification","valueRequired":true,"valueName":"search_term_string"}}],"inLanguage":"az"},{"@type":"Organization","@id":"https:\/\/vivalavidalongevity.com\/#organization","name":"Viva La Vida longevity","url":"https:\/\/vivalavidalongevity.com\/","logo":{"@type":"ImageObject","inLanguage":"az","@id":"https:\/\/vivalavidalongevity.com\/#\/schema\/logo\/image\/","url":"https:\/\/vivalavidalongevity.com\/wp-content\/uploads\/2025\/03\/VLV-1.jpg","contentUrl":"https:\/\/vivalavidalongevity.com\/wp-content\/uploads\/2025\/03\/VLV-1.jpg","width":1890,"height":1063,"caption":"Viva La Vida longevity"},"image":{"@id":"https:\/\/vivalavidalongevity.com\/#\/schema\/logo\/image\/"},"sameAs":["https:\/\/www.facebook.com\/share\/1Arf4mR8d7\/?mibextid=kFxxJD"]}]}},"_links":{"self":[{"href":"https:\/\/vivalavidalongevity.com\/az\/wp-json\/wp\/v2\/product\/3136","targetHints":{"allow":["GET"]}}],"collection":[{"href":"https:\/\/vivalavidalongevity.com\/az\/wp-json\/wp\/v2\/product"}],"about":[{"href":"https:\/\/vivalavidalongevity.com\/az\/wp-json\/wp\/v2\/types\/product"}],"version-history":[{"count":0,"href":"https:\/\/vivalavidalongevity.com\/az\/wp-json\/wp\/v2\/product\/3136\/revisions"}],"wp:featuredmedia":[{"embeddable":true,"href":"https:\/\/vivalavidalongevity.com\/az\/wp-json\/wp\/v2\/media\/1837"}],"wp:attachment":[{"href":"https:\/\/vivalavidalongevity.com\/az\/wp-json\/wp\/v2\/media?parent=3136"}],"wp:term":[{"taxonomy":"product_brand","embeddable":true,"href":"https:\/\/vivalavidalongevity.com\/az\/wp-json\/wp\/v2\/product_brand?post=3136"},{"taxonomy":"product_cat","embeddable":true,"href":"https:\/\/vivalavidalongevity.com\/az\/wp-json\/wp\/v2\/product_cat?post=3136"},{"taxonomy":"product_tag","embeddable":true,"href":"https:\/\/vivalavidalongevity.com\/az\/wp-json\/wp\/v2\/product_tag?post=3136"}],"curies":[{"name":"wp","href":"https:\/\/api.w.org\/{rel}","templated":true}]}}