{"id":4435,"date":"2025-02-10T17:27:15","date_gmt":"2025-02-10T17:27:15","guid":{"rendered":"https:\/\/vivalavidalongevity.com\/?post_type=product&#038;p=4435"},"modified":"2025-03-01T07:16:29","modified_gmt":"2025-03-01T07:16:29","slug":"workshop-by-dr-gleb-kuzminov","status":"publish","type":"product","link":"https:\/\/vivalavidalongevity.com\/az\/product\/workshop-by-dr-gleb-kuzminov\/","title":{"rendered":"Dr. Gleb Kuzminov il\u0259 seminar: Uzun\u00f6m\u00fcrl\u00fcl\u00fck \u00fc\u00e7\u00fcn peptid terapiyas\u0131"},"content":{"rendered":"<div style=\"line-height: 2;\">\n<p style=\"text-align: center;\">VIVA LA VIDA LONGEVITY CAMP<\/p>\n<p style=\"text-align: center;\">21 iyun 2025<\/p>\n<p style=\"text-align: center;\">CaspiMayr Retreat Beach Resort, Sea Breeze, Bak\u0131, Az\u0259rbaycan<\/p>\n<\/div>\n<div style=\"line-height: 2; text-align: center;\"><span style=\"margin-top: 20px; display: inline-block;\"><strong>SEMINAR: PEPT\u0130D TERAP\u0130YASININ S\u0130RL\u018fR\u0130 \u2013 \u00d6MR\u00dcN UZADILMASI V\u018f SA\u011eLAMLI\u011eIN OPT\u0130MALLA\u015eDIRILMASI<\/strong><\/span><\/div>\n<div style=\"line-height: 2;\">\n<ol>\n<li><span style=\"margin-top: 20px; display: inline-block;\"><strong> \u015e\u0259k\u0259rli diabet, metabolik sindrom v\u0259 \u00e7\u0259ki n\u0259zar\u0259tind\u0259 peptidl\u0259r<\/strong><strong>\u00a0<\/strong><\/span><\/li>\n<\/ol>\n<ul>\n<li><span style=\"margin-top: 20px; display: inline-block;\">GLP-1 agonistl\u0259ri v\u0259 onlar\u0131n \u015f\u0259k\u0259r v\u0259 i\u015ftah\u0131n t\u0259nziml\u0259nm\u0259sin\u0259 t\u0259siri<\/span><\/li>\n<li><span style=\"margin-top: 20px; display: inline-block;\">GIP agonistl\u0259ri v\u0259 kombin\u0259 edilmi\u015f preparatlar<\/span><\/li>\n<li><span style=\"margin-top: 20px; display: inline-block;\">\u0130nsulin h\u0259ssasl\u0131\u011f\u0131n\u0131 v\u0259 ya\u011f m\u00fcbadil\u0259sini t\u0259nziml\u0259y\u0259n peptidl\u0259r<\/span><\/li>\n<li><span style=\"margin-top: 20px; display: inline-block;\">F\u0259sadlar\u0131n idar\u0259 edilm\u0259si v\u0259 optimal dozalama strategiyalar\u0131<\/span><\/li>\n<li><span style=\"margin-top: 20px; display: inline-block;\">GLP-1 qrupuna aid olmayan dig\u0259r peptidl\u0259r<\/span><\/li>\n<\/ul>\n<ol start=\"2\">\n<li><span style=\"margin-top: 20px; display: inline-block;\"><strong> Somatotrop oxuna (STH, GH, IGF-1) t\u0259sir ed\u0259n peptid preparatlar\u0131<\/strong><strong>\u00a0<\/strong><\/span><\/li>\n<\/ol>\n<ul>\n<li><span style=\"margin-top: 20px; display: inline-block;\">B\u00f6y\u00fcm\u0259 hormonu peptidl\u0259ri v\u0259 sekretagoqlar\u0131: CJC-1295, Ipamorelin, GHRP-2\/6<\/span><\/li>\n<li><span style=\"margin-top: 20px; display: inline-block;\">Kaxeksiya, astenik v\u0259 ya\u015fla ba\u011fl\u0131 sarkopeniyan\u0131n m\u00fcalic\u0259sind\u0259 t\u0259tbiqi<\/span><\/li>\n<li><span style=\"margin-top: 20px; display: inline-block;\">B\u0259d\u0259n t\u0259rbiy\u0259si v\u0259 intensiv fiziki y\u00fckl\u0259nm\u0259d\u0259n sonra b\u0259rpa prosesind\u0259 istifad\u0259si<\/span><\/li>\n<\/ul>\n<ol start=\"3\">\n<li><span style=\"margin-top: 20px; display: inline-block;\"><strong> Mitoxondrial peptidl\u0259r v\u0259 senolitikl\u0259r<\/strong><strong>\u00a0<\/strong><\/span><\/li>\n<\/ol>\n<ul>\n<li><span style=\"margin-top: 20px; display: inline-block;\">Humanin, MOTS-c, SS-31: Mitoxondrial funksiyan\u0131n b\u0259rpas\u0131<\/span><\/li>\n<li><span style=\"margin-top: 20px; display: inline-block;\">Mitoxondrial peptidl\u0259rin \u00f6mr\u00fcn uzad\u0131lmas\u0131nda v\u0259 ya\u015fa ba\u011fl\u0131 x\u0259st\u0259likl\u0259rl\u0259 m\u00fcbariz\u0259d\u0259 rolu<\/span><\/li>\n<li><span style=\"margin-top: 20px; display: inline-block;\">Senolitikl\u0259r v\u0259 onlar\u0131n \"qocalm\u0131\u015f\" h\u00fcceyr\u0259l\u0259rin aradan qald\u0131r\u0131lmas\u0131na v\u0259 iltihab\u0131n qar\u015f\u0131s\u0131n\u0131n al\u0131nmas\u0131na t\u0259siri<\/span><\/li>\n<\/ul>\n<ol start=\"4\">\n<li><span style=\"margin-top: 20px; display: inline-block;\"><strong> Toxuma sa\u011falmas\u0131 \u00fc\u00e7\u00fcn peptid preparatlar\u0131<\/strong><strong>\u00a0<\/strong><\/span><\/li>\n<\/ol>\n<ul>\n<li><span style=\"margin-top: 20px; display: inline-block;\">TB-500 (Timozin Beta-4), BPC-157: Sa\u011falma mexanizml\u0259ri<\/span><\/li>\n<li><span style=\"margin-top: 20px; display: inline-block;\">Travmalardan sonra b\u0259rpa, yara sa\u011falmas\u0131 v\u0259 oynaq d\u0259st\u0259yi<\/span><\/li>\n<li><span style=\"margin-top: 20px; display: inline-block;\">\u0130dman t\u0259bab\u0259tind\u0259 v\u0259 xroniki m\u0259d\u0259-ba\u011f\u0131rsaq x\u0259st\u0259likl\u0259rinin (m\u0259s\u0259l\u0259n, Kron x\u0259st\u0259liyi) m\u00fcalic\u0259sind\u0259 istifad\u0259si<\/span><\/li>\n<\/ul>\n<ol start=\"5\">\n<li><span style=\"margin-top: 20px; display: inline-block;\"><strong> \u00dclserativ kolit, Kron x\u0259st\u0259liyi v\u0259 \u0130BS zaman\u0131 ba\u011f\u0131rsa\u011f\u0131n sa\u011falmas\u0131 \u00fc\u00e7\u00fcn peptidl\u0259r<\/strong><strong>\u00a0<\/strong><\/span><\/li>\n<\/ol>\n<ul>\n<li><span style=\"margin-top: 20px; display: inline-block;\">BPC-157, LL-37 v\u0259 dig\u0259r peptidl\u0259rin ba\u011f\u0131rsaq selikli qi\u015fas\u0131n\u0131n b\u0259rpas\u0131na t\u0259siri<\/span><\/li>\n<li><span style=\"margin-top: 20px; display: inline-block;\">Peptidl\u0259rin ba\u011f\u0131rsaq mikrobiomunun t\u0259nziml\u0259nm\u0259sind\u0259 rolu<\/span><\/li>\n<li><span style=\"margin-top: 20px; display: inline-block;\">Klinik t\u0259dqiqatlar v\u0259 g\u0259l\u0259c\u0259k m\u00fcalic\u0259 perspektivl\u0259ri<\/span><\/li>\n<\/ul>\n<ol start=\"6\">\n<li><span style=\"margin-top: 20px; display: inline-block;\"><strong> Antimikrob peptidl\u0259r (viruslar, bakteriyalar, g\u00f6b\u0259l\u0259kl\u0259r)<\/strong><strong>\u00a0<\/strong><\/span><\/li>\n<\/ol>\n<ul>\n<li><span style=\"margin-top: 20px; display: inline-block;\">Katelisidinl\u0259r, defensinl\u0259r, LL-37 v\u0259 onlar\u0131n antimikrob m\u00fcdafi\u0259d\u0259 rolu<\/span><\/li>\n<li><span style=\"margin-top: 20px; display: inline-block;\">Rezistent bakterial infeksiyalara qar\u015f\u0131 peptidl\u0259rin istifad\u0259si<\/span><\/li>\n<li><span style=\"margin-top: 20px; display: inline-block;\">Peptidl\u0259rin antiviral terapiyada ara\u015fd\u0131r\u0131lmas\u0131<\/span><\/li>\n<\/ul>\n<ol start=\"7\">\n<li><span style=\"margin-top: 20px; display: inline-block;\"><strong> Peptid immunomodulyatorlar\u0131<\/strong><strong>\u00a0<\/strong><\/span><\/li>\n<\/ol>\n<ul>\n<li><span style=\"margin-top: 20px; display: inline-block;\">Timozin Alfa-1, Timopoetin, Selank v\u0259 onlar\u0131n immun cavab\u0131n t\u0259nziml\u0259nm\u0259sind\u0259 rolu<\/span><\/li>\n<li><span style=\"margin-top: 20px; display: inline-block;\">\u0130nfeksiyalardan, autoimmun x\u0259st\u0259likl\u0259rd\u0259n sonra b\u0259rpa \u00fc\u00e7\u00fcn peptidl\u0259r<\/span><\/li>\n<li><span style=\"margin-top: 20px; display: inline-block;\">\u0130ltihabi prosesl\u0259r\u0259 v\u0259 immun modulyasiyaya t\u0259sirl\u0259ri<\/span><\/li>\n<\/ul>\n<ol start=\"8\">\n<li><span style=\"margin-top: 20px; display: inline-block;\"><strong> Melatonin sintezini v\u0259 yuxu keyfiyy\u0259tini yax\u015f\u0131la\u015fd\u0131ran peptidl\u0259r<\/strong><strong>\u00a0<\/strong><\/span><\/li>\n<\/ol>\n<ul>\n<li><span style=\"margin-top: 20px; display: inline-block;\">DSIP, Selank v\u0259 dig\u0259r peptidl\u0259rin sirkadiyal\u0131 ritml\u0259ri nec\u0259 t\u0259nziml\u0259m\u0259si<\/span><\/li>\n<li><span style=\"margin-top: 20px; display: inline-block;\">D\u0259rin yuxu v\u0259 beyinin b\u0259rpa prosesl\u0259rin\u0259 t\u0259siri<\/span><\/li>\n<li><span style=\"margin-top: 20px; display: inline-block;\">Antiqocalma terapiyas\u0131nda v\u0259 nevrodegenerasiya qar\u015f\u0131s\u0131n\u0131n al\u0131nmas\u0131nda potensial\u0131<\/span><\/li>\n<\/ul>\n<ol start=\"9\">\n<li><span style=\"margin-top: 20px; display: inline-block;\"><strong> Qonadotrop oxuna t\u0259sir ed\u0259n peptidl\u0259r<\/strong><strong>\u00a0<\/strong><\/span><\/li>\n<\/ol>\n<ul>\n<li><span style=\"margin-top: 20px; display: inline-block;\">Birincili v\u0259 ikincili hipogonadizmd\u0259 t\u0259tbiqi<\/span><\/li>\n<li><span style=\"margin-top: 20px; display: inline-block;\">Ya\u015fa ba\u011fl\u0131 libido v\u0259 testosteron azalmas\u0131na t\u0259siri<\/span><\/li>\n<li><span style=\"margin-top: 20px; display: inline-block;\">Peptidl\u0259r \u0259n\u0259n\u0259vi hormonal terapiyaya alternativ kimi<\/span><\/li>\n<\/ul>\n<ol start=\"10\">\n<li><span style=\"margin-top: 20px; display: inline-block;\"><strong> Vitiliqo m\u00fcalic\u0259si, g\u00fcn\u0259\u015f\u0259 qar\u015f\u0131 h\u0259ssasl\u0131q v\u0259 d\u0259ri tonunun t\u0259nziml\u0259nm\u0259si \u00fc\u00e7\u00fcn peptidl\u0259r<\/strong><strong>\u00a0<\/strong><\/span><\/li>\n<\/ol>\n<ul>\n<li><span style=\"margin-top: 20px; display: inline-block;\">Alfa-MSH agonistl\u0259ri: Melanotan-2, Afamelanotid<\/span><\/li>\n<li><span style=\"margin-top: 20px; display: inline-block;\">Peptid terapiyas\u0131n\u0131n piqmentasiyan\u0131n t\u0259nziml\u0259nm\u0259sind\u0259 potensial\u0131<\/span><\/li>\n<li><span style=\"margin-top: 20px; display: inline-block;\">Vitiliqo v\u0259 dermatoloji x\u0259st\u0259likl\u0259rin m\u00fcalic\u0259sind\u0259 klinik ara\u015fd\u0131rmalar<\/span><\/li>\n<\/ul>\n<ol start=\"11\">\n<li><span style=\"margin-top: 20px; display: inline-block;\"><strong> Onkologiyada peptidl\u0259r: Perspektivl\u0259r v\u0259 t\u0259sir mexanizml\u0259ri<\/strong><strong>\u00a0<\/strong><\/span><\/li>\n<\/ol>\n<\/div>\n<ul>\n<li>\n<div style=\"line-height: 2;\"><span style=\"margin-top: 20px; display: inline-block;\">Angiogenez inhibitorlar\u0131 v\u0259 \u015fi\u015f b\u00f6y\u00fcm\u0259sini azaldan peptidl\u0259r<\/span><\/div>\n<\/li>\n<li>\n<div style=\"line-height: 2;\"><span style=\"margin-top: 20px; display: inline-block;\">\u0130mmunostimulyator peptidl\u0259r v\u0259 onlar\u0131n x\u0259r\u00e7\u0259ngl\u0259 m\u00fcbariz\u0259d\u0259 rolu<\/span><\/div>\n<\/li>\n<\/ul>","protected":false},"excerpt":{"rendered":"<div class=\"elementor-price-table__feature-inner\">Explore the science of peptides and their role in cell &#8230; <\/p>","protected":false},"featured_media":1837,"template":"","meta":[],"product_brand":[],"product_cat":[91],"product_tag":[],"class_list":{"0":"post-4435","1":"product","2":"type-product","3":"status-publish","4":"has-post-thumbnail","6":"product_cat-tickets","8":"first","9":"instock","10":"virtual","11":"purchasable","12":"product-type-simple"},"exclude_global_add_ons":[],"addons":[],"yoast_head":"<!-- This site is optimized with the Yoast SEO plugin v27.4 - https:\/\/yoast.com\/product\/yoast-seo-wordpress\/ -->\n<title>Workshop with Dr. Gleb Kuzminov: Peptide therapy for longevity - Viva La Vida Longevity Camp<\/title>\n<meta name=\"robots\" content=\"index, follow, max-snippet:-1, max-image-preview:large, max-video-preview:-1\" \/>\n<link rel=\"canonical\" href=\"https:\/\/vivalavidalongevity.com\/az\/product\/workshop-by-dr-gleb-kuzminov\/\" \/>\n<meta property=\"og:locale\" content=\"az_AZ\" \/>\n<meta property=\"og:type\" content=\"article\" \/>\n<meta property=\"og:title\" content=\"Workshop with Dr. Gleb Kuzminov: Peptide therapy for longevity - Viva La Vida Longevity Camp\" \/>\n<meta property=\"og:description\" content=\"Explore the science of peptides and their role in cell ...\" \/>\n<meta property=\"og:url\" content=\"https:\/\/vivalavidalongevity.com\/az\/product\/workshop-by-dr-gleb-kuzminov\/\" \/>\n<meta property=\"og:site_name\" content=\"Viva La Vida Longevity Camp\" \/>\n<meta property=\"article:publisher\" content=\"https:\/\/www.facebook.com\/share\/1Arf4mR8d7\/?mibextid=kFxxJD\" \/>\n<meta property=\"article:modified_time\" content=\"2025-03-01T07:16:29+00:00\" \/>\n<meta property=\"og:image\" content=\"https:\/\/vivalavidalongevity.com\/wp-content\/uploads\/2024\/11\/RUS-Viva-La-Vida-Camp-2025-with-music.jpg\" \/>\n\t<meta property=\"og:image:width\" content=\"1890\" \/>\n\t<meta property=\"og:image:height\" content=\"1063\" \/>\n\t<meta property=\"og:image:type\" content=\"image\/jpeg\" \/>\n<meta name=\"twitter:card\" content=\"summary_large_image\" \/>\n<meta name=\"twitter:label1\" content=\"Est. reading time\" \/>\n\t<meta name=\"twitter:data1\" content=\"2 minutes\" \/>\n<script type=\"application\/ld+json\" class=\"yoast-schema-graph\">{\"@context\":\"https:\\\/\\\/schema.org\",\"@graph\":[{\"@type\":\"WebPage\",\"@id\":\"https:\\\/\\\/vivalavidalongevity.com\\\/product\\\/workshop-by-dr-gleb-kuzminov\\\/\",\"url\":\"https:\\\/\\\/vivalavidalongevity.com\\\/product\\\/workshop-by-dr-gleb-kuzminov\\\/\",\"name\":\"Workshop with Dr. Gleb Kuzminov: Peptide therapy for longevity - Viva La Vida Longevity Camp\",\"isPartOf\":{\"@id\":\"https:\\\/\\\/vivalavidalongevity.com\\\/#website\"},\"primaryImageOfPage\":{\"@id\":\"https:\\\/\\\/vivalavidalongevity.com\\\/product\\\/workshop-by-dr-gleb-kuzminov\\\/#primaryimage\"},\"image\":{\"@id\":\"https:\\\/\\\/vivalavidalongevity.com\\\/product\\\/workshop-by-dr-gleb-kuzminov\\\/#primaryimage\"},\"thumbnailUrl\":\"https:\\\/\\\/vivalavidalongevity.com\\\/wp-content\\\/uploads\\\/2024\\\/11\\\/RUS-Viva-La-Vida-Camp-2025-with-music.jpg\",\"datePublished\":\"2025-02-10T17:27:15+00:00\",\"dateModified\":\"2025-03-01T07:16:29+00:00\",\"breadcrumb\":{\"@id\":\"https:\\\/\\\/vivalavidalongevity.com\\\/product\\\/workshop-by-dr-gleb-kuzminov\\\/#breadcrumb\"},\"inLanguage\":\"az\",\"potentialAction\":[{\"@type\":\"ReadAction\",\"target\":[\"https:\\\/\\\/vivalavidalongevity.com\\\/product\\\/workshop-by-dr-gleb-kuzminov\\\/\"]}]},{\"@type\":\"ImageObject\",\"inLanguage\":\"az\",\"@id\":\"https:\\\/\\\/vivalavidalongevity.com\\\/product\\\/workshop-by-dr-gleb-kuzminov\\\/#primaryimage\",\"url\":\"https:\\\/\\\/vivalavidalongevity.com\\\/wp-content\\\/uploads\\\/2024\\\/11\\\/RUS-Viva-La-Vida-Camp-2025-with-music.jpg\",\"contentUrl\":\"https:\\\/\\\/vivalavidalongevity.com\\\/wp-content\\\/uploads\\\/2024\\\/11\\\/RUS-Viva-La-Vida-Camp-2025-with-music.jpg\",\"width\":1890,\"height\":1063},{\"@type\":\"BreadcrumbList\",\"@id\":\"https:\\\/\\\/vivalavidalongevity.com\\\/product\\\/workshop-by-dr-gleb-kuzminov\\\/#breadcrumb\",\"itemListElement\":[{\"@type\":\"ListItem\",\"position\":1,\"name\":\"Home\",\"item\":\"https:\\\/\\\/vivalavidalongevity.com\\\/\"},{\"@type\":\"ListItem\",\"position\":2,\"name\":\"Shop\",\"item\":\"https:\\\/\\\/vivalavidalongevity.com\\\/shop\\\/\"},{\"@type\":\"ListItem\",\"position\":3,\"name\":\"Workshop with Dr. Gleb Kuzminov: Peptide therapy for longevity\"}]},{\"@type\":\"WebSite\",\"@id\":\"https:\\\/\\\/vivalavidalongevity.com\\\/#website\",\"url\":\"https:\\\/\\\/vivalavidalongevity.com\\\/\",\"name\":\"Viva La Vida longevity\",\"description\":\"Revive your life with us!\",\"publisher\":{\"@id\":\"https:\\\/\\\/vivalavidalongevity.com\\\/#organization\"},\"potentialAction\":[{\"@type\":\"SearchAction\",\"target\":{\"@type\":\"EntryPoint\",\"urlTemplate\":\"https:\\\/\\\/vivalavidalongevity.com\\\/?s={search_term_string}\"},\"query-input\":{\"@type\":\"PropertyValueSpecification\",\"valueRequired\":true,\"valueName\":\"search_term_string\"}}],\"inLanguage\":\"az\"},{\"@type\":\"Organization\",\"@id\":\"https:\\\/\\\/vivalavidalongevity.com\\\/#organization\",\"name\":\"Viva La Vida longevity\",\"url\":\"https:\\\/\\\/vivalavidalongevity.com\\\/\",\"logo\":{\"@type\":\"ImageObject\",\"inLanguage\":\"az\",\"@id\":\"https:\\\/\\\/vivalavidalongevity.com\\\/#\\\/schema\\\/logo\\\/image\\\/\",\"url\":\"https:\\\/\\\/vivalavidalongevity.com\\\/wp-content\\\/uploads\\\/2025\\\/03\\\/VLV-1.jpg\",\"contentUrl\":\"https:\\\/\\\/vivalavidalongevity.com\\\/wp-content\\\/uploads\\\/2025\\\/03\\\/VLV-1.jpg\",\"width\":1890,\"height\":1063,\"caption\":\"Viva La Vida longevity\"},\"image\":{\"@id\":\"https:\\\/\\\/vivalavidalongevity.com\\\/#\\\/schema\\\/logo\\\/image\\\/\"},\"sameAs\":[\"https:\\\/\\\/www.facebook.com\\\/share\\\/1Arf4mR8d7\\\/?mibextid=kFxxJD\"]}]}<\/script>\n<!-- \/ Yoast SEO plugin. -->","yoast_head_json":{"title":"Workshop with Dr. Gleb Kuzminov: Peptide therapy for longevity - Viva La Vida Longevity Camp","robots":{"index":"index","follow":"follow","max-snippet":"max-snippet:-1","max-image-preview":"max-image-preview:large","max-video-preview":"max-video-preview:-1"},"canonical":"https:\/\/vivalavidalongevity.com\/az\/product\/workshop-by-dr-gleb-kuzminov\/","og_locale":"az_AZ","og_type":"article","og_title":"Workshop with Dr. Gleb Kuzminov: Peptide therapy for longevity - Viva La Vida Longevity Camp","og_description":"Explore the science of peptides and their role in cell ...","og_url":"https:\/\/vivalavidalongevity.com\/az\/product\/workshop-by-dr-gleb-kuzminov\/","og_site_name":"Viva La Vida Longevity Camp","article_publisher":"https:\/\/www.facebook.com\/share\/1Arf4mR8d7\/?mibextid=kFxxJD","article_modified_time":"2025-03-01T07:16:29+00:00","og_image":[{"width":1890,"height":1063,"url":"https:\/\/vivalavidalongevity.com\/wp-content\/uploads\/2024\/11\/RUS-Viva-La-Vida-Camp-2025-with-music.jpg","type":"image\/jpeg"}],"twitter_card":"summary_large_image","twitter_misc":{"Est. reading time":"2 minutes"},"schema":{"@context":"https:\/\/schema.org","@graph":[{"@type":"WebPage","@id":"https:\/\/vivalavidalongevity.com\/product\/workshop-by-dr-gleb-kuzminov\/","url":"https:\/\/vivalavidalongevity.com\/product\/workshop-by-dr-gleb-kuzminov\/","name":"Workshop with Dr. Gleb Kuzminov: Peptide therapy for longevity - Viva La Vida Longevity Camp","isPartOf":{"@id":"https:\/\/vivalavidalongevity.com\/#website"},"primaryImageOfPage":{"@id":"https:\/\/vivalavidalongevity.com\/product\/workshop-by-dr-gleb-kuzminov\/#primaryimage"},"image":{"@id":"https:\/\/vivalavidalongevity.com\/product\/workshop-by-dr-gleb-kuzminov\/#primaryimage"},"thumbnailUrl":"https:\/\/vivalavidalongevity.com\/wp-content\/uploads\/2024\/11\/RUS-Viva-La-Vida-Camp-2025-with-music.jpg","datePublished":"2025-02-10T17:27:15+00:00","dateModified":"2025-03-01T07:16:29+00:00","breadcrumb":{"@id":"https:\/\/vivalavidalongevity.com\/product\/workshop-by-dr-gleb-kuzminov\/#breadcrumb"},"inLanguage":"az","potentialAction":[{"@type":"ReadAction","target":["https:\/\/vivalavidalongevity.com\/product\/workshop-by-dr-gleb-kuzminov\/"]}]},{"@type":"ImageObject","inLanguage":"az","@id":"https:\/\/vivalavidalongevity.com\/product\/workshop-by-dr-gleb-kuzminov\/#primaryimage","url":"https:\/\/vivalavidalongevity.com\/wp-content\/uploads\/2024\/11\/RUS-Viva-La-Vida-Camp-2025-with-music.jpg","contentUrl":"https:\/\/vivalavidalongevity.com\/wp-content\/uploads\/2024\/11\/RUS-Viva-La-Vida-Camp-2025-with-music.jpg","width":1890,"height":1063},{"@type":"BreadcrumbList","@id":"https:\/\/vivalavidalongevity.com\/product\/workshop-by-dr-gleb-kuzminov\/#breadcrumb","itemListElement":[{"@type":"ListItem","position":1,"name":"Home","item":"https:\/\/vivalavidalongevity.com\/"},{"@type":"ListItem","position":2,"name":"Shop","item":"https:\/\/vivalavidalongevity.com\/shop\/"},{"@type":"ListItem","position":3,"name":"Workshop with Dr. Gleb Kuzminov: Peptide therapy for longevity"}]},{"@type":"WebSite","@id":"https:\/\/vivalavidalongevity.com\/#website","url":"https:\/\/vivalavidalongevity.com\/","name":"Viva La Vida longevity","description":"H\u0259yat\u0131n\u0131z\u0131 yenid\u0259n canland\u0131r\u0131n!","publisher":{"@id":"https:\/\/vivalavidalongevity.com\/#organization"},"potentialAction":[{"@type":"SearchAction","target":{"@type":"EntryPoint","urlTemplate":"https:\/\/vivalavidalongevity.com\/?s={search_term_string}"},"query-input":{"@type":"PropertyValueSpecification","valueRequired":true,"valueName":"search_term_string"}}],"inLanguage":"az"},{"@type":"Organization","@id":"https:\/\/vivalavidalongevity.com\/#organization","name":"Viva La Vida longevity","url":"https:\/\/vivalavidalongevity.com\/","logo":{"@type":"ImageObject","inLanguage":"az","@id":"https:\/\/vivalavidalongevity.com\/#\/schema\/logo\/image\/","url":"https:\/\/vivalavidalongevity.com\/wp-content\/uploads\/2025\/03\/VLV-1.jpg","contentUrl":"https:\/\/vivalavidalongevity.com\/wp-content\/uploads\/2025\/03\/VLV-1.jpg","width":1890,"height":1063,"caption":"Viva La Vida longevity"},"image":{"@id":"https:\/\/vivalavidalongevity.com\/#\/schema\/logo\/image\/"},"sameAs":["https:\/\/www.facebook.com\/share\/1Arf4mR8d7\/?mibextid=kFxxJD"]}]}},"_links":{"self":[{"href":"https:\/\/vivalavidalongevity.com\/az\/wp-json\/wp\/v2\/product\/4435","targetHints":{"allow":["GET"]}}],"collection":[{"href":"https:\/\/vivalavidalongevity.com\/az\/wp-json\/wp\/v2\/product"}],"about":[{"href":"https:\/\/vivalavidalongevity.com\/az\/wp-json\/wp\/v2\/types\/product"}],"version-history":[{"count":0,"href":"https:\/\/vivalavidalongevity.com\/az\/wp-json\/wp\/v2\/product\/4435\/revisions"}],"wp:featuredmedia":[{"embeddable":true,"href":"https:\/\/vivalavidalongevity.com\/az\/wp-json\/wp\/v2\/media\/1837"}],"wp:attachment":[{"href":"https:\/\/vivalavidalongevity.com\/az\/wp-json\/wp\/v2\/media?parent=4435"}],"wp:term":[{"taxonomy":"product_brand","embeddable":true,"href":"https:\/\/vivalavidalongevity.com\/az\/wp-json\/wp\/v2\/product_brand?post=4435"},{"taxonomy":"product_cat","embeddable":true,"href":"https:\/\/vivalavidalongevity.com\/az\/wp-json\/wp\/v2\/product_cat?post=4435"},{"taxonomy":"product_tag","embeddable":true,"href":"https:\/\/vivalavidalongevity.com\/az\/wp-json\/wp\/v2\/product_tag?post=4435"}],"curies":[{"name":"wp","href":"https:\/\/api.w.org\/{rel}","templated":true}]}}